{"id":890,"date":"2018-10-30T11:03:37","date_gmt":"2018-10-30T14:03:37","guid":{"rendered":"http:\/\/www.alelu.com.br\/?page_id=890"},"modified":"2023-07-17T15:02:53","modified_gmt":"2023-07-17T18:02:53","slug":"cursos-turmas","status":"publish","type":"page","link":"https:\/\/www.alelu.com.br\/en\/cursos-turmas\/","title":{"rendered":""},"content":{"rendered":"<h1><span style=\"color: #f18d00;\"><img data-recalc-dims=\"1\" loading=\"lazy\" decoding=\"async\" data-attachment-id=\"3842\" data-permalink=\"https:\/\/www.alelu.com.br\/en\/principal\/alelucursos\/\" data-orig-file=\"https:\/\/i0.wp.com\/www.alelu.com.br\/wp-content\/uploads\/2020\/08\/AleluCursos.png?fit=291%2C291&amp;ssl=1\" data-orig-size=\"291,291\" data-comments-opened=\"0\" data-image-meta=\"{&quot;aperture&quot;:&quot;0&quot;,&quot;credit&quot;:&quot;&quot;,&quot;camera&quot;:&quot;&quot;,&quot;caption&quot;:&quot;&quot;,&quot;created_timestamp&quot;:&quot;0&quot;,&quot;copyright&quot;:&quot;&quot;,&quot;focal_length&quot;:&quot;0&quot;,&quot;iso&quot;:&quot;0&quot;,&quot;shutter_speed&quot;:&quot;0&quot;,&quot;title&quot;:&quot;&quot;,&quot;orientation&quot;:&quot;0&quot;}\" data-image-title=\"AleluCursos\" data-image-description=\"\" data-image-caption=\"\" data-medium-file=\"https:\/\/i0.wp.com\/www.alelu.com.br\/wp-content\/uploads\/2020\/08\/AleluCursos.png?fit=291%2C291&amp;ssl=1\" data-large-file=\"https:\/\/i0.wp.com\/www.alelu.com.br\/wp-content\/uploads\/2020\/08\/AleluCursos.png?fit=291%2C291&amp;ssl=1\" class=\"size-full wp-image-3842 alignnone\" src=\"https:\/\/i0.wp.com\/www.alelu.com.br\/wp-content\/uploads\/2020\/08\/AleluCursos.png?resize=291%2C291\" alt=\"\" width=\"291\" height=\"291\" srcset=\"https:\/\/i0.wp.com\/www.alelu.com.br\/wp-content\/uploads\/2020\/08\/AleluCursos.png?w=291&amp;ssl=1 291w, https:\/\/i0.wp.com\/www.alelu.com.br\/wp-content\/uploads\/2020\/08\/AleluCursos.png?resize=150%2C150&amp;ssl=1 150w, https:\/\/i0.wp.com\/www.alelu.com.br\/wp-content\/uploads\/2020\/08\/AleluCursos.png?resize=180%2C180&amp;ssl=1 180w, https:\/\/i0.wp.com\/www.alelu.com.br\/wp-content\/uploads\/2020\/08\/AleluCursos.png?resize=100%2C100&amp;ssl=1 100w\" sizes=\"auto, (max-width: 291px) 100vw, 291px\" \/><\/span><\/h1>\n<h1><span style=\"color: #f18d00;\">Rela\u00e7\u00e3o de cursos dispon\u00edveis:<\/span><\/h1>\n<ul>\n<li>Adestramento positivo: <a href=\"https:\/\/www.alelu.com.br\/ws-adestramento\/\">clique aqui<\/a><\/li>\n<li>Agressividade e reatividade canina: <a href=\"https:\/\/www.alelu.com.br\/ws-reatividade\/\">clique aqui<\/a><\/li>\n<li>Aprenda a passear com seu c\u00e3o: <a href=\"https:\/\/www.alelu.com.br\/ws-passeio\/\">clique aqui<\/a><\/li>\n<li>Aprenda a educar seu c\u00e3o: <a href=\"https:\/\/www.alelu.com.br\/ws-comportamento\/\">clique aqui<\/a><\/li>\n<li>Socializa\u00e7\u00e3o canina: <a href=\"https:\/\/www.alelu.com.br\/ws-socializacao\/\">clique aqui<\/a><\/li>\n<\/ul>\n<hr \/>\n<h2><span style=\"color: #f18d00;\">Precisa de ajuda?<\/span><\/h2>\n<p>Envie-nos uma mensagem pelo Whatsapp: <span style=\"color: #f18d00;\">(19) 9 9214-2887 ou (19) 9 9635-4524<\/span><\/p>","protected":false},"excerpt":{"rendered":"<p>Rela\u00e7\u00e3o de cursos dispon\u00edveis: Adestramento positivo: clique aqui Agressividade e reatividade canina: clique aqui Aprenda a passear com seu c\u00e3o: clique aqui Aprenda a educar seu c\u00e3o: clique aqui Socializa\u00e7\u00e3o canina: clique aqui Precisa de ajuda? Envie-nos uma mensagem pelo Whatsapp: (19) 9 9214-2887 ou (19) 9 9635-4524<\/p>","protected":false},"author":1,"featured_media":0,"parent":0,"menu_order":0,"comment_status":"closed","ping_status":"closed","template":"","meta":{"_eb_attr":"","footnotes":""},"tags":[],"class_list":["post-890","page","type-page","status-publish","hentry","without-featured-image"],"jetpack_sharing_enabled":true,"jetpack_shortlink":"https:\/\/wp.me\/Pa0xBY-em","_links":{"self":[{"href":"https:\/\/www.alelu.com.br\/en\/wp-json\/wp\/v2\/pages\/890","targetHints":{"allow":["GET"]}}],"collection":[{"href":"https:\/\/www.alelu.com.br\/en\/wp-json\/wp\/v2\/pages"}],"about":[{"href":"https:\/\/www.alelu.com.br\/en\/wp-json\/wp\/v2\/types\/page"}],"author":[{"embeddable":true,"href":"https:\/\/www.alelu.com.br\/en\/wp-json\/wp\/v2\/users\/1"}],"replies":[{"embeddable":true,"href":"https:\/\/www.alelu.com.br\/en\/wp-json\/wp\/v2\/comments?post=890"}],"version-history":[{"count":28,"href":"https:\/\/www.alelu.com.br\/en\/wp-json\/wp\/v2\/pages\/890\/revisions"}],"predecessor-version":[{"id":4074,"href":"https:\/\/www.alelu.com.br\/en\/wp-json\/wp\/v2\/pages\/890\/revisions\/4074"}],"wp:attachment":[{"href":"https:\/\/www.alelu.com.br\/en\/wp-json\/wp\/v2\/media?parent=890"}],"wp:term":[{"taxonomy":"post_tag","embeddable":true,"href":"https:\/\/www.alelu.com.br\/en\/wp-json\/wp\/v2\/tags?post=890"}],"curies":[{"name":"wp","href":"https:\/\/api.w.org\/{rel}","templated":true}]}}