{"id":832,"date":"2018-10-23T16:47:10","date_gmt":"2018-10-23T18:47:10","guid":{"rendered":"http:\/\/www.alelu.com.br\/?page_id=832"},"modified":"2023-07-17T15:02:41","modified_gmt":"2023-07-17T18:02:41","slug":"servicos","status":"publish","type":"page","link":"https:\/\/www.alelu.com.br\/en\/servicos\/","title":{"rendered":""},"content":{"rendered":"<h1><span style=\"color: #f19700;\"><b>Servi\u00e7os oferecidos:<\/b><\/span><\/h1>\n<ul>\n<li>Alelu On-line: <a href=\"https:\/\/www.alelu.com.br\/alelu-online\/\">clique aqui<\/a><\/li>\n<li>Adestramento e terapia comportamental: <a href=\"https:\/\/www.alelu.com.br\/adestramento\/\">clique aqui<\/a><\/li>\n<li>Consultoria comportamental: <a href=\"https:\/\/www.alelu.com.br\/consultoria\/\">clique aqui<\/a><\/li>\n<li>Consultoria preventiva: <a href=\"https:\/\/www.alelu.com.br\/preventiva\/\">clique aqui<\/a><\/li>\n<li>Reabilita\u00e7\u00e3o de c\u00e3es: <a href=\"https:\/\/www.alelu.com.br\/reabilitacao\/\">clique aqui<\/a><\/li>\n<li>Ensaio fotogr\u00e1fico Pet: <a href=\"https:\/\/www.alelu.com.br\/ensaio-pet\/\">clique aqui<\/a><\/li>\n<\/ul>\n<hr \/>\n<h2><span style=\"color: #f18d00;\">Precisa de ajuda?<\/span><\/h2>\n<p>Envie-nos uma mensagem pelo Whatsapp: <span style=\"color: #f18d00;\">(19) 9 9214-2887 ou (19) 9 9635-4524<\/span><\/p>\n<hr \/>\n<h2><span style=\"color: #f18d00;\">Quer agendar a visita de um dos nossos adestradores?<\/span><\/h2>\n<p style=\"text-align: left;\"><span style=\"color: #f18d00;\"><a style=\"color: #f18d00;\" href=\"http:\/\/bit.ly\/2ARMkA4\" target=\"_blank\" rel=\"noopener noreferrer\">Clique aqui<\/a>\u00a0<\/span>e preencha o nosso formul\u00e1rio de entrevista inicial.<\/p>\n<h2 style=\"text-align: center;\"><\/h2>","protected":false},"excerpt":{"rendered":"<p>Servi\u00e7os oferecidos: Alelu On-line: clique aqui Adestramento e terapia comportamental: clique aqui Consultoria comportamental: clique aqui Consultoria preventiva: clique aqui Reabilita\u00e7\u00e3o de c\u00e3es: clique aqui Ensaio fotogr\u00e1fico Pet: clique aqui Precisa de ajuda? Envie-nos uma mensagem pelo Whatsapp: (19) 9 9214-2887 ou (19) 9 9635-4524 Quer agendar a visita de um dos nossos adestradores? Clique&hellip; <a href=\"https:\/\/www.alelu.com.br\/en\/servicos\/\" class=\"more-link\">Continue reading <span class=\"screen-reader-text\"><\/span><\/a><\/p>","protected":false},"author":1,"featured_media":0,"parent":0,"menu_order":0,"comment_status":"closed","ping_status":"closed","template":"","meta":{"_eb_attr":"","footnotes":""},"tags":[],"class_list":["post-832","page","type-page","status-publish","hentry","without-featured-image"],"jetpack_sharing_enabled":true,"jetpack_shortlink":"https:\/\/wp.me\/Pa0xBY-dq","_links":{"self":[{"href":"https:\/\/www.alelu.com.br\/en\/wp-json\/wp\/v2\/pages\/832","targetHints":{"allow":["GET"]}}],"collection":[{"href":"https:\/\/www.alelu.com.br\/en\/wp-json\/wp\/v2\/pages"}],"about":[{"href":"https:\/\/www.alelu.com.br\/en\/wp-json\/wp\/v2\/types\/page"}],"author":[{"embeddable":true,"href":"https:\/\/www.alelu.com.br\/en\/wp-json\/wp\/v2\/users\/1"}],"replies":[{"embeddable":true,"href":"https:\/\/www.alelu.com.br\/en\/wp-json\/wp\/v2\/comments?post=832"}],"version-history":[{"count":27,"href":"https:\/\/www.alelu.com.br\/en\/wp-json\/wp\/v2\/pages\/832\/revisions"}],"predecessor-version":[{"id":4073,"href":"https:\/\/www.alelu.com.br\/en\/wp-json\/wp\/v2\/pages\/832\/revisions\/4073"}],"wp:attachment":[{"href":"https:\/\/www.alelu.com.br\/en\/wp-json\/wp\/v2\/media?parent=832"}],"wp:term":[{"taxonomy":"post_tag","embeddable":true,"href":"https:\/\/www.alelu.com.br\/en\/wp-json\/wp\/v2\/tags?post=832"}],"curies":[{"name":"wp","href":"https:\/\/api.w.org\/{rel}","templated":true}]}}