{"id":777,"date":"2018-10-23T11:46:35","date_gmt":"2018-10-23T13:46:35","guid":{"rendered":"http:\/\/www.alelu.com.br\/?page_id=777"},"modified":"2023-07-17T15:07:10","modified_gmt":"2023-07-17T18:07:10","slug":"ensaio-pet","status":"publish","type":"page","link":"https:\/\/www.alelu.com.br\/en\/ensaio-pet\/","title":{"rendered":"Pet Photos"},"content":{"rendered":"<p>Para voc\u00ea, que como n\u00f3s, \u00e9 <span style=\"color: #f18d00;\">apaixonado<\/span> pelo seu <span style=\"color: #f18d00;\">c\u00e3o<\/span>, e que gostaria de <span style=\"color: #f18d00;\">lembrar<\/span> for <span style=\"color: #f18d00;\">sempre<\/span> de todos os momentos com ele, o <span style=\"color: #f18d00;\"><strong>Ensaio Pet<\/strong><\/span> ir\u00e1 te proporcionar <span style=\"color: #f18d00;\">lembran\u00e7as inesquec\u00edveis!<\/span><\/p>\n<p>Pode ser um ensaio <span style=\"color: #f18d00;\">s\u00f3 do c\u00e3o<\/span>\u00a0ou <span style=\"color: #f18d00;\">em fam\u00edlia<\/span>, mostrando como \u00e9 a rela\u00e7\u00e3o <span style=\"color: #f18d00;\">especial<\/span> do animalzinho de <span style=\"color: #f18d00;\">estima\u00e7\u00e3o<\/span> with their <span style=\"color: #f18d00;\">tutors.<\/span><\/p>\n\n<table id=\"tablepress-2\" class=\"tablepress tablepress-id-2\">\n<thead>\n<tr class=\"row-1\">\n\t<th class=\"column-1\">Op\u00e7\u00e3o<\/th><th class=\"column-2\">Valor<\/th><th class=\"column-3\">Caracter\u00edsticas<\/th>\n<\/tr>\n<\/thead>\n<tbody class=\"row-striping row-hover\">\n<tr class=\"row-2\">\n\t<td class=\"column-1\">Pacote 1<\/td><td class=\"column-2\">R$ 170,00<\/td><td class=\"column-3\">15 Fotos digitais em alta resolu\u00e7\u00e3o.<br \/>\nApenas fotos do Pet.<\/td>\n<\/tr>\n<tr class=\"row-3\">\n\t<td class=\"column-1\">Pacote 2<\/td><td class=\"column-2\">R$ 220,00<\/td><td class=\"column-3\">20 Fotos digitais em alta resolu\u00e7\u00e3o.<br \/>\nFotos do tutor ou fam\u00edlia com o Pet.<\/td>\n<\/tr>\n<tr class=\"row-4\">\n\t<td class=\"column-1\">Pacote 3<\/td><td class=\"column-2\">R$ 330,00<\/td><td class=\"column-3\">30 Fotos digitais em alta resolu\u00e7\u00e3o.<br \/>\nFotos do tutor ou fam\u00edlia com o Pet.<\/td>\n<\/tr>\n<\/tbody>\n<\/table>\n<!-- #tablepress-2 from cache -->\n<p>Dependendo da\u00a0<span style=\"color: #f18d00;\">localiza\u00e7\u00e3o<\/span>\u00a0do cliente, haver\u00e1 cobran\u00e7a de\u00a0<span style=\"color: #f18d00;\">taxa adicional<\/span>\u00a0em fun\u00e7\u00e3o do\u00a0<span style=\"color: #f18d00;\">deslocamento<\/span>\u00a0(quilometragem+ped\u00e1gio).<\/p>\n\n<hr \/>\n<h3 style=\"text-align: center;\">Entre em contato agora para agendar um\u00a0<span style=\"color: #f18d00;\">Ensaio Pet<\/span><\/h3>\n<p style=\"text-align: center;\"><a href=\"https:\/\/api.whatsapp.com\/send?phone=5519996354524\"><img data-recalc-dims=\"1\" loading=\"lazy\" decoding=\"async\" data-attachment-id=\"458\" data-permalink=\"https:\/\/www.alelu.com.br\/en\/contato\/icone-whatsapp-icon\/\" data-orig-file=\"https:\/\/i0.wp.com\/www.alelu.com.br\/wp-content\/uploads\/2018\/07\/icone-Whatsapp-icon-e1530553102293.png?fit=25%2C25&amp;ssl=1\" data-orig-size=\"25,25\" data-comments-opened=\"1\" data-image-meta=\"{&quot;aperture&quot;:&quot;0&quot;,&quot;credit&quot;:&quot;&quot;,&quot;camera&quot;:&quot;&quot;,&quot;caption&quot;:&quot;&quot;,&quot;created_timestamp&quot;:&quot;0&quot;,&quot;copyright&quot;:&quot;&quot;,&quot;focal_length&quot;:&quot;0&quot;,&quot;iso&quot;:&quot;0&quot;,&quot;shutter_speed&quot;:&quot;0&quot;,&quot;title&quot;:&quot;&quot;,&quot;orientation&quot;:&quot;0&quot;}\" data-image-title=\"icone Whatsapp-icon\" data-image-description=\"\" data-image-caption=\"\" data-medium-file=\"https:\/\/i0.wp.com\/www.alelu.com.br\/wp-content\/uploads\/2018\/07\/icone-Whatsapp-icon-e1530553102293.png?fit=300%2C300&amp;ssl=1\" data-large-file=\"https:\/\/i0.wp.com\/www.alelu.com.br\/wp-content\/uploads\/2018\/07\/icone-Whatsapp-icon-e1530553102293.png?fit=25%2C25&amp;ssl=1\" class=\"aligncenter wp-image-458\" src=\"https:\/\/i0.wp.com\/alelu.com.br\/wp-content\/uploads\/2018\/07\/icone-Whatsapp-icon.png?resize=25%2C25\" alt=\"\" width=\"25\" height=\"25\" \/><\/a><a href=\"https:\/\/api.whatsapp.com\/send?phone=5519992142887\">Vivian Caixeta (19) 9 9214-2887<\/a><\/p>\n<h4 style=\"text-align: center;\"><strong>Clique acima para enviar uma mensagem pelo <span style=\"color: #f18d00;\">Whatsapp<\/span> ou\u00a0<\/strong><\/h4>\n<h4 style=\"text-align: center;\"><a href=\"https:\/\/docs.google.com\/forms\/d\/e\/1FAIpQLSc4cHHiRUqIXcQ9uB-S5IDJYDHXiVuwswgOLupo40fL4O4EDA\/viewform\"><img data-recalc-dims=\"1\" loading=\"lazy\" decoding=\"async\" data-attachment-id=\"2223\" data-permalink=\"https:\/\/www.alelu.com.br\/en\/adestramento\/clique-aqui\/\" data-orig-file=\"https:\/\/i0.wp.com\/www.alelu.com.br\/wp-content\/uploads\/2019\/08\/clique-aqui.png?fit=420%2C120&amp;ssl=1\" data-orig-size=\"420,120\" data-comments-opened=\"0\" data-image-meta=\"{&quot;aperture&quot;:&quot;0&quot;,&quot;credit&quot;:&quot;&quot;,&quot;camera&quot;:&quot;&quot;,&quot;caption&quot;:&quot;&quot;,&quot;created_timestamp&quot;:&quot;0&quot;,&quot;copyright&quot;:&quot;&quot;,&quot;focal_length&quot;:&quot;0&quot;,&quot;iso&quot;:&quot;0&quot;,&quot;shutter_speed&quot;:&quot;0&quot;,&quot;title&quot;:&quot;&quot;,&quot;orientation&quot;:&quot;0&quot;}\" data-image-title=\"clique aqui\" data-image-description=\"\" data-image-caption=\"\" data-medium-file=\"https:\/\/i0.wp.com\/www.alelu.com.br\/wp-content\/uploads\/2019\/08\/clique-aqui.png?fit=300%2C86&amp;ssl=1\" data-large-file=\"https:\/\/i0.wp.com\/www.alelu.com.br\/wp-content\/uploads\/2019\/08\/clique-aqui.png?fit=420%2C120&amp;ssl=1\" class=\"alignnone wp-image-2223\" src=\"https:\/\/i0.wp.com\/www.alelu.com.br\/wp-content\/uploads\/2019\/08\/clique-aqui.png?resize=95%2C27\" alt=\"\" width=\"95\" height=\"27\" srcset=\"https:\/\/i0.wp.com\/www.alelu.com.br\/wp-content\/uploads\/2019\/08\/clique-aqui.png?w=420&amp;ssl=1 420w, https:\/\/i0.wp.com\/www.alelu.com.br\/wp-content\/uploads\/2019\/08\/clique-aqui.png?resize=300%2C86&amp;ssl=1 300w\" sizes=\"auto, (max-width: 95px) 100vw, 95px\" \/><\/a>\u00a0<strong>para preencher o nosso <span style=\"color: #f18d00;\">formul\u00e1rio<\/span> e agendar um <span style=\"color: #f18d00;\">ensaio!<\/span><\/strong><\/h4>\n<h4 style=\"text-align: center;\"><strong>preencha o formul\u00e1rio.<\/strong><\/h4>\n<hr \/>\n<h4><span style=\"color: #f18d00;\">Recomenda\u00e7\u00f5es<\/span> para as fotos:<\/h4>\n<p>Para que o ensaio fotogr\u00e1fico possa ser realizado \u00e9 <span style=\"color: #f18d00;\">importante<\/span> observar alguns <span style=\"color: #f18d00;\">conselhos.<\/span><\/p>\n<p>Antes de mais nada o seu melhor amigo precisa ser <span style=\"color: #f18d00;\">amig\u00e1vel<\/span> e se souber os <span style=\"color: #f18d00;\">comandos<\/span> b\u00e1sicos de <span style=\"color: #f18d00;\">adestramento,<\/span> fica ainda mais <span style=\"color: #f18d00;\">legal.<\/span><\/p>\n<p><span style=\"color: #f18d00;\">Ande<\/span> com o seu pet e <span style=\"color: #f18d00;\">brinque<\/span> muito <span style=\"color: #f18d00;\">antes<\/span> do <span style=\"color: #f18d00;\">ensaio.<\/span> \u00c9 importante que eles j\u00e1 estejam um pouco <span style=\"color: #f18d00;\">cansados<\/span> e tenham <span style=\"color: #f18d00;\">feito suas necessidades<\/span> antes de iniciar as fotos.<\/p>\n<p>O ensaio ter\u00e1 <span style=\"color: #f18d00;\">dura\u00e7\u00e3o m\u00e1xima<\/span> training <span style=\"color: #f18d00;\">2 horas<\/span>, mais que isso poder\u00e1 causar desconforto para os pets.<\/p>\n<p>Os <span style=\"color: #f18d00;\">banhos<\/span> s\u00e3o <span style=\"color: #f18d00;\">recomendados<\/span> um dia <span style=\"color: #f18d00;\">antes<\/span> do ensaio. Para fotos ao ar livre proteja-o contra pulgas e carrapatos.<\/p>\n<h4><span style=\"color: #f18d00;\">Check-list:<\/span><\/h4>\n<p>\u00c9 <span style=\"color: #f18d00;\">importante<\/span> voc\u00ea ter <span style=\"color: #f18d00;\">preparado<\/span> para o dia do <span style=\"color: #f18d00;\">ensaio<\/span> do seu <span style=\"color: #f18d00;\">mascote:<\/span><\/p>\n<p>\u2022 <span style=\"color: #f18d00;\">\u00c1gua<\/span> fresca e bebedouro<br \/>\n\u2022 <span style=\"color: #f18d00;\">Petiscos<\/span> favoritos<br \/>\n\u2022 <span style=\"color: #f18d00;\">Brinquedo<\/span> preferido<br \/>\n\u2022 <span style=\"color: #f18d00;\">Cobertor<\/span><br \/>\n<span style=\"color: #f18d00;\"><span style=\"color: #000000;\">\u2022<\/span> Guia<\/span> and <span style=\"color: #f18d00;\">coleira<\/span><br \/>\n<span style=\"color: #000000;\">\u2022<\/span> <span style=\"color: #f18d00;\">Sacolinhas<\/span> de pl\u00e1stico (sempre recolha os dejetos)<br \/>\n\u2022 <span style=\"color: #f18d00;\">Toalhas<\/span> and <span style=\"color: #f18d00;\">escova<\/span> do seu animal<\/p>\n<p>Cada <span style=\"color: #f18d00;\">propriet\u00e1rio<\/span> \u00e9 \u00fanico e exclusivamente <span style=\"color: #f18d00;\">respons\u00e1vel<\/span> por quaisquer <span style=\"color: #f18d00;\">danos causados<\/span> pelo(s) seu(s) animal(is) ao estabelecimento acolhedor, a outros animais e pessoas, bem como comportamentos inadequados provenientes destes.<\/p>","protected":false},"excerpt":{"rendered":"<p>Para voc\u00ea, que como n\u00f3s, \u00e9 apaixonado pelo seu c\u00e3o, e que gostaria de lembrar para sempre de todos os momentos com ele, o Ensaio Pet ir\u00e1 te proporcionar lembran\u00e7as inesquec\u00edveis! Pode ser um ensaio s\u00f3 do c\u00e3o\u00a0ou em fam\u00edlia, mostrando como \u00e9 a rela\u00e7\u00e3o especial do animalzinho de estima\u00e7\u00e3o com seus tutores. Dependendo da\u00a0localiza\u00e7\u00e3o\u00a0do&hellip; <a href=\"https:\/\/www.alelu.com.br\/en\/ensaio-pet\/\" class=\"more-link\">Continue reading <span class=\"screen-reader-text\">Pet Photos<\/span><\/a><\/p>","protected":false},"author":1,"featured_media":0,"parent":0,"menu_order":0,"comment_status":"closed","ping_status":"closed","template":"","meta":{"_eb_attr":"","footnotes":""},"tags":[],"class_list":["post-777","page","type-page","status-publish","hentry","without-featured-image"],"jetpack_sharing_enabled":true,"jetpack_shortlink":"https:\/\/wp.me\/Pa0xBY-cx","_links":{"self":[{"href":"https:\/\/www.alelu.com.br\/en\/wp-json\/wp\/v2\/pages\/777","targetHints":{"allow":["GET"]}}],"collection":[{"href":"https:\/\/www.alelu.com.br\/en\/wp-json\/wp\/v2\/pages"}],"about":[{"href":"https:\/\/www.alelu.com.br\/en\/wp-json\/wp\/v2\/types\/page"}],"author":[{"embeddable":true,"href":"https:\/\/www.alelu.com.br\/en\/wp-json\/wp\/v2\/users\/1"}],"replies":[{"embeddable":true,"href":"https:\/\/www.alelu.com.br\/en\/wp-json\/wp\/v2\/comments?post=777"}],"version-history":[{"count":26,"href":"https:\/\/www.alelu.com.br\/en\/wp-json\/wp\/v2\/pages\/777\/revisions"}],"predecessor-version":[{"id":4084,"href":"https:\/\/www.alelu.com.br\/en\/wp-json\/wp\/v2\/pages\/777\/revisions\/4084"}],"wp:attachment":[{"href":"https:\/\/www.alelu.com.br\/en\/wp-json\/wp\/v2\/media?parent=777"}],"wp:term":[{"taxonomy":"post_tag","embeddable":true,"href":"https:\/\/www.alelu.com.br\/en\/wp-json\/wp\/v2\/tags?post=777"}],"curies":[{"name":"wp","href":"https:\/\/api.w.org\/{rel}","templated":true}]}}