{"id":705,"date":"2018-09-12T11:48:26","date_gmt":"2018-09-12T14:48:26","guid":{"rendered":"http:\/\/www.alelu.com.br\/?page_id=705"},"modified":"2020-06-18T17:36:53","modified_gmt":"2020-06-18T20:36:53","slug":"parceiros","status":"publish","type":"page","link":"https:\/\/www.alelu.com.br\/en\/parceiros\/","title":{"rendered":""},"content":{"rendered":"<h1><span style=\"color: #f18d00;\">Conhe\u00e7a nossos principais parceiros:<\/span><\/h1>\n<hr \/>\n<h2><span style=\"color: #333333;\"><b>Dogcare Hotel &amp; Daycare:<\/b><\/span><\/h2>\n<p><a href=\"http:\/\/www.dogcarehotel.com.br\/\" target=\"_blank\" rel=\"noopener noreferrer\"><img data-recalc-dims=\"1\" loading=\"lazy\" decoding=\"async\" data-attachment-id=\"598\" data-permalink=\"https:\/\/www.alelu.com.br\/en\/ws-comportamento\/dogcare\/\" data-orig-file=\"https:\/\/i0.wp.com\/www.alelu.com.br\/wp-content\/uploads\/2018\/08\/Dogcare.png?fit=206%2C234&amp;ssl=1\" data-orig-size=\"206,234\" data-comments-opened=\"1\" data-image-meta=\"{&quot;aperture&quot;:&quot;0&quot;,&quot;credit&quot;:&quot;&quot;,&quot;camera&quot;:&quot;&quot;,&quot;caption&quot;:&quot;&quot;,&quot;created_timestamp&quot;:&quot;0&quot;,&quot;copyright&quot;:&quot;&quot;,&quot;focal_length&quot;:&quot;0&quot;,&quot;iso&quot;:&quot;0&quot;,&quot;shutter_speed&quot;:&quot;0&quot;,&quot;title&quot;:&quot;&quot;,&quot;orientation&quot;:&quot;0&quot;}\" data-image-title=\"\" data-image-description=\"\" data-image-caption=\"\" data-medium-file=\"https:\/\/i0.wp.com\/www.alelu.com.br\/wp-content\/uploads\/2018\/08\/Dogcare.png?fit=206%2C234&amp;ssl=1\" data-large-file=\"https:\/\/i0.wp.com\/www.alelu.com.br\/wp-content\/uploads\/2018\/08\/Dogcare.png?fit=206%2C234&amp;ssl=1\" class=\"alignnone wp-image-598 size-full\" src=\"https:\/\/i0.wp.com\/www.alelu.com.br\/wp-content\/uploads\/2018\/08\/Dogcare.png?resize=206%2C234\" alt=\"\" width=\"206\" height=\"234\" \/><\/a><\/p>\n<p style=\"text-align: left;\"><span style=\"color: #f18d00;\"><strong>Cliente Dogcare tem 20% de desconto no adestramento ou consultoria, e inscri\u00e7\u00e3o gratuita em nossos cursos e workshops!<\/strong><\/span><\/p>\n<ul>\n<li>Local: Dogcare Hotel &amp; Daycare<\/li>\n<li>Av. Engenheiro Luiz Antonio Laloni, 1.001,\u00a0Bairro Tijuco das Telhas, Campinas<\/li>\n<li>Pr\u00f3ximo a Rodovia Adhemar P. de Barros, Km 120<\/li>\n<li>Visite: <span style=\"color: #333333;\"><a style=\"color: #333333;\" href=\"http:\/\/www.dogcarehotel.com.br\/\">http:\/\/www.dogcarehotel.com.br\/<\/a><\/span><\/li>\n<\/ul>\n<hr \/>\n<h2><span style=\"color: #333333;\"><b>GAAR: Grupo de Apoio ao Animal de Rua<\/b><\/span><\/h2>\n<p><a href=\"http:\/\/gaarcampinas.org\/\" target=\"_blank\" rel=\"noopener noreferrer\"><img data-recalc-dims=\"1\" loading=\"lazy\" decoding=\"async\" data-attachment-id=\"706\" data-permalink=\"https:\/\/www.alelu.com.br\/en\/parceiros\/gaar\/\" data-orig-file=\"https:\/\/i0.wp.com\/www.alelu.com.br\/wp-content\/uploads\/2018\/09\/Gaar.png?fit=224%2C225&amp;ssl=1\" data-orig-size=\"224,225\" data-comments-opened=\"1\" data-image-meta=\"{&quot;aperture&quot;:&quot;0&quot;,&quot;credit&quot;:&quot;&quot;,&quot;camera&quot;:&quot;&quot;,&quot;caption&quot;:&quot;&quot;,&quot;created_timestamp&quot;:&quot;0&quot;,&quot;copyright&quot;:&quot;&quot;,&quot;focal_length&quot;:&quot;0&quot;,&quot;iso&quot;:&quot;0&quot;,&quot;shutter_speed&quot;:&quot;0&quot;,&quot;title&quot;:&quot;&quot;,&quot;orientation&quot;:&quot;0&quot;}\" data-image-title=\"\" data-image-description=\"\" data-image-caption=\"\" data-medium-file=\"https:\/\/i0.wp.com\/www.alelu.com.br\/wp-content\/uploads\/2018\/09\/Gaar.png?fit=224%2C225&amp;ssl=1\" data-large-file=\"https:\/\/i0.wp.com\/www.alelu.com.br\/wp-content\/uploads\/2018\/09\/Gaar.png?fit=224%2C225&amp;ssl=1\" class=\"alignnone wp-image-706 size-thumbnail\" src=\"https:\/\/i0.wp.com\/www.alelu.com.br\/wp-content\/uploads\/2018\/09\/Gaar.png?resize=150%2C150\" alt=\"\" width=\"150\" height=\"150\" srcset=\"https:\/\/i0.wp.com\/www.alelu.com.br\/wp-content\/uploads\/2018\/09\/Gaar.png?resize=150%2C150&amp;ssl=1 150w, https:\/\/i0.wp.com\/www.alelu.com.br\/wp-content\/uploads\/2018\/09\/Gaar.png?resize=180%2C180&amp;ssl=1 180w, https:\/\/i0.wp.com\/www.alelu.com.br\/wp-content\/uploads\/2018\/09\/Gaar.png?w=224&amp;ssl=1 224w\" sizes=\"auto, (max-width: 150px) 100vw, 150px\" \/><\/a><\/p>\n<p style=\"text-align: left;\"><span style=\"color: #f18d00;\"><strong>Adotantes de c\u00e3es no GAAR tem 20% de desconto no adestramento, consultoria ou nas inscri\u00e7\u00f5es para nossos cursos e workshops!<\/strong><\/span><\/p>\n<p>O GAAR \u00e9 uma ONG que luta pelo bem estar animal h\u00e1 mais de 16 anos. Atua em Campinas, promovendo a conscientiza\u00e7\u00e3o para a guarda respons\u00e1vel de c\u00e3es e gatos, um trabalho cont\u00ednuo de castra\u00e7\u00e3o, vacina\u00e7\u00e3o e doa\u00e7\u00e3o desses animais, esperando que com essa a\u00e7\u00e3o, num futuro pr\u00f3ximo, bicho abandonado seja coisa do passado.<\/p>\n<p>Visite: <span style=\"color: #333333;\"><a style=\"color: #333333;\" href=\"http:\/\/gaarcampinas.org\/\">http:\/\/gaarcampinas.org\/<\/a><\/span><\/p>\n<hr \/>\n<h2><span style=\"color: #333333;\"><b>Lumare Import:<\/b><\/span><\/h2>\n<p><a href=\"http:\/\/lumareimport.com.br\/\" target=\"_blank\" rel=\"noopener noreferrer\"><img data-recalc-dims=\"1\" loading=\"lazy\" decoding=\"async\" data-attachment-id=\"2924\" data-permalink=\"https:\/\/www.alelu.com.br\/en\/ws-socializacao\/lumareimport\/\" data-orig-file=\"https:\/\/i0.wp.com\/www.alelu.com.br\/wp-content\/uploads\/2019\/10\/LumareImport.png?fit=208%2C136&amp;ssl=1\" data-orig-size=\"208,136\" data-comments-opened=\"0\" data-image-meta=\"{&quot;aperture&quot;:&quot;0&quot;,&quot;credit&quot;:&quot;&quot;,&quot;camera&quot;:&quot;&quot;,&quot;caption&quot;:&quot;&quot;,&quot;created_timestamp&quot;:&quot;0&quot;,&quot;copyright&quot;:&quot;&quot;,&quot;focal_length&quot;:&quot;0&quot;,&quot;iso&quot;:&quot;0&quot;,&quot;shutter_speed&quot;:&quot;0&quot;,&quot;title&quot;:&quot;&quot;,&quot;orientation&quot;:&quot;0&quot;}\" data-image-title=\"LumareImport\" data-image-description=\"\" data-image-caption=\"\" data-medium-file=\"https:\/\/i0.wp.com\/www.alelu.com.br\/wp-content\/uploads\/2019\/10\/LumareImport.png?fit=208%2C136&amp;ssl=1\" data-large-file=\"https:\/\/i0.wp.com\/www.alelu.com.br\/wp-content\/uploads\/2019\/10\/LumareImport.png?fit=208%2C136&amp;ssl=1\" class=\"alignnone wp-image-2924 size-thumbnail\" src=\"https:\/\/i0.wp.com\/www.alelu.com.br\/wp-content\/uploads\/2019\/10\/LumareImport.png?resize=150%2C136\" alt=\"\" width=\"150\" height=\"136\" \/><\/a> \u00a0 \u00a0<a href=\"http:\/\/lumareimport.com\/produtos-kong\/\" target=\"_blank\" rel=\"noopener noreferrer\"><img data-recalc-dims=\"1\" loading=\"lazy\" decoding=\"async\" data-attachment-id=\"2925\" data-permalink=\"https:\/\/www.alelu.com.br\/en\/ws-socializacao\/kong\/\" data-orig-file=\"https:\/\/i0.wp.com\/www.alelu.com.br\/wp-content\/uploads\/2019\/10\/Kong.png?fit=228%2C92&amp;ssl=1\" data-orig-size=\"228,92\" data-comments-opened=\"0\" data-image-meta=\"{&quot;aperture&quot;:&quot;0&quot;,&quot;credit&quot;:&quot;&quot;,&quot;camera&quot;:&quot;&quot;,&quot;caption&quot;:&quot;&quot;,&quot;created_timestamp&quot;:&quot;0&quot;,&quot;copyright&quot;:&quot;&quot;,&quot;focal_length&quot;:&quot;0&quot;,&quot;iso&quot;:&quot;0&quot;,&quot;shutter_speed&quot;:&quot;0&quot;,&quot;title&quot;:&quot;&quot;,&quot;orientation&quot;:&quot;0&quot;}\" data-image-title=\"Kong\" data-image-description=\"\" data-image-caption=\"\" data-medium-file=\"https:\/\/i0.wp.com\/www.alelu.com.br\/wp-content\/uploads\/2019\/10\/Kong.png?fit=228%2C92&amp;ssl=1\" data-large-file=\"https:\/\/i0.wp.com\/www.alelu.com.br\/wp-content\/uploads\/2019\/10\/Kong.png?fit=228%2C92&amp;ssl=1\" class=\"alignnone wp-image-2925 size-full\" src=\"https:\/\/i0.wp.com\/www.alelu.com.br\/wp-content\/uploads\/2019\/10\/Kong.png?resize=228%2C92\" alt=\"\" width=\"228\" height=\"92\" \/><\/a><\/p>\n<ul>\n<li>A Lumare \u00e9 uma empresa que busca somente os melhores produtos para seu animal de estima\u00e7\u00e3o ou aqu\u00e1rio. E o nosso diferencial \u00e9 que nosso objetivo principal \u00e9 passar as informa\u00e7\u00f5es desses produtos e seus benef\u00edcios, para o mercado. Desta forma, nossos clientes (voc\u00ea) e consumidores (seu c\u00e3o, gato, peixe ou outro pet) obtenha significativa melhora em sua qualidade de vida. Todos os nossos produtos s\u00e3o escolhidos a dedo e testados previamente e somente os melhores figuram em nosso portf\u00f3lio.<\/li>\n<li>Visite:<span style=\"color: #333333;\"> <a style=\"color: #333333;\" href=\"http:\/\/lumareimport.com\">http:\/\/lumareimport.com<\/a><\/span><\/li>\n<\/ul>\n<hr \/>\n<h2><strong>Canil Di Famiglia Cerri:<\/strong><\/h2>\n<p><img data-recalc-dims=\"1\" loading=\"lazy\" decoding=\"async\" data-attachment-id=\"3193\" data-permalink=\"https:\/\/www.alelu.com.br\/en\/parceiros\/canilcerri\/\" data-orig-file=\"https:\/\/i0.wp.com\/www.alelu.com.br\/wp-content\/uploads\/2020\/02\/CanilCerri.jpg?fit=900%2C900&amp;ssl=1\" data-orig-size=\"900,900\" data-comments-opened=\"0\" data-image-meta=\"{&quot;aperture&quot;:&quot;0&quot;,&quot;credit&quot;:&quot;&quot;,&quot;camera&quot;:&quot;&quot;,&quot;caption&quot;:&quot;&quot;,&quot;created_timestamp&quot;:&quot;0&quot;,&quot;copyright&quot;:&quot;&quot;,&quot;focal_length&quot;:&quot;0&quot;,&quot;iso&quot;:&quot;0&quot;,&quot;shutter_speed&quot;:&quot;0&quot;,&quot;title&quot;:&quot;&quot;,&quot;orientation&quot;:&quot;0&quot;}\" data-image-title=\"CanilCerri\" data-image-description=\"\" data-image-caption=\"\" data-medium-file=\"https:\/\/i0.wp.com\/www.alelu.com.br\/wp-content\/uploads\/2020\/02\/CanilCerri.jpg?fit=300%2C300&amp;ssl=1\" data-large-file=\"https:\/\/i0.wp.com\/www.alelu.com.br\/wp-content\/uploads\/2020\/02\/CanilCerri.jpg?fit=825%2C825&amp;ssl=1\" class=\"size-medium wp-image-3193 alignnone\" src=\"https:\/\/i0.wp.com\/www.alelu.com.br\/wp-content\/uploads\/2020\/02\/CanilCerri.jpg?resize=300%2C300\" alt=\"\" width=\"300\" height=\"300\" srcset=\"https:\/\/i0.wp.com\/www.alelu.com.br\/wp-content\/uploads\/2020\/02\/CanilCerri.jpg?resize=300%2C300&amp;ssl=1 300w, https:\/\/i0.wp.com\/www.alelu.com.br\/wp-content\/uploads\/2020\/02\/CanilCerri.jpg?resize=150%2C150&amp;ssl=1 150w, https:\/\/i0.wp.com\/www.alelu.com.br\/wp-content\/uploads\/2020\/02\/CanilCerri.jpg?resize=768%2C768&amp;ssl=1 768w, https:\/\/i0.wp.com\/www.alelu.com.br\/wp-content\/uploads\/2020\/02\/CanilCerri.jpg?resize=180%2C180&amp;ssl=1 180w, https:\/\/i0.wp.com\/www.alelu.com.br\/wp-content\/uploads\/2020\/02\/CanilCerri.jpg?resize=624%2C624&amp;ssl=1 624w, https:\/\/i0.wp.com\/www.alelu.com.br\/wp-content\/uploads\/2020\/02\/CanilCerri.jpg?resize=100%2C100&amp;ssl=1 100w, https:\/\/i0.wp.com\/www.alelu.com.br\/wp-content\/uploads\/2020\/02\/CanilCerri.jpg?w=900&amp;ssl=1 900w\" sizes=\"auto, (max-width: 300px) 100vw, 300px\" \/><\/p>\n<p><span style=\"color: #f18d00;\"><b style=\"color: #f18d00;\">Moradores de Campinas que <\/b><span style=\"color: #f18d00;\"><b>adquirem<\/b><\/span><b style=\"color: #f18d00;\"> c\u00e3es no canil Famiglia di Cerri ganham uma consultoria preventiva on-line (se realizado at\u00e9 1 semana da chegada do filhote)!<\/b><\/span><\/p>\n<p>Canil especializado na ra\u00e7a Pastor Alem\u00e3o e Yorkshire.<\/p>\n<ul>\n<li>Atibaia &#8211; S\u00e3o Paulo &#8211; Brasil<\/li>\n<li>contato@pastoralemaobrasil.com.br<\/li>\n<li>canildifamigliacerri@gmail.com<\/li>\n<li>Tel: (11) 4418-1672<\/li>\n<li>Celular \/ Whatsapp: (11) 99150-9431<\/li>\n<li>Visite: <a href=\"https:\/\/www.pastoralemaobrasil.com.br\/\">https:\/\/www.pastoralemaobrasil.com.br\/<\/a><\/li>\n<\/ul>\n<hr \/>\n<h2><strong>Canil Goden Calli:<\/strong><\/h2>\n<p><img data-recalc-dims=\"1\" loading=\"lazy\" decoding=\"async\" data-attachment-id=\"3196\" data-permalink=\"https:\/\/www.alelu.com.br\/en\/parceiros\/canilcalli\/\" data-orig-file=\"https:\/\/i0.wp.com\/www.alelu.com.br\/wp-content\/uploads\/2020\/02\/CanilCalli.jpeg?fit=200%2C160&amp;ssl=1\" data-orig-size=\"200,160\" data-comments-opened=\"0\" data-image-meta=\"{&quot;aperture&quot;:&quot;0&quot;,&quot;credit&quot;:&quot;&quot;,&quot;camera&quot;:&quot;&quot;,&quot;caption&quot;:&quot;&quot;,&quot;created_timestamp&quot;:&quot;0&quot;,&quot;copyright&quot;:&quot;&quot;,&quot;focal_length&quot;:&quot;0&quot;,&quot;iso&quot;:&quot;0&quot;,&quot;shutter_speed&quot;:&quot;0&quot;,&quot;title&quot;:&quot;&quot;,&quot;orientation&quot;:&quot;0&quot;}\" data-image-title=\"CanilCalli\" data-image-description=\"\" data-image-caption=\"\" data-medium-file=\"https:\/\/i0.wp.com\/www.alelu.com.br\/wp-content\/uploads\/2020\/02\/CanilCalli.jpeg?fit=200%2C160&amp;ssl=1\" data-large-file=\"https:\/\/i0.wp.com\/www.alelu.com.br\/wp-content\/uploads\/2020\/02\/CanilCalli.jpeg?fit=200%2C160&amp;ssl=1\" class=\"size-full wp-image-3196 alignnone\" src=\"https:\/\/i0.wp.com\/www.alelu.com.br\/wp-content\/uploads\/2020\/02\/CanilCalli.jpeg?resize=200%2C160\" alt=\"\" width=\"200\" height=\"160\" \/><\/p>\n<p><span style=\"color: #f18d00;\"><b style=\"color: #f18d00;\">Moradores de Campinas que <\/b><b>adquirem<\/b><b style=\"color: #f18d00;\"> c\u00e3es no canil Golden Calli ganham uma consultoria preventiva on-line (se realizado at\u00e9 1 semana da chegada do filhote)!<\/b><\/span><\/p>\n<p>Canil especializado na ra\u00e7a Golden Retriever.<\/p>\n<ul>\n<li>Peru\u00edbe &#8211; S\u00e3o Paulo &#8211; Brasil<\/li>\n<li>isabella.calli@hotmail.com<\/li>\n<li>Celular \/ Whatsapp: (11) 9 8090-6718 \/ (11) 9 8090-6719<\/li>\n<li>Visite: <a href=\"https:\/\/www.goldencalli.com\/\">https:\/\/www.goldencalli.com\/<\/a><\/li>\n<\/ul>\n<hr \/>\n<h2><strong>Canil Von<span class=\"highlightColor\">Maxdorf:<\/span><\/strong><\/h2>\n<h2><img data-recalc-dims=\"1\" loading=\"lazy\" decoding=\"async\" data-attachment-id=\"3322\" data-permalink=\"https:\/\/www.alelu.com.br\/en\/parceiros\/whatsapp-image-2020-05-13-at-18-49-11\/\" data-orig-file=\"https:\/\/i0.wp.com\/www.alelu.com.br\/wp-content\/uploads\/2020\/05\/WhatsApp-Image-2020-05-13-at-18.49.11.jpeg?fit=1280%2C1047&amp;ssl=1\" data-orig-size=\"1280,1047\" data-comments-opened=\"0\" data-image-meta=\"{&quot;aperture&quot;:&quot;0&quot;,&quot;credit&quot;:&quot;&quot;,&quot;camera&quot;:&quot;&quot;,&quot;caption&quot;:&quot;&quot;,&quot;created_timestamp&quot;:&quot;0&quot;,&quot;copyright&quot;:&quot;&quot;,&quot;focal_length&quot;:&quot;0&quot;,&quot;iso&quot;:&quot;0&quot;,&quot;shutter_speed&quot;:&quot;0&quot;,&quot;title&quot;:&quot;&quot;,&quot;orientation&quot;:&quot;0&quot;}\" data-image-title=\"WhatsApp Image 2020-05-13 at 18.49.11\" data-image-description=\"\" data-image-caption=\"\" data-medium-file=\"https:\/\/i0.wp.com\/www.alelu.com.br\/wp-content\/uploads\/2020\/05\/WhatsApp-Image-2020-05-13-at-18.49.11.jpeg?fit=300%2C245&amp;ssl=1\" data-large-file=\"https:\/\/i0.wp.com\/www.alelu.com.br\/wp-content\/uploads\/2020\/05\/WhatsApp-Image-2020-05-13-at-18.49.11.jpeg?fit=825%2C675&amp;ssl=1\" class=\"wp-image-3322 alignnone\" src=\"https:\/\/i0.wp.com\/www.alelu.com.br\/wp-content\/uploads\/2020\/05\/WhatsApp-Image-2020-05-13-at-18.49.11.jpeg?resize=256%2C209\" alt=\"\" width=\"256\" height=\"209\" srcset=\"https:\/\/i0.wp.com\/www.alelu.com.br\/wp-content\/uploads\/2020\/05\/WhatsApp-Image-2020-05-13-at-18.49.11.jpeg?resize=300%2C245&amp;ssl=1 300w, https:\/\/i0.wp.com\/www.alelu.com.br\/wp-content\/uploads\/2020\/05\/WhatsApp-Image-2020-05-13-at-18.49.11.jpeg?resize=768%2C628&amp;ssl=1 768w, https:\/\/i0.wp.com\/www.alelu.com.br\/wp-content\/uploads\/2020\/05\/WhatsApp-Image-2020-05-13-at-18.49.11.jpeg?resize=1024%2C838&amp;ssl=1 1024w, https:\/\/i0.wp.com\/www.alelu.com.br\/wp-content\/uploads\/2020\/05\/WhatsApp-Image-2020-05-13-at-18.49.11.jpeg?resize=624%2C510&amp;ssl=1 624w, https:\/\/i0.wp.com\/www.alelu.com.br\/wp-content\/uploads\/2020\/05\/WhatsApp-Image-2020-05-13-at-18.49.11.jpeg?w=1280&amp;ssl=1 1280w\" sizes=\"auto, (max-width: 256px) 100vw, 256px\" \/><\/h2>\n<p><strong><span style=\"color: #f18d00;\">Moradores de Campinas que adquirem c\u00e3es no canil VonMaxdorf ganham uma consultoria preventiva <b style=\"color: #f18d00;\">on-line <\/b>(se realizado at\u00e9 1 semana da chegada do filhote)!<\/span><\/strong><\/p>\n<p>Canil especializado na ra\u00e7a Rottweiler.<\/p>\n<ul>\n<li>Jacutinga\/MG<\/li>\n<li>(35) 9 9130-4995<\/li>\n<li>(35) 9 9194-2019<\/li>\n<li>Email:\u00a0<a href=\"mailto:contato@canilvonmaxdorf.com.br\">contato@canilvonmaxdorf.com.br<\/a><\/li>\n<li>Site: <a href=\"http:\/\/www.canilvonmaxdorf.com.br\">http:\/\/www.canilvonmaxdorf.com.br<\/a> ou <a href=\"http:\/\/www.vonmaxdorfrottweilers.com.br\">http:\/\/www.vonmaxdorfrottweilers.com.br<\/a><\/li>\n<\/ul>\n<p>&nbsp;<\/p>","protected":false},"excerpt":{"rendered":"<p>Conhe\u00e7a nossos principais parceiros: Dogcare Hotel &amp; Daycare: Cliente Dogcare tem 20% de desconto no adestramento ou consultoria, e inscri\u00e7\u00e3o gratuita em nossos cursos e workshops! Local: Dogcare Hotel &amp; Daycare Av. Engenheiro Luiz Antonio Laloni, 1.001,\u00a0Bairro Tijuco das Telhas, Campinas Pr\u00f3ximo a Rodovia Adhemar P. de Barros, Km 120 Visite: http:\/\/www.dogcarehotel.com.br\/ GAAR: Grupo de&hellip; <a href=\"https:\/\/www.alelu.com.br\/en\/parceiros\/\" class=\"more-link\">Continue reading <span class=\"screen-reader-text\"><\/span><\/a><\/p>","protected":false},"author":1,"featured_media":0,"parent":0,"menu_order":0,"comment_status":"closed","ping_status":"open","template":"","meta":{"_eb_attr":"","footnotes":""},"tags":[],"class_list":["post-705","page","type-page","status-publish","hentry","without-featured-image"],"jetpack_sharing_enabled":true,"jetpack_shortlink":"https:\/\/wp.me\/Pa0xBY-bn","_links":{"self":[{"href":"https:\/\/www.alelu.com.br\/en\/wp-json\/wp\/v2\/pages\/705","targetHints":{"allow":["GET"]}}],"collection":[{"href":"https:\/\/www.alelu.com.br\/en\/wp-json\/wp\/v2\/pages"}],"about":[{"href":"https:\/\/www.alelu.com.br\/en\/wp-json\/wp\/v2\/types\/page"}],"author":[{"embeddable":true,"href":"https:\/\/www.alelu.com.br\/en\/wp-json\/wp\/v2\/users\/1"}],"replies":[{"embeddable":true,"href":"https:\/\/www.alelu.com.br\/en\/wp-json\/wp\/v2\/comments?post=705"}],"version-history":[{"count":45,"href":"https:\/\/www.alelu.com.br\/en\/wp-json\/wp\/v2\/pages\/705\/revisions"}],"predecessor-version":[{"id":3658,"href":"https:\/\/www.alelu.com.br\/en\/wp-json\/wp\/v2\/pages\/705\/revisions\/3658"}],"wp:attachment":[{"href":"https:\/\/www.alelu.com.br\/en\/wp-json\/wp\/v2\/media?parent=705"}],"wp:term":[{"taxonomy":"post_tag","embeddable":true,"href":"https:\/\/www.alelu.com.br\/en\/wp-json\/wp\/v2\/tags?post=705"}],"curies":[{"name":"wp","href":"https:\/\/api.w.org\/{rel}","templated":true}]}}