{"id":7,"date":"2018-05-10T09:10:55","date_gmt":"2018-05-10T12:10:55","guid":{"rendered":"https:\/\/adestramentolucianodoretto.wordpress.com\/?page_id=5"},"modified":"2020-10-07T10:08:28","modified_gmt":"2020-10-07T13:08:28","slug":"principal","status":"publish","type":"page","link":"https:\/\/www.alelu.com.br\/en\/","title":{"rendered":""},"content":{"rendered":"<h1 style=\"text-align: center;\"><span style=\"color: #f18d00;\">Positive Dog training<\/span><\/h1>\r\n<p style=\"text-align: center;\">Interessado em <span style=\"color: #f18d00;\"><strong>adestrar<\/strong><\/span> seu c\u00e3o? Clique na imagem abaixo e veja mais sobre esse assunto!<\/p>\r\n<p style=\"text-align: center;\"><a href=\"http:\/\/www.alelu.com.br\/adestramento\"><img data-recalc-dims=\"1\" loading=\"lazy\" decoding=\"async\" data-attachment-id=\"3997\" data-permalink=\"https:\/\/www.alelu.com.br\/en\/principal\/aleluadestr\/\" data-orig-file=\"https:\/\/i0.wp.com\/www.alelu.com.br\/wp-content\/uploads\/2020\/09\/AleluAdestr.png?fit=542%2C542&amp;ssl=1\" data-orig-size=\"542,542\" data-comments-opened=\"0\" data-image-meta=\"{&quot;aperture&quot;:&quot;0&quot;,&quot;credit&quot;:&quot;&quot;,&quot;camera&quot;:&quot;&quot;,&quot;caption&quot;:&quot;&quot;,&quot;created_timestamp&quot;:&quot;0&quot;,&quot;copyright&quot;:&quot;&quot;,&quot;focal_length&quot;:&quot;0&quot;,&quot;iso&quot;:&quot;0&quot;,&quot;shutter_speed&quot;:&quot;0&quot;,&quot;title&quot;:&quot;&quot;,&quot;orientation&quot;:&quot;0&quot;}\" data-image-title=\"AleluAdestr\" data-image-description=\"\" data-image-caption=\"\" data-medium-file=\"https:\/\/i0.wp.com\/www.alelu.com.br\/wp-content\/uploads\/2020\/09\/AleluAdestr.png?fit=300%2C300&amp;ssl=1\" data-large-file=\"https:\/\/i0.wp.com\/www.alelu.com.br\/wp-content\/uploads\/2020\/09\/AleluAdestr.png?fit=542%2C542&amp;ssl=1\" class=\"aligncenter wp-image-3997\" src=\"https:\/\/i0.wp.com\/www.alelu.com.br\/wp-content\/uploads\/2020\/09\/AleluAdestr.png?resize=291%2C291\" alt=\"\" width=\"291\" height=\"291\" srcset=\"https:\/\/i0.wp.com\/www.alelu.com.br\/wp-content\/uploads\/2020\/09\/AleluAdestr.png?w=542&amp;ssl=1 542w, https:\/\/i0.wp.com\/www.alelu.com.br\/wp-content\/uploads\/2020\/09\/AleluAdestr.png?resize=300%2C300&amp;ssl=1 300w, https:\/\/i0.wp.com\/www.alelu.com.br\/wp-content\/uploads\/2020\/09\/AleluAdestr.png?resize=150%2C150&amp;ssl=1 150w, https:\/\/i0.wp.com\/www.alelu.com.br\/wp-content\/uploads\/2020\/09\/AleluAdestr.png?resize=180%2C180&amp;ssl=1 180w, https:\/\/i0.wp.com\/www.alelu.com.br\/wp-content\/uploads\/2020\/09\/AleluAdestr.png?resize=100%2C100&amp;ssl=1 100w\" sizes=\"auto, (max-width: 291px) 100vw, 291px\" \/><\/a><\/p>\r\n<hr \/>\r\n<h1 style=\"text-align: center;\"><span style=\"color: #f18d00;\">Alelu On-line<\/span><\/h1>\r\n<p style=\"text-align: center;\">Quer um acompanhamento personalizado \u00e0 dist\u00e2ncia para adestrar e educar seu c\u00e3o? Clique na imagem abaixo e conhe\u00e7a a <span style=\"color: #f18d00;\"><strong>Alelu On-line<\/strong><\/span>!<\/p>\r\n<p><a href=\"https:\/\/www.alelu.com.br\/alelu-online\/\"><img data-recalc-dims=\"1\" loading=\"lazy\" decoding=\"async\" data-attachment-id=\"3753\" data-permalink=\"https:\/\/www.alelu.com.br\/en\/consultoria\/alelu-online\/\" data-orig-file=\"https:\/\/i0.wp.com\/www.alelu.com.br\/wp-content\/uploads\/2020\/07\/Alelu-Online.png?fit=413%2C413&amp;ssl=1\" data-orig-size=\"413,413\" data-comments-opened=\"0\" data-image-meta=\"{&quot;aperture&quot;:&quot;0&quot;,&quot;credit&quot;:&quot;&quot;,&quot;camera&quot;:&quot;&quot;,&quot;caption&quot;:&quot;&quot;,&quot;created_timestamp&quot;:&quot;0&quot;,&quot;copyright&quot;:&quot;&quot;,&quot;focal_length&quot;:&quot;0&quot;,&quot;iso&quot;:&quot;0&quot;,&quot;shutter_speed&quot;:&quot;0&quot;,&quot;title&quot;:&quot;&quot;,&quot;orientation&quot;:&quot;0&quot;}\" data-image-title=\"Alelu Online\" data-image-description=\"\" data-image-caption=\"\" data-medium-file=\"https:\/\/i0.wp.com\/www.alelu.com.br\/wp-content\/uploads\/2020\/07\/Alelu-Online.png?fit=300%2C300&amp;ssl=1\" data-large-file=\"https:\/\/i0.wp.com\/www.alelu.com.br\/wp-content\/uploads\/2020\/07\/Alelu-Online.png?fit=413%2C413&amp;ssl=1\" class=\"wp-image-3753 size-medium aligncenter\" src=\"https:\/\/i0.wp.com\/www.alelu.com.br\/wp-content\/uploads\/2020\/07\/Alelu-Online.png?resize=300%2C300\" alt=\"\" width=\"300\" height=\"300\" srcset=\"https:\/\/i0.wp.com\/www.alelu.com.br\/wp-content\/uploads\/2020\/07\/Alelu-Online.png?resize=300%2C300&amp;ssl=1 300w, https:\/\/i0.wp.com\/www.alelu.com.br\/wp-content\/uploads\/2020\/07\/Alelu-Online.png?resize=150%2C150&amp;ssl=1 150w, https:\/\/i0.wp.com\/www.alelu.com.br\/wp-content\/uploads\/2020\/07\/Alelu-Online.png?resize=180%2C180&amp;ssl=1 180w, https:\/\/i0.wp.com\/www.alelu.com.br\/wp-content\/uploads\/2020\/07\/Alelu-Online.png?resize=100%2C100&amp;ssl=1 100w, https:\/\/i0.wp.com\/www.alelu.com.br\/wp-content\/uploads\/2020\/07\/Alelu-Online.png?w=413&amp;ssl=1 413w\" sizes=\"auto, (max-width: 300px) 100vw, 300px\" \/><\/a><\/p>\r\n<hr \/>\r\n<h1 style=\"text-align: center;\"><span style=\"color: #f18d00;\">Consultoria<\/span><\/h1>\r\n<p style=\"text-align: center;\">Precisa de ajuda e orienta\u00e7\u00e3o espec\u00edfica para um assunto relacionado ao seu c\u00e3o? Clique na imagem abaixo e veja como podemos lhe ajudar!<\/p>\r\n<p style=\"text-align: center;\"><a href=\"https:\/\/www.alelu.com.br\/consultoria\/\"><img data-recalc-dims=\"1\" loading=\"lazy\" decoding=\"async\" data-attachment-id=\"4006\" data-permalink=\"https:\/\/www.alelu.com.br\/en\/principal\/consultoria-2\/\" data-orig-file=\"https:\/\/i0.wp.com\/www.alelu.com.br\/wp-content\/uploads\/2020\/10\/Consultoria.png?fit=544%2C544&amp;ssl=1\" data-orig-size=\"544,544\" data-comments-opened=\"0\" data-image-meta=\"{&quot;aperture&quot;:&quot;0&quot;,&quot;credit&quot;:&quot;&quot;,&quot;camera&quot;:&quot;&quot;,&quot;caption&quot;:&quot;&quot;,&quot;created_timestamp&quot;:&quot;0&quot;,&quot;copyright&quot;:&quot;&quot;,&quot;focal_length&quot;:&quot;0&quot;,&quot;iso&quot;:&quot;0&quot;,&quot;shutter_speed&quot;:&quot;0&quot;,&quot;title&quot;:&quot;&quot;,&quot;orientation&quot;:&quot;0&quot;}\" data-image-title=\"Consultoria\" data-image-description=\"\" data-image-caption=\"\" data-medium-file=\"https:\/\/i0.wp.com\/www.alelu.com.br\/wp-content\/uploads\/2020\/10\/Consultoria.png?fit=300%2C300&amp;ssl=1\" data-large-file=\"https:\/\/i0.wp.com\/www.alelu.com.br\/wp-content\/uploads\/2020\/10\/Consultoria.png?fit=544%2C544&amp;ssl=1\" class=\"aligncenter wp-image-4006 size-medium\" src=\"https:\/\/i0.wp.com\/www.alelu.com.br\/wp-content\/uploads\/2020\/10\/Consultoria.png?resize=300%2C300\" alt=\"\" width=\"300\" height=\"300\" srcset=\"https:\/\/i0.wp.com\/www.alelu.com.br\/wp-content\/uploads\/2020\/10\/Consultoria.png?resize=300%2C300&amp;ssl=1 300w, https:\/\/i0.wp.com\/www.alelu.com.br\/wp-content\/uploads\/2020\/10\/Consultoria.png?resize=150%2C150&amp;ssl=1 150w, https:\/\/i0.wp.com\/www.alelu.com.br\/wp-content\/uploads\/2020\/10\/Consultoria.png?resize=180%2C180&amp;ssl=1 180w, https:\/\/i0.wp.com\/www.alelu.com.br\/wp-content\/uploads\/2020\/10\/Consultoria.png?resize=100%2C100&amp;ssl=1 100w, https:\/\/i0.wp.com\/www.alelu.com.br\/wp-content\/uploads\/2020\/10\/Consultoria.png?w=544&amp;ssl=1 544w\" sizes=\"auto, (max-width: 300px) 100vw, 300px\" \/><\/a><\/p>\r\n<hr \/>\r\n<h1 style=\"text-align: center;\"><span style=\"color: #f18d00;\">Courses<\/span><\/h1>\r\n<p style=\"text-align: center;\">Interessado em fazer nossos <span style=\"color: #f18d00;\"><strong>cursos<\/strong><\/span>? Clique na imagem abaixo e conhe\u00e7a as op\u00e7\u00f5es dispon\u00edveis!<\/p>\r\n<p style=\"text-align: center;\"><a href=\"http:\/\/www.alelu.com.br\/cursos\"><img data-recalc-dims=\"1\" loading=\"lazy\" decoding=\"async\" data-attachment-id=\"3842\" data-permalink=\"https:\/\/www.alelu.com.br\/en\/principal\/alelucursos\/\" data-orig-file=\"https:\/\/i0.wp.com\/www.alelu.com.br\/wp-content\/uploads\/2020\/08\/AleluCursos.png?fit=291%2C291&amp;ssl=1\" data-orig-size=\"291,291\" data-comments-opened=\"0\" data-image-meta=\"{&quot;aperture&quot;:&quot;0&quot;,&quot;credit&quot;:&quot;&quot;,&quot;camera&quot;:&quot;&quot;,&quot;caption&quot;:&quot;&quot;,&quot;created_timestamp&quot;:&quot;0&quot;,&quot;copyright&quot;:&quot;&quot;,&quot;focal_length&quot;:&quot;0&quot;,&quot;iso&quot;:&quot;0&quot;,&quot;shutter_speed&quot;:&quot;0&quot;,&quot;title&quot;:&quot;&quot;,&quot;orientation&quot;:&quot;0&quot;}\" data-image-title=\"AleluCursos\" data-image-description=\"\" data-image-caption=\"\" data-medium-file=\"https:\/\/i0.wp.com\/www.alelu.com.br\/wp-content\/uploads\/2020\/08\/AleluCursos.png?fit=291%2C291&amp;ssl=1\" data-large-file=\"https:\/\/i0.wp.com\/www.alelu.com.br\/wp-content\/uploads\/2020\/08\/AleluCursos.png?fit=291%2C291&amp;ssl=1\" class=\"aligncenter size-full wp-image-3842\" src=\"https:\/\/i0.wp.com\/www.alelu.com.br\/wp-content\/uploads\/2020\/08\/AleluCursos.png?resize=291%2C291\" alt=\"\" width=\"291\" height=\"291\" srcset=\"https:\/\/i0.wp.com\/www.alelu.com.br\/wp-content\/uploads\/2020\/08\/AleluCursos.png?w=291&amp;ssl=1 291w, https:\/\/i0.wp.com\/www.alelu.com.br\/wp-content\/uploads\/2020\/08\/AleluCursos.png?resize=150%2C150&amp;ssl=1 150w, https:\/\/i0.wp.com\/www.alelu.com.br\/wp-content\/uploads\/2020\/08\/AleluCursos.png?resize=180%2C180&amp;ssl=1 180w, https:\/\/i0.wp.com\/www.alelu.com.br\/wp-content\/uploads\/2020\/08\/AleluCursos.png?resize=100%2C100&amp;ssl=1 100w\" sizes=\"auto, (max-width: 291px) 100vw, 291px\" \/><\/a><\/p>\r\n<h1><\/h1>","protected":false},"excerpt":{"rendered":"<p>Adestramento Interessado em adestrar seu c\u00e3o? Clique na imagem abaixo e veja mais sobre esse assunto! Alelu On-line Quer um acompanhamento personalizado \u00e0 dist\u00e2ncia para adestrar e educar seu c\u00e3o? Clique na imagem abaixo e conhe\u00e7a a Alelu On-line! Consultoria Precisa de ajuda e orienta\u00e7\u00e3o espec\u00edfica para um assunto relacionado ao seu c\u00e3o? Clique na&hellip; <a href=\"https:\/\/www.alelu.com.br\/en\/\" class=\"more-link\">Continue reading <span class=\"screen-reader-text\"><\/span><\/a><\/p>","protected":false},"author":1,"featured_media":0,"parent":0,"menu_order":1,"comment_status":"closed","ping_status":"closed","template":"templates\/full-width-page.php","meta":{"_eb_attr":"","footnotes":""},"tags":[2],"class_list":["post-7","page","type-page","status-publish","hentry","tag-adestramento-campinas-caes-educacaocanina-pisicologiacanina-treinopositivo-treino-lovedogs-cinofilia","without-featured-image"],"jetpack_sharing_enabled":true,"jetpack_shortlink":"https:\/\/wp.me\/Pa0xBY-7","_links":{"self":[{"href":"https:\/\/www.alelu.com.br\/en\/wp-json\/wp\/v2\/pages\/7","targetHints":{"allow":["GET"]}}],"collection":[{"href":"https:\/\/www.alelu.com.br\/en\/wp-json\/wp\/v2\/pages"}],"about":[{"href":"https:\/\/www.alelu.com.br\/en\/wp-json\/wp\/v2\/types\/page"}],"author":[{"embeddable":true,"href":"https:\/\/www.alelu.com.br\/en\/wp-json\/wp\/v2\/users\/1"}],"replies":[{"embeddable":true,"href":"https:\/\/www.alelu.com.br\/en\/wp-json\/wp\/v2\/comments?post=7"}],"version-history":[{"count":191,"href":"https:\/\/www.alelu.com.br\/en\/wp-json\/wp\/v2\/pages\/7\/revisions"}],"predecessor-version":[{"id":4007,"href":"https:\/\/www.alelu.com.br\/en\/wp-json\/wp\/v2\/pages\/7\/revisions\/4007"}],"wp:attachment":[{"href":"https:\/\/www.alelu.com.br\/en\/wp-json\/wp\/v2\/media?parent=7"}],"wp:term":[{"taxonomy":"post_tag","embeddable":true,"href":"https:\/\/www.alelu.com.br\/en\/wp-json\/wp\/v2\/tags?post=7"}],"curies":[{"name":"wp","href":"https:\/\/api.w.org\/{rel}","templated":true}]}}