{"id":4105,"date":"2024-05-20T05:25:51","date_gmt":"2024-05-20T08:25:51","guid":{"rendered":"https:\/\/www.alelu.com.br\/?page_id=4105"},"modified":"2024-07-08T08:30:31","modified_gmt":"2024-07-08T11:30:31","slug":"filhotes","status":"publish","type":"page","link":"https:\/\/www.alelu.com.br\/en\/filhotes\/","title":{"rendered":""},"content":{"rendered":"<h3 style=\"text-align: center;\"><strong><a href=\"https:\/\/i0.wp.com\/www.alelu.com.br\/wp-content\/uploads\/2024\/05\/3a8dad7f872542a95103cb9ca74dc415.png\"><img data-recalc-dims=\"1\" loading=\"lazy\" decoding=\"async\" data-attachment-id=\"4154\" data-permalink=\"https:\/\/www.alelu.com.br\/en\/filhotes\/3a8dad7f872542a95103cb9ca74dc415\/\" data-orig-file=\"https:\/\/i0.wp.com\/www.alelu.com.br\/wp-content\/uploads\/2024\/05\/3a8dad7f872542a95103cb9ca74dc415.png?fit=640%2C640&amp;ssl=1\" data-orig-size=\"640,640\" data-comments-opened=\"0\" data-image-meta=\"{&quot;aperture&quot;:&quot;0&quot;,&quot;credit&quot;:&quot;&quot;,&quot;camera&quot;:&quot;&quot;,&quot;caption&quot;:&quot;&quot;,&quot;created_timestamp&quot;:&quot;0&quot;,&quot;copyright&quot;:&quot;&quot;,&quot;focal_length&quot;:&quot;0&quot;,&quot;iso&quot;:&quot;0&quot;,&quot;shutter_speed&quot;:&quot;0&quot;,&quot;title&quot;:&quot;&quot;,&quot;orientation&quot;:&quot;0&quot;}\" data-image-title=\"3a8dad7f872542a95103cb9ca74dc415\" data-image-description=\"\" data-image-caption=\"\" data-medium-file=\"https:\/\/i0.wp.com\/www.alelu.com.br\/wp-content\/uploads\/2024\/05\/3a8dad7f872542a95103cb9ca74dc415.png?fit=300%2C300&amp;ssl=1\" data-large-file=\"https:\/\/i0.wp.com\/www.alelu.com.br\/wp-content\/uploads\/2024\/05\/3a8dad7f872542a95103cb9ca74dc415.png?fit=640%2C640&amp;ssl=1\" class=\"alignnone wp-image-4154\" src=\"https:\/\/i0.wp.com\/www.alelu.com.br\/wp-content\/uploads\/2024\/05\/3a8dad7f872542a95103cb9ca74dc415.png?resize=54%2C54\" alt=\"\" width=\"54\" height=\"54\" srcset=\"https:\/\/i0.wp.com\/www.alelu.com.br\/wp-content\/uploads\/2024\/05\/3a8dad7f872542a95103cb9ca74dc415.png?resize=300%2C300&amp;ssl=1 300w, https:\/\/i0.wp.com\/www.alelu.com.br\/wp-content\/uploads\/2024\/05\/3a8dad7f872542a95103cb9ca74dc415.png?resize=150%2C150&amp;ssl=1 150w, https:\/\/i0.wp.com\/www.alelu.com.br\/wp-content\/uploads\/2024\/05\/3a8dad7f872542a95103cb9ca74dc415.png?resize=12%2C12&amp;ssl=1 12w, https:\/\/i0.wp.com\/www.alelu.com.br\/wp-content\/uploads\/2024\/05\/3a8dad7f872542a95103cb9ca74dc415.png?resize=180%2C180&amp;ssl=1 180w, https:\/\/i0.wp.com\/www.alelu.com.br\/wp-content\/uploads\/2024\/05\/3a8dad7f872542a95103cb9ca74dc415.png?w=640&amp;ssl=1 640w\" sizes=\"auto, (max-width: 54px) 100vw, 54px\" \/><\/a><a href=\"https:\/\/whatsa.me\/5519996354524\/?t=Ol%C3%A1,%20gostaria%20de%20informa%C3%A7%C3%B5es%20sobre%20filhotes%20de%20rottweiler.\">WhatsApp &#8211; 19 99635-4524 &#8211; Luciano Doreto<\/a><\/strong><\/h3>\n<h1 style=\"text-align: center;\"><strong>Logan X Lanah<br \/>\n<\/strong><strong>Nascto. 23\/05\/24<\/strong><\/h1>\n<div>\n<h1 style=\"text-align: left;\"><strong>Ninhada<\/strong><\/h1>\n<p style=\"text-align: left;\"><strong>3 F\u00eameas e 1 Macho<\/strong><\/p>\n<div style=\"text-align: center;\"><br \/>\n<div style=\"width: 466px;\" class=\"wp-video\"><video class=\"wp-video-shortcode\" id=\"video-4105-1\" width=\"466\" height=\"848\" preload=\"metadata\" controls=\"controls\"><source type=\"video\/mp4\" src=\"http:\/\/www.alelu.com.br\/wp-content\/uploads\/2024\/07\/WhatsApp-Video-2024-07-08-at-08.28.33.mp4?_=1\" \/><a href=\"http:\/\/www.alelu.com.br\/wp-content\/uploads\/2024\/07\/WhatsApp-Video-2024-07-08-at-08.28.33.mp4\">http:\/\/www.alelu.com.br\/wp-content\/uploads\/2024\/07\/WhatsApp-Video-2024-07-08-at-08.28.33.mp4<\/a><\/video><\/div><\/p>\n<\/div>\n<p>&nbsp;<\/p>\n<\/div>\n<hr \/>\n<h1 style=\"text-align: left;\"><strong>Pai &#8211; Logan Doretto Beto Filhotes<\/strong><\/h1>\n<div style=\"text-align: center;\"><strong><\/strong><\/div>\n<div><\/div>\n<div><\/div>\n<div><\/div>\n<div><\/div>\n<div><\/div>\n<div><\/div>\n<div><\/div>\n<div><\/div>\n<div style=\"width: 825px;\" class=\"wp-video\"><video class=\"wp-video-shortcode\" id=\"video-4105-2\" width=\"825\" height=\"389\" preload=\"metadata\" controls=\"controls\"><source type=\"video\/mp4\" src=\"http:\/\/www.alelu.com.br\/wp-content\/uploads\/2024\/05\/WhatsApp-Video-2024-05-20-at-04.22.04-Trim.mp4?_=2\" \/><a href=\"http:\/\/www.alelu.com.br\/wp-content\/uploads\/2024\/05\/WhatsApp-Video-2024-05-20-at-04.22.04-Trim.mp4\">http:\/\/www.alelu.com.br\/wp-content\/uploads\/2024\/05\/WhatsApp-Video-2024-05-20-at-04.22.04-Trim.mp4<\/a><\/video><\/div>\n<p>&nbsp;<\/p>\n<div style=\"width: 825px;\" class=\"wp-video\"><video class=\"wp-video-shortcode\" id=\"video-4105-3\" width=\"825\" height=\"464\" preload=\"metadata\" controls=\"controls\"><source type=\"video\/mp4\" src=\"http:\/\/www.alelu.com.br\/wp-content\/uploads\/2024\/05\/20190908_081120.mp4?_=3\" \/><a href=\"http:\/\/www.alelu.com.br\/wp-content\/uploads\/2024\/05\/20190908_081120.mp4\">http:\/\/www.alelu.com.br\/wp-content\/uploads\/2024\/05\/20190908_081120.mp4<\/a><\/video><\/div>\n<hr \/>\n<h1 style=\"text-align: left;\"><strong>M\u00e3e &#8211; Lanah Xavier Von Maxdorf<\/strong><\/h1>\n<p style=\"text-align: center;\"><strong><\/strong><\/p>\n<p>&nbsp;<\/p>\n<div style=\"width: 825px;\" class=\"wp-video\"><video class=\"wp-video-shortcode\" id=\"video-4105-4\" width=\"825\" height=\"389\" preload=\"metadata\" controls=\"controls\"><source type=\"video\/mp4\" src=\"http:\/\/www.alelu.com.br\/wp-content\/uploads\/2024\/05\/WhatsApp-Video-2024-05-20-at-04.21.57.mp4?_=4\" \/><br \/>[video width=\"720\" height=\"720\" mp4=\"http:\/\/www.alelu.com.br\/wp-content\/uploads\/2024\/05\/XiaoYing_Video_1609691929968_HD.mp4\"]<a href=\"http:\/\/www.alelu.com.br\/wp-content\/uploads\/2024\/05\/WhatsApp-Video-2024-05-20-at-04.21.57.mp4\">http:\/\/www.alelu.com.br\/wp-content\/uploads\/2024\/05\/WhatsApp-Video-2024-05-20-at-04.21.57.mp4<\/a><\/video><\/div>\n<hr \/>\n<h1 style=\"text-align: left;\"><strong>Pr\u00e9 Natal<\/strong><\/h1>\n<p style=\"text-align: center;\"><a href=\"https:\/\/i0.wp.com\/www.alelu.com.br\/wp-content\/uploads\/2024\/05\/Captura-de-tela-2024-05-20-044512.png\"><img data-recalc-dims=\"1\" loading=\"lazy\" decoding=\"async\" data-attachment-id=\"4129\" data-permalink=\"https:\/\/www.alelu.com.br\/en\/filhotes\/captura-de-tela-2024-05-20-044512\/\" data-orig-file=\"https:\/\/i0.wp.com\/www.alelu.com.br\/wp-content\/uploads\/2024\/05\/Captura-de-tela-2024-05-20-044512.png?fit=699%2C880&amp;ssl=1\" data-orig-size=\"699,880\" data-comments-opened=\"0\" data-image-meta=\"{&quot;aperture&quot;:&quot;0&quot;,&quot;credit&quot;:&quot;&quot;,&quot;camera&quot;:&quot;&quot;,&quot;caption&quot;:&quot;&quot;,&quot;created_timestamp&quot;:&quot;0&quot;,&quot;copyright&quot;:&quot;&quot;,&quot;focal_length&quot;:&quot;0&quot;,&quot;iso&quot;:&quot;0&quot;,&quot;shutter_speed&quot;:&quot;0&quot;,&quot;title&quot;:&quot;&quot;,&quot;orientation&quot;:&quot;0&quot;}\" data-image-title=\"Captura de tela 2024-05-20 044512\" data-image-description=\"\" data-image-caption=\"\" data-medium-file=\"https:\/\/i0.wp.com\/www.alelu.com.br\/wp-content\/uploads\/2024\/05\/Captura-de-tela-2024-05-20-044512.png?fit=238%2C300&amp;ssl=1\" data-large-file=\"https:\/\/i0.wp.com\/www.alelu.com.br\/wp-content\/uploads\/2024\/05\/Captura-de-tela-2024-05-20-044512.png?fit=699%2C880&amp;ssl=1\" class=\"alignnone wp-image-4129\" src=\"https:\/\/i0.wp.com\/www.alelu.com.br\/wp-content\/uploads\/2024\/05\/Captura-de-tela-2024-05-20-044512.png?resize=387%2C488\" alt=\"\" width=\"387\" height=\"488\" srcset=\"https:\/\/i0.wp.com\/www.alelu.com.br\/wp-content\/uploads\/2024\/05\/Captura-de-tela-2024-05-20-044512.png?resize=238%2C300&amp;ssl=1 238w, https:\/\/i0.wp.com\/www.alelu.com.br\/wp-content\/uploads\/2024\/05\/Captura-de-tela-2024-05-20-044512.png?resize=10%2C12&amp;ssl=1 10w, https:\/\/i0.wp.com\/www.alelu.com.br\/wp-content\/uploads\/2024\/05\/Captura-de-tela-2024-05-20-044512.png?w=699&amp;ssl=1 699w\" sizes=\"auto, (max-width: 387px) 100vw, 387px\" \/><\/a> <a href=\"https:\/\/i0.wp.com\/www.alelu.com.br\/wp-content\/uploads\/2024\/05\/Captura-de-tela-2024-05-20-044546.png\"><img data-recalc-dims=\"1\" loading=\"lazy\" decoding=\"async\" data-attachment-id=\"4128\" data-permalink=\"https:\/\/www.alelu.com.br\/en\/filhotes\/captura-de-tela-2024-05-20-044546\/\" data-orig-file=\"https:\/\/i0.wp.com\/www.alelu.com.br\/wp-content\/uploads\/2024\/05\/Captura-de-tela-2024-05-20-044546.png?fit=666%2C859&amp;ssl=1\" data-orig-size=\"666,859\" data-comments-opened=\"0\" data-image-meta=\"{&quot;aperture&quot;:&quot;0&quot;,&quot;credit&quot;:&quot;&quot;,&quot;camera&quot;:&quot;&quot;,&quot;caption&quot;:&quot;&quot;,&quot;created_timestamp&quot;:&quot;0&quot;,&quot;copyright&quot;:&quot;&quot;,&quot;focal_length&quot;:&quot;0&quot;,&quot;iso&quot;:&quot;0&quot;,&quot;shutter_speed&quot;:&quot;0&quot;,&quot;title&quot;:&quot;&quot;,&quot;orientation&quot;:&quot;0&quot;}\" data-image-title=\"Captura de tela 2024-05-20 044546\" data-image-description=\"\" data-image-caption=\"\" data-medium-file=\"https:\/\/i0.wp.com\/www.alelu.com.br\/wp-content\/uploads\/2024\/05\/Captura-de-tela-2024-05-20-044546.png?fit=233%2C300&amp;ssl=1\" data-large-file=\"https:\/\/i0.wp.com\/www.alelu.com.br\/wp-content\/uploads\/2024\/05\/Captura-de-tela-2024-05-20-044546.png?fit=666%2C859&amp;ssl=1\" class=\"alignnone wp-image-4128\" src=\"https:\/\/i0.wp.com\/www.alelu.com.br\/wp-content\/uploads\/2024\/05\/Captura-de-tela-2024-05-20-044546.png?resize=379%2C488\" alt=\"\" width=\"379\" height=\"488\" srcset=\"https:\/\/i0.wp.com\/www.alelu.com.br\/wp-content\/uploads\/2024\/05\/Captura-de-tela-2024-05-20-044546.png?resize=233%2C300&amp;ssl=1 233w, https:\/\/i0.wp.com\/www.alelu.com.br\/wp-content\/uploads\/2024\/05\/Captura-de-tela-2024-05-20-044546.png?resize=9%2C12&amp;ssl=1 9w, https:\/\/i0.wp.com\/www.alelu.com.br\/wp-content\/uploads\/2024\/05\/Captura-de-tela-2024-05-20-044546.png?w=666&amp;ssl=1 666w\" sizes=\"auto, (max-width: 379px) 100vw, 379px\" \/><\/a><\/p>\n<p style=\"text-align: center;\"><a href=\"https:\/\/i0.wp.com\/www.alelu.com.br\/wp-content\/uploads\/2024\/05\/WhatsApp-Image-2024-05-24-at-14.29.14.jpeg\"><img data-recalc-dims=\"1\" loading=\"lazy\" decoding=\"async\" data-attachment-id=\"4167\" data-permalink=\"https:\/\/www.alelu.com.br\/en\/filhotes\/whatsapp-image-2024-05-24-at-14-29-14\/\" data-orig-file=\"https:\/\/i0.wp.com\/www.alelu.com.br\/wp-content\/uploads\/2024\/05\/WhatsApp-Image-2024-05-24-at-14.29.14.jpeg?fit=2016%2C954&amp;ssl=1\" data-orig-size=\"2016,954\" data-comments-opened=\"0\" data-image-meta=\"{&quot;aperture&quot;:&quot;0&quot;,&quot;credit&quot;:&quot;&quot;,&quot;camera&quot;:&quot;&quot;,&quot;caption&quot;:&quot;&quot;,&quot;created_timestamp&quot;:&quot;0&quot;,&quot;copyright&quot;:&quot;&quot;,&quot;focal_length&quot;:&quot;0&quot;,&quot;iso&quot;:&quot;0&quot;,&quot;shutter_speed&quot;:&quot;0&quot;,&quot;title&quot;:&quot;&quot;,&quot;orientation&quot;:&quot;0&quot;}\" data-image-title=\"WhatsApp Image 2024-05-24 at 14.29.14\" data-image-description=\"\" data-image-caption=\"\" data-medium-file=\"https:\/\/i0.wp.com\/www.alelu.com.br\/wp-content\/uploads\/2024\/05\/WhatsApp-Image-2024-05-24-at-14.29.14.jpeg?fit=300%2C142&amp;ssl=1\" data-large-file=\"https:\/\/i0.wp.com\/www.alelu.com.br\/wp-content\/uploads\/2024\/05\/WhatsApp-Image-2024-05-24-at-14.29.14.jpeg?fit=825%2C391&amp;ssl=1\" class=\"wp-image-4167 aligncenter\" src=\"https:\/\/i0.wp.com\/www.alelu.com.br\/wp-content\/uploads\/2024\/05\/WhatsApp-Image-2024-05-24-at-14.29.14.jpeg?resize=702%2C332\" alt=\"\" width=\"702\" height=\"332\" srcset=\"https:\/\/i0.wp.com\/www.alelu.com.br\/wp-content\/uploads\/2024\/05\/WhatsApp-Image-2024-05-24-at-14.29.14.jpeg?resize=300%2C142&amp;ssl=1 300w, https:\/\/i0.wp.com\/www.alelu.com.br\/wp-content\/uploads\/2024\/05\/WhatsApp-Image-2024-05-24-at-14.29.14.jpeg?resize=1024%2C485&amp;ssl=1 1024w, https:\/\/i0.wp.com\/www.alelu.com.br\/wp-content\/uploads\/2024\/05\/WhatsApp-Image-2024-05-24-at-14.29.14.jpeg?resize=768%2C363&amp;ssl=1 768w, https:\/\/i0.wp.com\/www.alelu.com.br\/wp-content\/uploads\/2024\/05\/WhatsApp-Image-2024-05-24-at-14.29.14.jpeg?resize=1536%2C727&amp;ssl=1 1536w, https:\/\/i0.wp.com\/www.alelu.com.br\/wp-content\/uploads\/2024\/05\/WhatsApp-Image-2024-05-24-at-14.29.14.jpeg?resize=18%2C9&amp;ssl=1 18w, https:\/\/i0.wp.com\/www.alelu.com.br\/wp-content\/uploads\/2024\/05\/WhatsApp-Image-2024-05-24-at-14.29.14.jpeg?w=2016&amp;ssl=1 2016w, https:\/\/i0.wp.com\/www.alelu.com.br\/wp-content\/uploads\/2024\/05\/WhatsApp-Image-2024-05-24-at-14.29.14.jpeg?w=1650 1650w\" sizes=\"auto, (max-width: 702px) 100vw, 702px\" \/><\/a><\/p>\n<h2><\/h2>\n<hr \/>\n<h1 style=\"text-align: left;\"><strong>Preparativos<\/strong><\/h1>\n<div style=\"width: 400px;\" class=\"wp-video\"><video class=\"wp-video-shortcode\" id=\"video-4105-5\" width=\"400\" height=\"848\" preload=\"metadata\" controls=\"controls\"><source type=\"video\/mp4\" src=\"http:\/\/www.alelu.com.br\/wp-content\/uploads\/2024\/05\/WhatsApp-Video-2024-05-20-at-04.21.51.mp4?_=5\" \/><a href=\"http:\/\/www.alelu.com.br\/wp-content\/uploads\/2024\/05\/WhatsApp-Video-2024-05-20-at-04.21.51.mp4\">http:\/\/www.alelu.com.br\/wp-content\/uploads\/2024\/05\/WhatsApp-Video-2024-05-20-at-04.21.51.mp4<\/a><\/video><\/div>\n<hr \/>\n<h1 style=\"text-align: left;\"><strong>Manipula\u00e7\u00e3o precoce<br \/>\n<\/strong><\/h1>\n<div style=\"width: 466px;\" class=\"wp-video\"><video class=\"wp-video-shortcode\" id=\"video-4105-6\" width=\"466\" height=\"848\" preload=\"metadata\" controls=\"controls\"><source type=\"video\/mp4\" src=\"http:\/\/www.alelu.com.br\/wp-content\/uploads\/2024\/05\/WhatsApp-Video-2024-05-26-at-11.18.37.mp4?_=6\" \/><a href=\"http:\/\/www.alelu.com.br\/wp-content\/uploads\/2024\/05\/WhatsApp-Video-2024-05-26-at-11.18.37.mp4\">http:\/\/www.alelu.com.br\/wp-content\/uploads\/2024\/05\/WhatsApp-Video-2024-05-26-at-11.18.37.mp4<\/a><\/video><\/div>\n<div style=\"width: 825px;\" class=\"wp-video\"><video class=\"wp-video-shortcode\" id=\"video-4105-7\" width=\"825\" height=\"389\" preload=\"metadata\" controls=\"controls\"><source type=\"video\/mp4\" src=\"http:\/\/www.alelu.com.br\/wp-content\/uploads\/2024\/05\/WhatsApp-Video-2024-05-29-at-10.41.15.mp4?_=7\" \/><a href=\"http:\/\/www.alelu.com.br\/wp-content\/uploads\/2024\/05\/WhatsApp-Video-2024-05-29-at-10.41.15.mp4\">http:\/\/www.alelu.com.br\/wp-content\/uploads\/2024\/05\/WhatsApp-Video-2024-05-29-at-10.41.15.mp4<\/a><\/video><\/div>\n<h1 style=\"text-align: center;\"><strong>\u00a0<\/strong><\/h1>\n<p style=\"font-weight: 400;\"><strong>Benef\u00edcios do Early Neurological Stimulation (ENS)<\/strong><\/p>\n<ul style=\"font-weight: 400;\">\n<li>Melhora da performance cardiovascular;<\/li>\n<li>Melhora dos batimentos card\u00edacos;<\/li>\n<li>Melhora do funcionamento da gl\u00e2ndula adrenal;<\/li>\n<li>Maior toler\u00e2ncia ao estresse;<\/li>\n<li>Maior resist\u00eancia a doen\u00e7as.<\/li>\n<\/ul>\n<p style=\"font-weight: 400;\">O Programa Super Dog (ou Bio Sensor) \u00e9 uma s\u00e9rie de exerc\u00edcios de estimula\u00e7\u00e3o neurol\u00f3gica precoce (ENS) que tem uma abordagem conservadora para n\u00e3o ter risco de super-estimula\u00e7\u00e3o.<\/p>\n<p style=\"font-weight: 400;\">Os militares americanos em seu programa canino desenvolveram o m\u00e9todo que serviu como guia para esse estudo. Como um esfor\u00e7o para melhorar a performance dos cachorros usados para fins militares, um programa chamado \u201cBio Sensor\u201d foi desenvolvido. Mais tarde, ficou conhecido como \u201cSuper Dog\u201d Program (Programa Super Dog). Baseado em anos de pesquisa, os militares aprenderam que os exerc\u00edcios de estimula\u00e7\u00e3o neurol\u00f3gica precoce poderia ter efeitos importantes e duradouros. Seus estudos confirmaram que h\u00e1 per\u00edodos espec\u00edficos no in\u00edcio da vida onde a estimula\u00e7\u00e3o neurol\u00f3gica otimiza seus resultados. O primeiro per\u00edodo envolve uma janela de tempo que come\u00e7a no terceiro dia de vida e dura at\u00e9 o d\u00e9cimo sexto dia.\u00a0Acredita-se que seja de grande import\u00e2ncia para o indiv\u00edduo porque esse intervalo de tempo seja um per\u00edodo de r\u00e1pido crescimento e desenvolvimento neurol\u00f3gico.<\/p>\n<p style=\"font-weight: 400;\">E como funciona essa estimula\u00e7\u00e3o neurol\u00f3gica precoce? \u00c9 uma s\u00e9rie de cinco exerc\u00edcios di\u00e1rios por filhote, onde eles dever\u00e3o ser estimulados de 3-5 segundos em cada posi\u00e7\u00e3o, cabe\u00e7a mantida ereta, cabe\u00e7a apontada para baixo, em dec\u00fabito dorsal e estimula\u00e7\u00e3o t\u00e1til e t\u00e9rmica.<\/p>\n<p style=\"font-weight: 400;\">Esses cinco exerc\u00edcios produzir\u00e3o est\u00edmulos neurol\u00f3gicos que n\u00e3o ocorrem naturalmente durante esse per\u00edodo inicial da vida. Esses exerc\u00edcios afetam o sistema neurol\u00f3gico, colocando-o em a\u00e7\u00e3o mais cedo do que seria normalmente esperado. O resultado \u00e9 uma capacidade aumentada que mais tarde ajudar\u00e1 a fazer a diferen\u00e7a em seu desempenho.<\/p>\n<p style=\"font-weight: 400;\">Nos testes de aprendizagem, os filhotes estimulados foram considerados mais ativos e mais explorat\u00f3rios do que seus companheiros de ninhada n\u00e3o estimulados, sobre os quais foram dominantes em situa\u00e7\u00f5es competitivas.<\/p>\n<p style=\"font-weight: 400;\">Efeitos secund\u00e1rios tamb\u00e9m foram observados em rela\u00e7\u00e3o ao desempenho do teste. Em simples testes de solu\u00e7\u00e3o de problemas usando desvios em um labirinto, os filhotes n\u00e3o estimulados ficaram extremamente excitados, choramingaram bastante e cometeram muitos erros. Os companheiros de ninhada estimulados ficaram menos perturbados pelas condi\u00e7\u00f5es do teste e, quando foram feitas compara\u00e7\u00f5es, os companheiros de ninhada estimulados ficaram mais calmos no ambiente de teste, cometeram menos erros e emitiram apenas um som ocasional de estresse quando estressados.<\/p>\n<p style=\"font-weight: 400;\">Estudos apontam que geralmente a gen\u00e9tica \u00e9 respons\u00e1vel por cerca de 35% do desempenho do c\u00e3o, mas os 65% restantes (gerenciamento, treinamento, nutri\u00e7\u00e3o) podem fazer a diferen\u00e7a. A socializa\u00e7\u00e3o dos filhotes \u00e9 uma preocupa\u00e7\u00e3o de todos os criadores. Acreditamos que \u00e9 dever do criador entregar o filhote com todas as ferramentas poss\u00edveis para poder lidar da melhor forma poss\u00edvel com as mais diversas situa\u00e7\u00f5es do dia a dia. \u00c9 um trabalho em conjunto, portanto seu filhote dever\u00e1 ser estimulado e ensinado tamb\u00e9m ap\u00f3s chegar em seu lar, por isso a import\u00e2ncia de procurar um adestrador para ajuda-los nessa jornada.<\/p>\n<p>&nbsp;<\/p>\n<h1 style=\"text-align: center;\"><strong>Socializa\u00e7\u00e3o<\/strong><\/h1>\n<p>&nbsp;<\/p>\n<p>A janela de socializa\u00e7\u00e3o em c\u00e3es \u00e9 um per\u00edodo importante na vida dos nossos amigos de quatro patas. \u00c9 durante essa fase que os filhotes est\u00e3o mais abertos e receptivos para aprender e se adaptar ao mundo ao seu redor.<\/p>\n<p>A janela de socializa\u00e7\u00e3o ocorre geralmente entre as tr\u00eas e as doze semanas de idade do filhote. Durante esse tempo, \u00e9 essencial expor o c\u00e3ozinho a diferentes est\u00edmulos, como pessoas, outros animais, sons, objetos e ambientes variados. Isso ajuda a desenvolver sua confian\u00e7a, habilidades sociais e a capacidade de lidar com situa\u00e7\u00f5es novas.<\/p>\n<p>A socializa\u00e7\u00e3o adequada nessa fase \u00e9 crucial para evitar problemas comportamentais no futuro. C\u00e3es que n\u00e3o s\u00e3o devidamente socializados podem se tornar medrosos, agressivos ou apresentar comportamentos indesejados, como latir excessivamente ou destruir objetos.<\/p>\n<div style=\"width: 825px;\" class=\"wp-video\"><video class=\"wp-video-shortcode\" id=\"video-4105-8\" width=\"825\" height=\"391\" preload=\"metadata\" controls=\"controls\"><source type=\"video\/mp4\" src=\"http:\/\/www.alelu.com.br\/wp-content\/uploads\/2024\/06\/WhatsApp-Video-2024-06-10-at-17.23.59.mp4?_=8\" \/><a href=\"http:\/\/www.alelu.com.br\/wp-content\/uploads\/2024\/06\/WhatsApp-Video-2024-06-10-at-17.23.59.mp4\">http:\/\/www.alelu.com.br\/wp-content\/uploads\/2024\/06\/WhatsApp-Video-2024-06-10-at-17.23.59.mp4<\/a><\/video><\/div>\n<p>&#8216;<\/p>\n<div style=\"width: 825px;\" class=\"wp-video\"><video class=\"wp-video-shortcode\" id=\"video-4105-9\" width=\"825\" height=\"391\" preload=\"metadata\" controls=\"controls\"><source type=\"video\/mp4\" src=\"http:\/\/www.alelu.com.br\/wp-content\/uploads\/2024\/06\/WhatsApp-Video-2024-06-11-at-13.01.40.mp4?_=9\" \/><a href=\"http:\/\/www.alelu.com.br\/wp-content\/uploads\/2024\/06\/WhatsApp-Video-2024-06-11-at-13.01.40.mp4\">http:\/\/www.alelu.com.br\/wp-content\/uploads\/2024\/06\/WhatsApp-Video-2024-06-11-at-13.01.40.mp4<\/a><\/video><\/div>\n<hr \/>\n<h1 style=\"text-align: left;\"><\/h1>\n<h1 style=\"text-align: left;\"><strong>Reservas<\/strong><\/h1>\n<h2 style=\"text-align: center;\"><strong>Pais com <span style=\"color: #ff0000;\">PEDIGREE<\/span>(veja nas fotos), por\u00e9m por <span style=\"color: #ff0000;\">n\u00e3o sermos Canil<\/span>, n\u00e3o emitimos o pedigree dos filhotes e por isso o custo \u00e9 bem abaixo do custo de um canil.<\/strong><\/h2>\n<h2 style=\"text-align: center;\"><strong>S\u00f3 entregamos o filhote ap\u00f3s 60 dias de vida, a retirada do filhote da ninhada antes de per\u00edodo \u00e9 prejudicial ao mesmo. Com 60 dias j\u00e1 estar\u00e1 com a primeira dose da vacina polivalente(v10\/v12) importada e j\u00e1 com 2 ou 3 doses de vermifuga\u00e7\u00e3o.<\/strong><\/h2>\n<h2 style=\"text-align: center;\"><strong>Reservas poder\u00e3o ser efetuadas mediante sinal de <span style=\"color: #ff0000;\">30%.<\/span><\/strong><br \/>\n<strong>Parcelamos em at\u00e9 12x( <span style=\"color: #ff0000;\">sem juros<\/span> ).<\/strong><\/h2>\n<p>&nbsp;<\/p>\n<h3 style=\"text-align: center;\"><strong>Adquirindo seu filhote ganhe uma consultoria comportamental!<\/strong><br \/>\n<a href=\"https:\/\/www.alelu.com.br\/preventiva\/\"><strong>https:\/\/www.alelu.com.br\/preventiva\/<\/strong><\/a><\/h3>\n<h1 style=\"text-align: center;\"><strong><a href=\"https:\/\/i0.wp.com\/www.alelu.com.br\/wp-content\/uploads\/2024\/05\/3a8dad7f872542a95103cb9ca74dc415.png\"><img data-recalc-dims=\"1\" loading=\"lazy\" decoding=\"async\" data-attachment-id=\"4154\" data-permalink=\"https:\/\/www.alelu.com.br\/en\/filhotes\/3a8dad7f872542a95103cb9ca74dc415\/\" data-orig-file=\"https:\/\/i0.wp.com\/www.alelu.com.br\/wp-content\/uploads\/2024\/05\/3a8dad7f872542a95103cb9ca74dc415.png?fit=640%2C640&amp;ssl=1\" data-orig-size=\"640,640\" data-comments-opened=\"0\" data-image-meta=\"{&quot;aperture&quot;:&quot;0&quot;,&quot;credit&quot;:&quot;&quot;,&quot;camera&quot;:&quot;&quot;,&quot;caption&quot;:&quot;&quot;,&quot;created_timestamp&quot;:&quot;0&quot;,&quot;copyright&quot;:&quot;&quot;,&quot;focal_length&quot;:&quot;0&quot;,&quot;iso&quot;:&quot;0&quot;,&quot;shutter_speed&quot;:&quot;0&quot;,&quot;title&quot;:&quot;&quot;,&quot;orientation&quot;:&quot;0&quot;}\" data-image-title=\"3a8dad7f872542a95103cb9ca74dc415\" data-image-description=\"\" data-image-caption=\"\" data-medium-file=\"https:\/\/i0.wp.com\/www.alelu.com.br\/wp-content\/uploads\/2024\/05\/3a8dad7f872542a95103cb9ca74dc415.png?fit=300%2C300&amp;ssl=1\" data-large-file=\"https:\/\/i0.wp.com\/www.alelu.com.br\/wp-content\/uploads\/2024\/05\/3a8dad7f872542a95103cb9ca74dc415.png?fit=640%2C640&amp;ssl=1\" class=\"alignnone wp-image-4154\" src=\"https:\/\/i0.wp.com\/www.alelu.com.br\/wp-content\/uploads\/2024\/05\/3a8dad7f872542a95103cb9ca74dc415.png?resize=54%2C54\" alt=\"\" width=\"54\" height=\"54\" srcset=\"https:\/\/i0.wp.com\/www.alelu.com.br\/wp-content\/uploads\/2024\/05\/3a8dad7f872542a95103cb9ca74dc415.png?resize=300%2C300&amp;ssl=1 300w, https:\/\/i0.wp.com\/www.alelu.com.br\/wp-content\/uploads\/2024\/05\/3a8dad7f872542a95103cb9ca74dc415.png?resize=150%2C150&amp;ssl=1 150w, https:\/\/i0.wp.com\/www.alelu.com.br\/wp-content\/uploads\/2024\/05\/3a8dad7f872542a95103cb9ca74dc415.png?resize=12%2C12&amp;ssl=1 12w, https:\/\/i0.wp.com\/www.alelu.com.br\/wp-content\/uploads\/2024\/05\/3a8dad7f872542a95103cb9ca74dc415.png?resize=180%2C180&amp;ssl=1 180w, https:\/\/i0.wp.com\/www.alelu.com.br\/wp-content\/uploads\/2024\/05\/3a8dad7f872542a95103cb9ca74dc415.png?w=640&amp;ssl=1 640w\" sizes=\"auto, (max-width: 54px) 100vw, 54px\" \/><\/a><a href=\"https:\/\/whatsa.me\/5519996354524\/?t=Ol%C3%A1,%20gostaria%20de%20informa%C3%A7%C3%B5es%20sobre%20filhotes%20de%20rottweiler.\">WhatsApp &#8211; 19 99635-4524 &#8211; Luciano Doreto<\/a><\/strong><\/h1>\n<p>Porque ter um Rottweiler<br \/>\n<a href=\"https:\/\/www.youtube.com\/watch?v=JE4qS5ZSCnM\">https:\/\/www.youtube.com\/watch?v=-CqQTTIGCe0<\/a><\/p>\n<p>&nbsp;<\/p>\n","protected":false},"excerpt":{"rendered":"<p>WhatsApp &#8211; 19 99635-4524 &#8211; Luciano Doreto Logan X Lanah Nascto. 23\/05\/24 Ninhada 3 F\u00eameas e 1 Macho &nbsp; Pai &#8211; Logan Doretto Beto Filhotes &nbsp; M\u00e3e &#8211; Lanah Xavier Von Maxdorf &nbsp; Pr\u00e9 Natal Preparativos Manipula\u00e7\u00e3o precoce \u00a0 Benef\u00edcios do Early Neurological Stimulation (ENS) Melhora da performance cardiovascular; Melhora dos batimentos card\u00edacos; Melhora do&hellip; <a href=\"https:\/\/www.alelu.com.br\/en\/filhotes\/\" class=\"more-link\">Continue reading <span class=\"screen-reader-text\"><\/span><\/a><\/p>","protected":false},"author":2,"featured_media":0,"parent":0,"menu_order":0,"comment_status":"closed","ping_status":"closed","template":"","meta":{"_eb_attr":"","footnotes":""},"tags":[],"class_list":["post-4105","page","type-page","status-publish","hentry","without-featured-image"],"jetpack_sharing_enabled":true,"jetpack_shortlink":"https:\/\/wp.me\/Pa0xBY-14d","_links":{"self":[{"href":"https:\/\/www.alelu.com.br\/en\/wp-json\/wp\/v2\/pages\/4105","targetHints":{"allow":["GET"]}}],"collection":[{"href":"https:\/\/www.alelu.com.br\/en\/wp-json\/wp\/v2\/pages"}],"about":[{"href":"https:\/\/www.alelu.com.br\/en\/wp-json\/wp\/v2\/types\/page"}],"author":[{"embeddable":true,"href":"https:\/\/www.alelu.com.br\/en\/wp-json\/wp\/v2\/users\/2"}],"replies":[{"embeddable":true,"href":"https:\/\/www.alelu.com.br\/en\/wp-json\/wp\/v2\/comments?post=4105"}],"version-history":[{"count":81,"href":"https:\/\/www.alelu.com.br\/en\/wp-json\/wp\/v2\/pages\/4105\/revisions"}],"predecessor-version":[{"id":4273,"href":"https:\/\/www.alelu.com.br\/en\/wp-json\/wp\/v2\/pages\/4105\/revisions\/4273"}],"wp:attachment":[{"href":"https:\/\/www.alelu.com.br\/en\/wp-json\/wp\/v2\/media?parent=4105"}],"wp:term":[{"taxonomy":"post_tag","embeddable":true,"href":"https:\/\/www.alelu.com.br\/en\/wp-json\/wp\/v2\/tags?post=4105"}],"curies":[{"name":"wp","href":"https:\/\/api.w.org\/{rel}","templated":true}]}}