{"id":3918,"date":"2020-08-22T14:45:09","date_gmt":"2020-08-22T17:45:09","guid":{"rendered":"http:\/\/www.alelu.com.br\/?page_id=3918"},"modified":"2020-08-22T14:52:09","modified_gmt":"2020-08-22T17:52:09","slug":"zoom","status":"publish","type":"page","link":"https:\/\/www.alelu.com.br\/en\/zoom\/","title":{"rendered":""},"content":{"rendered":"<p><img data-recalc-dims=\"1\" loading=\"lazy\" decoding=\"async\" data-attachment-id=\"3923\" data-permalink=\"https:\/\/www.alelu.com.br\/en\/zoom\/zoom-2\/\" data-orig-file=\"https:\/\/i0.wp.com\/www.alelu.com.br\/wp-content\/uploads\/2020\/08\/Zoom.png?fit=512%2C464&amp;ssl=1\" data-orig-size=\"512,464\" data-comments-opened=\"0\" data-image-meta=\"{&quot;aperture&quot;:&quot;0&quot;,&quot;credit&quot;:&quot;&quot;,&quot;camera&quot;:&quot;&quot;,&quot;caption&quot;:&quot;&quot;,&quot;created_timestamp&quot;:&quot;0&quot;,&quot;copyright&quot;:&quot;&quot;,&quot;focal_length&quot;:&quot;0&quot;,&quot;iso&quot;:&quot;0&quot;,&quot;shutter_speed&quot;:&quot;0&quot;,&quot;title&quot;:&quot;&quot;,&quot;orientation&quot;:&quot;0&quot;}\" data-image-title=\"Zoom\" data-image-description=\"\" data-image-caption=\"\" data-medium-file=\"https:\/\/i0.wp.com\/www.alelu.com.br\/wp-content\/uploads\/2020\/08\/Zoom.png?fit=300%2C272&amp;ssl=1\" data-large-file=\"https:\/\/i0.wp.com\/www.alelu.com.br\/wp-content\/uploads\/2020\/08\/Zoom.png?fit=512%2C464&amp;ssl=1\" class=\"alignnone wp-image-3923 size-thumbnail\" src=\"https:\/\/i0.wp.com\/www.alelu.com.br\/wp-content\/uploads\/2020\/08\/Zoom.png?resize=150%2C150\" alt=\"\" width=\"150\" height=\"150\" srcset=\"https:\/\/i0.wp.com\/www.alelu.com.br\/wp-content\/uploads\/2020\/08\/Zoom.png?resize=150%2C150&amp;ssl=1 150w, https:\/\/i0.wp.com\/www.alelu.com.br\/wp-content\/uploads\/2020\/08\/Zoom.png?resize=180%2C180&amp;ssl=1 180w, https:\/\/i0.wp.com\/www.alelu.com.br\/wp-content\/uploads\/2020\/08\/Zoom.png?resize=300%2C300&amp;ssl=1 300w, https:\/\/i0.wp.com\/www.alelu.com.br\/wp-content\/uploads\/2020\/08\/Zoom.png?resize=100%2C100&amp;ssl=1 100w, https:\/\/i0.wp.com\/www.alelu.com.br\/wp-content\/uploads\/2020\/08\/Zoom.png?zoom=3&amp;resize=150%2C150 450w\" sizes=\"auto, (max-width: 150px) 100vw, 150px\" \/><\/p>\n<p>Para participar da aulas e\/ou consultorias on-line, voc\u00ea precisa instalar a ferramenta <strong>Zoom<\/strong> no seu computador ou celular. \u00c9 muito f\u00e1cil de se fazer e n\u00e3o leva nem um minuto.<strong><br \/>\n<\/strong><br \/>\nPara instalar a ferramenta no seu computador: <a href=\"https:\/\/zoom.us\/client\/latest\/ZoomInstaller.exe\">clique aqui<\/a><\/p>\n<p>Para instalar no seu celular:<\/p>\n<ul>\n<li>Iphone: <a href=\"https:\/\/itunes.apple.com\/us\/app\/id546505307\">clique aqui<\/a><\/li>\n<li>Android: <a href=\"https:\/\/play.google.com\/store\/apps\/details?id=us.zoom.videomeetings\">clique aqui<\/a><\/li>\n<\/ul>\n<p>Caso precise de ajuda, veja os v\u00eddeos explicativos:<\/p>\n<ul>\n<li>Acessando o Zoom pelo computador: <a href=\"https:\/\/www.youtube.com\/watch?v=z9-x8XWk6SQ\" target=\"_blank\" rel=\"noopener noreferrer\">clique aqui<\/a><\/li>\n<li>Acessando o Zoom pelo celular: <a href=\"https:\/\/www.youtube.com\/watch?v=brC-ox6Mx-E\" target=\"_blank\" rel=\"noopener noreferrer\">clique aqui<\/a><\/li>\n<\/ul>","protected":false},"excerpt":{"rendered":"<p>Para participar da aulas e\/ou consultorias on-line, voc\u00ea precisa instalar a ferramenta Zoom no seu computador ou celular. \u00c9 muito f\u00e1cil de se fazer e n\u00e3o leva nem um minuto. Para instalar a ferramenta no seu computador: clique aqui Para instalar no seu celular: Iphone: clique aqui Android: clique aqui Caso precise de ajuda, veja&hellip; <a href=\"https:\/\/www.alelu.com.br\/en\/zoom\/\" class=\"more-link\">Continue reading <span class=\"screen-reader-text\"><\/span><\/a><\/p>","protected":false},"author":1,"featured_media":0,"parent":0,"menu_order":0,"comment_status":"closed","ping_status":"closed","template":"","meta":{"_eb_attr":"","footnotes":""},"tags":[],"class_list":["post-3918","page","type-page","status-publish","hentry","without-featured-image"],"jetpack_sharing_enabled":true,"jetpack_shortlink":"https:\/\/wp.me\/Pa0xBY-11c","_links":{"self":[{"href":"https:\/\/www.alelu.com.br\/en\/wp-json\/wp\/v2\/pages\/3918","targetHints":{"allow":["GET"]}}],"collection":[{"href":"https:\/\/www.alelu.com.br\/en\/wp-json\/wp\/v2\/pages"}],"about":[{"href":"https:\/\/www.alelu.com.br\/en\/wp-json\/wp\/v2\/types\/page"}],"author":[{"embeddable":true,"href":"https:\/\/www.alelu.com.br\/en\/wp-json\/wp\/v2\/users\/1"}],"replies":[{"embeddable":true,"href":"https:\/\/www.alelu.com.br\/en\/wp-json\/wp\/v2\/comments?post=3918"}],"version-history":[{"count":6,"href":"https:\/\/www.alelu.com.br\/en\/wp-json\/wp\/v2\/pages\/3918\/revisions"}],"predecessor-version":[{"id":3927,"href":"https:\/\/www.alelu.com.br\/en\/wp-json\/wp\/v2\/pages\/3918\/revisions\/3927"}],"wp:attachment":[{"href":"https:\/\/www.alelu.com.br\/en\/wp-json\/wp\/v2\/media?parent=3918"}],"wp:term":[{"taxonomy":"post_tag","embeddable":true,"href":"https:\/\/www.alelu.com.br\/en\/wp-json\/wp\/v2\/tags?post=3918"}],"curies":[{"name":"wp","href":"https:\/\/api.w.org\/{rel}","templated":true}]}}