{"id":3872,"date":"2020-08-05T11:41:00","date_gmt":"2020-08-05T14:41:00","guid":{"rendered":"http:\/\/www.alelu.com.br\/?page_id=3872"},"modified":"2026-03-19T14:47:52","modified_gmt":"2026-03-19T17:47:52","slug":"curso-vip-socializacao","status":"publish","type":"page","link":"https:\/\/www.alelu.com.br\/en\/curso-vip-socializacao\/","title":{"rendered":"Curso VIP On-line: Socializa\u00e7\u00e3o Canina"},"content":{"rendered":"<h2><span style=\"color: #f19700;\"><b>A quem se destina?<\/b><\/span><\/h2>\n<ul>\n<li>Donos de c\u00e3es<\/li>\n<li>Interessados na profiss\u00e3o de adestradores<\/li>\n<li>Dog walker (passeadores de c\u00e3es)<\/li>\n<li>Tosadores<\/li>\n<li>Donos e atendentes de pet shops<\/li>\n<li>Veterin\u00e1rios comportamentalistas<\/li>\n<li>T\u00e9cnicos em medicina veterin\u00e1ria<\/li>\n<li>Cuidadores e tratadores de c\u00e3es<\/li>\n<li>Equipes de abrigos e de resgate de c\u00e3es<\/li>\n<li>Donos e funcion\u00e1rios de canil<\/li>\n<li>Donos e funcion\u00e1rios de hotel ou creche para c\u00e3es<\/li>\n<li>Qualquer pessoa interessada no assunto<\/li>\n<\/ul>\n<h2><span style=\"color: #f19700;\"><b>Assuntos abordados:<\/b><\/span><\/h2>\n<ul>\n<li>Escolhendo o c\u00e3o ideal<\/li>\n<li>Cuidados iniciais com o filhote<\/li>\n<li>Como funciona a cabe\u00e7a do c\u00e3o?<\/li>\n<li>O que \u00e9 socializa\u00e7\u00e3o?<\/li>\n<li>Qual \u00e9 a sua import\u00e2ncia?<\/li>\n<li>Est\u00e1gios de desenvolvimento do filhote (per\u00edodos cr\u00edticos):\n<ul>\n<li>Neonatal<\/li>\n<li>Transacional<\/li>\n<li>Socializa\u00e7\u00e3o<\/li>\n<\/ul>\n<\/li>\n<li>Como fazer a socializa\u00e7\u00e3o?<\/li>\n<li>Vacina vs socializa\u00e7\u00e3o<\/li>\n<\/ul>\n<h2 style=\"text-align: center;\">O aluno ter\u00e1 tamb\u00e9m 30 dias de acompanhamento pelo Whatsapp para colocar em pr\u00e1tica tudo o que aprendeu e tirar d\u00favidas com os nossos adestradores<\/h2>\n<hr \/>\n<h2><span style=\"color: #f19700;\"><b>Informa\u00e7\u00f5es importantes:<\/b><\/span><\/h2>\n<ul>\n<li>Curso individual (apenas 1 aluno);<\/li>\n<li>O curso ser\u00e1 feito atrav\u00e9s do aplicativo Zoom;<\/li>\n<li>O link para participar do curso ser\u00e1 enviado por Whatsapp minutos antes do evento come\u00e7ar;<\/li>\n<li>Recomendamos que o curso seja assistido pelo computador e n\u00e3o pelo celular para facilitar a visualiza\u00e7\u00e3o do conte\u00fado a ser apresentado;<\/li>\n<li>O conte\u00fado program\u00e1tico est\u00e1 em elabora\u00e7\u00e3o e portanto alguns assuntos poder\u00e3o ser inclu\u00eddos ou alterados visando entregar o melhor conte\u00fado para os alunos;<\/li>\n<li>O aluno poder\u00e1 alterar a data do curso at\u00e9 1 semana antes da data do planejada;<\/li>\n<li>As inscri\u00e7\u00f5es ser\u00e3o confirmadas mediante comprova\u00e7\u00e3o do pagamento;<\/li>\n<li>N\u00e3o ser\u00e1 fornecido apostila ou material similar.<\/li>\n<\/ul>\n<hr \/>\n<h2><span style=\"color: #f19700;\"><b>Carga hor\u00e1ria:<\/b><\/span><\/h2>\n<ul>\n<li>4 horas de aula te\u00f3rica<\/li>\n<\/ul>\n<hr \/>\n<h2><span style=\"color: #f19700;\"><b>Valor:<\/b><\/span><\/h2>\n<ul>\n<li>R$ 790,00<\/li>\n<\/ul>\n<p>O valor pode ser parcelado no cart\u00e3o de cr\u00e9dito em at\u00e9 12x!<\/p>\n<hr \/>\n<h1><span style=\"color: #f19700;\"><b>Fa\u00e7a j\u00e1 a sua inscri\u00e7\u00e3o<\/b><\/span><\/h1>\n<h3><strong>Primeiro passo: efetuar o pagamento<\/strong><\/h3>\n<h3>Entre em contato pelo whatsapp: 19 99635-4524<\/h3>\n<h3><strong>Segundo passo: preencher o formul\u00e1rio abaixo<\/strong><\/h3>\n\n<div class=\"wpcf7 no-js\" id=\"wpcf7-f3873-o1\" lang=\"pt-BR\" dir=\"ltr\" data-wpcf7-id=\"3873\">\n<div class=\"screen-reader-response\"><p role=\"status\" aria-live=\"polite\" aria-atomic=\"true\"><\/p> <ul><\/ul><\/div>\n<form action=\"\/en\/wp-json\/wp\/v2\/pages\/3872#wpcf7-f3873-o1\" method=\"post\" class=\"wpcf7-form init\" aria-label=\"Formul\u00e1rios de contato\" enctype=\"multipart\/form-data\" novalidate=\"novalidate\" data-status=\"init\" data-trp-original-action=\"\/en\/wp-json\/wp\/v2\/pages\/3872#wpcf7-f3873-o1\">\n<fieldset class=\"hidden-fields-container\"><input type=\"hidden\" name=\"_wpcf7\" value=\"3873\" \/><input type=\"hidden\" name=\"_wpcf7_version\" value=\"6.1.5\" \/><input type=\"hidden\" name=\"_wpcf7_locale\" value=\"pt_BR\" \/><input type=\"hidden\" name=\"_wpcf7_unit_tag\" value=\"wpcf7-f3873-o1\" \/><input type=\"hidden\" name=\"_wpcf7_container_post\" value=\"0\" \/><input type=\"hidden\" name=\"_wpcf7_posted_data_hash\" value=\"\" \/>\n<\/fieldset>\n<p><label> Nome completo:<br \/>\n<span class=\"wpcf7-form-control-wrap\" data-name=\"your-name\"><input size=\"40\" maxlength=\"400\" class=\"wpcf7-form-control wpcf7-text wpcf7-validates-as-required\" aria-required=\"true\" aria-invalid=\"false\" value=\"\" type=\"text\" name=\"your-name\" \/><\/span> <\/label>\n<\/p>\n<p><label> CPF:<br \/>\n<span class=\"wpcf7-form-control-wrap\" data-name=\"your-CPF\"><input size=\"40\" maxlength=\"400\" class=\"wpcf7-form-control wpcf7-text wpcf7-validates-as-required\" aria-required=\"true\" aria-invalid=\"false\" value=\"\" type=\"text\" name=\"your-CPF\" \/><\/span> <\/label>\n<\/p>\n<p><label> Telefone com DDD:<br \/>\n<span class=\"wpcf7-form-control-wrap\" data-name=\"your-telefone\"><input size=\"40\" maxlength=\"400\" class=\"wpcf7-form-control wpcf7-text wpcf7-validates-as-required\" aria-required=\"true\" aria-invalid=\"false\" value=\"\" type=\"text\" name=\"your-telefone\" \/><\/span> <\/label>\n<\/p>\n<p><label> E-mail:<br \/>\n<span class=\"wpcf7-form-control-wrap\" data-name=\"your-email\"><input size=\"40\" maxlength=\"400\" class=\"wpcf7-form-control wpcf7-email wpcf7-validates-as-required wpcf7-text wpcf7-validates-as-email\" aria-required=\"true\" aria-invalid=\"false\" value=\"\" type=\"email\" name=\"your-email\" \/><\/span> <\/label>\n<\/p>\n<p><label>Como ficou sabendo do curso? (obrigat\u00f3rio)<\/label><br \/>\n<span class=\"wpcf7-form-control-wrap\" data-name=\"comoconheceu\"><span class=\"wpcf7-form-control wpcf7-radio\"><span class=\"wpcf7-list-item first\"><label><span class=\"wpcf7-list-item-label\">Indica\u00e7\u00e3o de amigo<\/span><input type=\"radio\" name=\"comoconheceu\" value=\"Indica\u00e7\u00e3o de amigo\" \/><\/label><\/span><span class=\"wpcf7-list-item\"><label><span class=\"wpcf7-list-item-label\">Facebook<\/span><input type=\"radio\" name=\"comoconheceu\" value=\"Facebook\" \/><\/label><\/span><span class=\"wpcf7-list-item\"><label><span class=\"wpcf7-list-item-label\">Instagram<\/span><input type=\"radio\" name=\"comoconheceu\" value=\"Instagram\" \/><\/label><\/span><span class=\"wpcf7-list-item\"><label><span class=\"wpcf7-list-item-label\">Google<\/span><input type=\"radio\" name=\"comoconheceu\" value=\"Google\" \/><\/label><\/span><span class=\"wpcf7-list-item\"><label><span class=\"wpcf7-list-item-label\">Indica\u00e7\u00e3o Dogcare<\/span><input type=\"radio\" name=\"comoconheceu\" value=\"Indica\u00e7\u00e3o Dogcare\" \/><\/label><\/span><span class=\"wpcf7-list-item\"><label><span class=\"wpcf7-list-item-label\">Indica\u00e7\u00e3o Arthur<\/span><input type=\"radio\" name=\"comoconheceu\" value=\"Indica\u00e7\u00e3o Arthur\" \/><\/label><\/span><span class=\"wpcf7-list-item\"><label><span class=\"wpcf7-list-item-label\">Indica\u00e7\u00e3o do Veterin\u00e1rio<\/span><input type=\"radio\" name=\"comoconheceu\" value=\"Indica\u00e7\u00e3o do Veterin\u00e1rio\" \/><\/label><\/span><span class=\"wpcf7-list-item\"><label><span class=\"wpcf7-list-item-label\">J\u00e1 sou cliente da Alelu<\/span><input type=\"radio\" name=\"comoconheceu\" value=\"J\u00e1 sou cliente da Alelu\" \/><\/label><\/span><span class=\"wpcf7-list-item\"><label><span class=\"wpcf7-list-item-label\">Propaganda na TV<\/span><input type=\"radio\" name=\"comoconheceu\" value=\"Propaganda na TV\" \/><\/label><\/span><span class=\"wpcf7-list-item last\"><label><span class=\"wpcf7-list-item-label\">Outros<\/span><input type=\"radio\" name=\"comoconheceu\" value=\"Outros\" \/><\/label><\/span><\/span><\/span>\n<\/p>\n<p><label> Anexe um ou mais comprovantes de pagamento:<\/label><br \/>\n<span class=\"wpcf7-form-control-wrap Comprovante\"><input size=\"40\" class=\"wpcf7-form-control wpcf7-multifile wpcf7-validates-as-required file\" id=\"file\" multiple=\"multiple\" aria-required=\"true\" aria-invalid=\"false\" type=\"file\" name=\"Comprovante[]\" \/><\/span>\n<\/p>\n<p><input class=\"wpcf7-form-control wpcf7-submit has-spinner\" type=\"submit\" value=\"Enviar\" \/>\n<\/p><p style=\"display: none !important;\" class=\"akismet-fields-container\" data-prefix=\"_wpcf7_ak_\"><label>&#916;<textarea name=\"_wpcf7_ak_hp_textarea\" cols=\"45\" rows=\"8\" maxlength=\"100\"><\/textarea><\/label><input type=\"hidden\" id=\"ak_js_1\" name=\"_wpcf7_ak_js\" value=\"219\"\/><script>document.getElementById( \"ak_js_1\" ).setAttribute( \"value\", ( new Date() ).getTime() );<\/script><\/p><div class=\"wpcf7-response-output\" aria-hidden=\"true\"><\/div>\n<input type=\"hidden\" name=\"trp-form-language\" value=\"en\"\/><\/form>\n<\/div>\n\n<hr \/>\n<h2><span style=\"color: #f18d00;\">Precisa de ajuda?<\/span><\/h2>\n<p>Envie-nos uma mensagem pelo Whatsapp: <span style=\"color: #f18d00;\">(19) 9 9635-4524<\/span><\/p>\n<hr \/>\n<h2><span style=\"color: #f18d00;\">Sobre o Zoom:<\/span><\/h2>\n<p><span style=\"color: #f18d00;\"><a style=\"color: #f18d00;\" href=\"http:\/\/www.alelu.com.br\/zoom\" target=\"_blank\" rel=\"noopener noreferrer\">Clique aqui<\/a> <\/span>para saber como instalar e utilizar este aplicativo<span style=\"color: #000000;\">.<\/span><\/p>","protected":false},"excerpt":{"rendered":"<p>A quem se destina? Donos de c\u00e3es Interessados na profiss\u00e3o de adestradores Dog walker (passeadores de c\u00e3es) Tosadores Donos e atendentes de pet shops Veterin\u00e1rios comportamentalistas T\u00e9cnicos em medicina veterin\u00e1ria Cuidadores e tratadores de c\u00e3es Equipes de abrigos e de resgate de c\u00e3es Donos e funcion\u00e1rios de canil Donos e funcion\u00e1rios de hotel ou creche&hellip; <a href=\"https:\/\/www.alelu.com.br\/en\/curso-vip-socializacao\/\" class=\"more-link\">Continue reading <span class=\"screen-reader-text\">Curso VIP On-line: Socializa\u00e7\u00e3o Canina<\/span><\/a><\/p>","protected":false},"author":1,"featured_media":0,"parent":0,"menu_order":0,"comment_status":"closed","ping_status":"closed","template":"","meta":{"_eb_attr":"","footnotes":""},"class_list":["post-3872","page","type-page","status-publish","hentry","without-featured-image"],"jetpack_sharing_enabled":true,"jetpack_shortlink":"https:\/\/wp.me\/Pa0xBY-10s","_links":{"self":[{"href":"https:\/\/www.alelu.com.br\/en\/wp-json\/wp\/v2\/pages\/3872","targetHints":{"allow":["GET"]}}],"collection":[{"href":"https:\/\/www.alelu.com.br\/en\/wp-json\/wp\/v2\/pages"}],"about":[{"href":"https:\/\/www.alelu.com.br\/en\/wp-json\/wp\/v2\/types\/page"}],"author":[{"embeddable":true,"href":"https:\/\/www.alelu.com.br\/en\/wp-json\/wp\/v2\/users\/1"}],"replies":[{"embeddable":true,"href":"https:\/\/www.alelu.com.br\/en\/wp-json\/wp\/v2\/comments?post=3872"}],"version-history":[{"count":7,"href":"https:\/\/www.alelu.com.br\/en\/wp-json\/wp\/v2\/pages\/3872\/revisions"}],"predecessor-version":[{"id":14076,"href":"https:\/\/www.alelu.com.br\/en\/wp-json\/wp\/v2\/pages\/3872\/revisions\/14076"}],"wp:attachment":[{"href":"https:\/\/www.alelu.com.br\/en\/wp-json\/wp\/v2\/media?parent=3872"}],"curies":[{"name":"wp","href":"https:\/\/api.w.org\/{rel}","templated":true}]}}