{"id":3750,"date":"2020-07-29T09:11:55","date_gmt":"2020-07-29T12:11:55","guid":{"rendered":"http:\/\/www.alelu.com.br\/?page_id=3750"},"modified":"2026-03-19T14:39:40","modified_gmt":"2026-03-19T17:39:40","slug":"alelu-online","status":"publish","type":"page","link":"https:\/\/www.alelu.com.br\/en\/alelu-online\/","title":{"rendered":"Alelu On-line"},"content":{"rendered":"<h2><img data-recalc-dims=\"1\" loading=\"lazy\" decoding=\"async\" data-attachment-id=\"3753\" data-permalink=\"https:\/\/www.alelu.com.br\/en\/consultoria\/alelu-online\/\" data-orig-file=\"https:\/\/i0.wp.com\/www.alelu.com.br\/wp-content\/uploads\/2020\/07\/Alelu-Online.png?fit=413%2C413&amp;ssl=1\" data-orig-size=\"413,413\" data-comments-opened=\"0\" data-image-meta=\"{&quot;aperture&quot;:&quot;0&quot;,&quot;credit&quot;:&quot;&quot;,&quot;camera&quot;:&quot;&quot;,&quot;caption&quot;:&quot;&quot;,&quot;created_timestamp&quot;:&quot;0&quot;,&quot;copyright&quot;:&quot;&quot;,&quot;focal_length&quot;:&quot;0&quot;,&quot;iso&quot;:&quot;0&quot;,&quot;shutter_speed&quot;:&quot;0&quot;,&quot;title&quot;:&quot;&quot;,&quot;orientation&quot;:&quot;0&quot;}\" data-image-title=\"Alelu Online\" data-image-description=\"\" data-image-caption=\"\" data-medium-file=\"https:\/\/i0.wp.com\/www.alelu.com.br\/wp-content\/uploads\/2020\/07\/Alelu-Online.png?fit=300%2C300&amp;ssl=1\" data-large-file=\"https:\/\/i0.wp.com\/www.alelu.com.br\/wp-content\/uploads\/2020\/07\/Alelu-Online.png?fit=413%2C413&amp;ssl=1\" class=\"wp-image-3753 size-medium alignnone\" src=\"https:\/\/i0.wp.com\/www.alelu.com.br\/wp-content\/uploads\/2020\/07\/Alelu-Online.png?resize=300%2C300\" alt=\"\" width=\"300\" height=\"300\" srcset=\"https:\/\/i0.wp.com\/www.alelu.com.br\/wp-content\/uploads\/2020\/07\/Alelu-Online.png?resize=300%2C300&amp;ssl=1 300w, https:\/\/i0.wp.com\/www.alelu.com.br\/wp-content\/uploads\/2020\/07\/Alelu-Online.png?resize=150%2C150&amp;ssl=1 150w, https:\/\/i0.wp.com\/www.alelu.com.br\/wp-content\/uploads\/2020\/07\/Alelu-Online.png?resize=180%2C180&amp;ssl=1 180w, https:\/\/i0.wp.com\/www.alelu.com.br\/wp-content\/uploads\/2020\/07\/Alelu-Online.png?resize=100%2C100&amp;ssl=1 100w, https:\/\/i0.wp.com\/www.alelu.com.br\/wp-content\/uploads\/2020\/07\/Alelu-Online.png?w=413&amp;ssl=1 413w\" sizes=\"auto, (max-width: 300px) 100vw, 300px\" \/><\/h2>\n<h2><strong><span style=\"color: #f18d00;\">Como funciona?<\/span><\/strong><\/h2>\n<p>Atrav\u00e9s de um grupo no Whatsapp, a equipe da Alelu Educa\u00e7\u00e3o Canina dar\u00e1 todo suporte necess\u00e1rio para voc\u00ea treinar, educar seu c\u00e3o, ou mesmo resolver problemas comportamentais, atrav\u00e9s de um atendimento personalizado e cont\u00ednuo!<\/p>\n<hr \/>\n<h2><span style=\"color: #f18d00;\"><b>Planos para consultoria comportamental<\/b><b>:<\/b><\/span><\/h2>\n<p><a href=\"https:\/\/i0.wp.com\/www.alelu.com.br\/wp-content\/uploads\/2020\/08\/PlanoAlelu1.png\"><img data-recalc-dims=\"1\" loading=\"lazy\" decoding=\"async\" data-attachment-id=\"3969\" data-permalink=\"https:\/\/www.alelu.com.br\/en\/alelu-online\/planoalelu1\/\" data-orig-file=\"https:\/\/i0.wp.com\/www.alelu.com.br\/wp-content\/uploads\/2020\/08\/PlanoAlelu1.png?fit=1102%2C243&amp;ssl=1\" data-orig-size=\"1102,243\" data-comments-opened=\"0\" data-image-meta=\"{&quot;aperture&quot;:&quot;0&quot;,&quot;credit&quot;:&quot;&quot;,&quot;camera&quot;:&quot;&quot;,&quot;caption&quot;:&quot;&quot;,&quot;created_timestamp&quot;:&quot;0&quot;,&quot;copyright&quot;:&quot;&quot;,&quot;focal_length&quot;:&quot;0&quot;,&quot;iso&quot;:&quot;0&quot;,&quot;shutter_speed&quot;:&quot;0&quot;,&quot;title&quot;:&quot;&quot;,&quot;orientation&quot;:&quot;0&quot;}\" data-image-title=\"PlanoAlelu1\" data-image-description=\"\" data-image-caption=\"\" data-medium-file=\"https:\/\/i0.wp.com\/www.alelu.com.br\/wp-content\/uploads\/2020\/08\/PlanoAlelu1.png?fit=300%2C66&amp;ssl=1\" data-large-file=\"https:\/\/i0.wp.com\/www.alelu.com.br\/wp-content\/uploads\/2020\/08\/PlanoAlelu1.png?fit=825%2C182&amp;ssl=1\" class=\"aligncenter size-full wp-image-3969\" src=\"https:\/\/i0.wp.com\/www.alelu.com.br\/wp-content\/uploads\/2020\/08\/PlanoAlelu1.png?resize=825%2C182\" alt=\"\" width=\"825\" height=\"182\" srcset=\"https:\/\/i0.wp.com\/www.alelu.com.br\/wp-content\/uploads\/2020\/08\/PlanoAlelu1.png?w=1102&amp;ssl=1 1102w, https:\/\/i0.wp.com\/www.alelu.com.br\/wp-content\/uploads\/2020\/08\/PlanoAlelu1.png?resize=300%2C66&amp;ssl=1 300w, https:\/\/i0.wp.com\/www.alelu.com.br\/wp-content\/uploads\/2020\/08\/PlanoAlelu1.png?resize=1024%2C226&amp;ssl=1 1024w, https:\/\/i0.wp.com\/www.alelu.com.br\/wp-content\/uploads\/2020\/08\/PlanoAlelu1.png?resize=768%2C169&amp;ssl=1 768w, https:\/\/i0.wp.com\/www.alelu.com.br\/wp-content\/uploads\/2020\/08\/PlanoAlelu1.png?resize=624%2C138&amp;ssl=1 624w\" sizes=\"auto, (max-width: 825px) 100vw, 825px\" \/><\/a><\/p>\n<h2><span style=\"color: #f18d00;\"><b>Comportamentos aplic\u00e1veis:<\/b><\/span><\/h2>\n<ul>\n<li>Xixi e coc\u00f4 em local inadequado<\/li>\n<li>Medo exagerado<\/li>\n<li>Ansiedade por separa\u00e7\u00e3o<\/li>\n<li>Reatividade e\/ou agressividade<\/li>\n<li>Briga entre c\u00e3es da mesma casa<\/li>\n<li>Latidos excessivos<\/li>\n<li>Destrui\u00e7\u00e3o de objetos da casa<\/li>\n<li>Problemas relacionados aos passeios<\/li>\n<li>Pular nas pessoas<\/li>\n<li>entre outros<\/li>\n<\/ul>\n<h2><span style=\"color: #f18d00;\"><b>Valor:<\/b><\/span><\/h2>\n<ul>\n<li><strong>B\u00e1sico<\/strong>: R$ 550,00\/m\u00eas<\/li>\n<li><strong>Intermedi\u00e1rio<\/strong>: R$ 750,00\/m\u00eas<\/li>\n<li><strong>Completo<\/strong>: R$ 900,00\/m\u00eas<\/li>\n<\/ul>\n<h2><span style=\"color: #f18d00;\"><b>Pacotes:<\/b><\/span><\/h2>\n<ul>\n<li>Na contrata\u00e7\u00e3o de 2 meses de plano, haver\u00e1 desconto de 3%, e o valor pode ser parcelado em 2 vezes no cart\u00e3o de cr\u00e9dito;<\/li>\n<li>Na contrata\u00e7\u00e3o de 3 meses de plano, haver\u00e1 desconto de 5%, e o valor pode ser parcelado em 3 vezes no cart\u00e3o de cr\u00e9dito.<\/li>\n<\/ul>\n<hr \/>\n<h2><span style=\"color: #f18d00;\"><b>Planos para adestramento on-line<\/b><b>:<\/b><\/span><\/h2>\n<p><a href=\"https:\/\/i0.wp.com\/www.alelu.com.br\/wp-content\/uploads\/2020\/08\/PlanoAlelu2.png\"><img data-recalc-dims=\"1\" loading=\"lazy\" decoding=\"async\" data-attachment-id=\"3970\" data-permalink=\"https:\/\/www.alelu.com.br\/en\/alelu-online\/planoalelu2\/\" data-orig-file=\"https:\/\/i0.wp.com\/www.alelu.com.br\/wp-content\/uploads\/2020\/08\/PlanoAlelu2.png?fit=1102%2C308&amp;ssl=1\" data-orig-size=\"1102,308\" data-comments-opened=\"0\" data-image-meta=\"{&quot;aperture&quot;:&quot;0&quot;,&quot;credit&quot;:&quot;&quot;,&quot;camera&quot;:&quot;&quot;,&quot;caption&quot;:&quot;&quot;,&quot;created_timestamp&quot;:&quot;0&quot;,&quot;copyright&quot;:&quot;&quot;,&quot;focal_length&quot;:&quot;0&quot;,&quot;iso&quot;:&quot;0&quot;,&quot;shutter_speed&quot;:&quot;0&quot;,&quot;title&quot;:&quot;&quot;,&quot;orientation&quot;:&quot;0&quot;}\" data-image-title=\"PlanoAlelu2\" data-image-description=\"\" data-image-caption=\"\" data-medium-file=\"https:\/\/i0.wp.com\/www.alelu.com.br\/wp-content\/uploads\/2020\/08\/PlanoAlelu2.png?fit=300%2C84&amp;ssl=1\" data-large-file=\"https:\/\/i0.wp.com\/www.alelu.com.br\/wp-content\/uploads\/2020\/08\/PlanoAlelu2.png?fit=825%2C230&amp;ssl=1\" class=\"aligncenter size-full wp-image-3970\" src=\"https:\/\/i0.wp.com\/www.alelu.com.br\/wp-content\/uploads\/2020\/08\/PlanoAlelu2.png?resize=825%2C231\" alt=\"\" width=\"825\" height=\"231\" srcset=\"https:\/\/i0.wp.com\/www.alelu.com.br\/wp-content\/uploads\/2020\/08\/PlanoAlelu2.png?w=1102&amp;ssl=1 1102w, https:\/\/i0.wp.com\/www.alelu.com.br\/wp-content\/uploads\/2020\/08\/PlanoAlelu2.png?resize=300%2C84&amp;ssl=1 300w, https:\/\/i0.wp.com\/www.alelu.com.br\/wp-content\/uploads\/2020\/08\/PlanoAlelu2.png?resize=1024%2C286&amp;ssl=1 1024w, https:\/\/i0.wp.com\/www.alelu.com.br\/wp-content\/uploads\/2020\/08\/PlanoAlelu2.png?resize=768%2C215&amp;ssl=1 768w, https:\/\/i0.wp.com\/www.alelu.com.br\/wp-content\/uploads\/2020\/08\/PlanoAlelu2.png?resize=624%2C174&amp;ssl=1 624w\" sizes=\"auto, (max-width: 825px) 100vw, 825px\" \/><\/a><\/p>\n<h2><span style=\"color: #f18d00;\"><b>Abrang\u00eancia:<\/b><\/span><\/h2>\n<ul>\n<li>Conceitos de adestramento positivo<\/li>\n<li>Uso do clicker<\/li>\n<li>T\u00e9cnicas (indu\u00e7\u00e3o, captura e modelagem)<\/li>\n<li>Comandos b\u00e1sicos (senta, deita, lugar, fica, vem, junto, entre outros)<\/li>\n<\/ul>\n<h2><span style=\"color: #f18d00;\"><b>Valor:<\/b><\/span><\/h2>\n<ul>\n<li><strong>B\u00e1sico<\/strong>: R$ 550,00\/m\u00eas<\/li>\n<li><strong>Intermedi\u00e1rio<\/strong>: R$ 750,00\/m\u00eas<\/li>\n<li><strong>Completo<\/strong>: R$ 900,00\/m\u00eas<\/li>\n<\/ul>\n<h2><span style=\"color: #f18d00;\"><b>Pacotes:<\/b><\/span><\/h2>\n<ul>\n<li>Na contrata\u00e7\u00e3o de 2 meses de plano, haver\u00e1 desconto de 3%, e o valor pode ser parcelado em 2 vezes no cart\u00e3o de cr\u00e9dito;<\/li>\n<li>Na contrata\u00e7\u00e3o de 3 meses de plano, haver\u00e1 desconto de 5%, e o valor pode ser parcelado em 3 vezes no cart\u00e3o de cr\u00e9dito.<\/li>\n<\/ul>\n<hr \/>\n<h2><span style=\"color: #f18d00;\"><b>Planos para educa\u00e7\u00e3o de filhotes<\/b><b>:<\/b><\/span><\/h2>\n<p><a href=\"https:\/\/i0.wp.com\/www.alelu.com.br\/wp-content\/uploads\/2020\/08\/PlanoAlelu3.png\"><img data-recalc-dims=\"1\" loading=\"lazy\" decoding=\"async\" data-attachment-id=\"3971\" data-permalink=\"https:\/\/www.alelu.com.br\/en\/alelu-online\/planoalelu3\/\" data-orig-file=\"https:\/\/i0.wp.com\/www.alelu.com.br\/wp-content\/uploads\/2020\/08\/PlanoAlelu3.png?fit=1102%2C226&amp;ssl=1\" data-orig-size=\"1102,226\" data-comments-opened=\"0\" data-image-meta=\"{&quot;aperture&quot;:&quot;0&quot;,&quot;credit&quot;:&quot;&quot;,&quot;camera&quot;:&quot;&quot;,&quot;caption&quot;:&quot;&quot;,&quot;created_timestamp&quot;:&quot;0&quot;,&quot;copyright&quot;:&quot;&quot;,&quot;focal_length&quot;:&quot;0&quot;,&quot;iso&quot;:&quot;0&quot;,&quot;shutter_speed&quot;:&quot;0&quot;,&quot;title&quot;:&quot;&quot;,&quot;orientation&quot;:&quot;0&quot;}\" data-image-title=\"PlanoAlelu3\" data-image-description=\"\" data-image-caption=\"\" data-medium-file=\"https:\/\/i0.wp.com\/www.alelu.com.br\/wp-content\/uploads\/2020\/08\/PlanoAlelu3.png?fit=300%2C62&amp;ssl=1\" data-large-file=\"https:\/\/i0.wp.com\/www.alelu.com.br\/wp-content\/uploads\/2020\/08\/PlanoAlelu3.png?fit=825%2C169&amp;ssl=1\" class=\"aligncenter size-full wp-image-3971\" src=\"https:\/\/i0.wp.com\/www.alelu.com.br\/wp-content\/uploads\/2020\/08\/PlanoAlelu3.png?resize=825%2C169\" alt=\"\" width=\"825\" height=\"169\" srcset=\"https:\/\/i0.wp.com\/www.alelu.com.br\/wp-content\/uploads\/2020\/08\/PlanoAlelu3.png?w=1102&amp;ssl=1 1102w, https:\/\/i0.wp.com\/www.alelu.com.br\/wp-content\/uploads\/2020\/08\/PlanoAlelu3.png?resize=300%2C62&amp;ssl=1 300w, https:\/\/i0.wp.com\/www.alelu.com.br\/wp-content\/uploads\/2020\/08\/PlanoAlelu3.png?resize=1024%2C210&amp;ssl=1 1024w, https:\/\/i0.wp.com\/www.alelu.com.br\/wp-content\/uploads\/2020\/08\/PlanoAlelu3.png?resize=768%2C158&amp;ssl=1 768w, https:\/\/i0.wp.com\/www.alelu.com.br\/wp-content\/uploads\/2020\/08\/PlanoAlelu3.png?resize=624%2C128&amp;ssl=1 624w\" sizes=\"auto, (max-width: 825px) 100vw, 825px\" \/><\/a><\/p>\n<h2><span style=\"color: #f18d00;\"><b>Abrang\u00eancia:<\/b><\/span><\/h2>\n<ul>\n<li>Educa\u00e7\u00e3o do filhote<\/li>\n<li>Controle alimentar<\/li>\n<li>Xixi e coc\u00f4 no local desejado<\/li>\n<li>N\u00e3o pular nas pessoas<\/li>\n<li>N\u00e3o morder objetos da casa<\/li>\n<li>Dessensibiliza\u00e7\u00e3o \u00e0 objetos e sons<\/li>\n<li>Socializa\u00e7\u00e3o<\/li>\n<li>Enriquecimento ambiental<\/li>\n<li>Introdu\u00e7\u00e3o aos passeios estruturados<\/li>\n<li>entre outros assuntos<\/li>\n<\/ul>\n<h2><span style=\"color: #f18d00;\"><b>Valor:<\/b><\/span><\/h2>\n<ul>\n<li><strong>B\u00e1sico<\/strong>: R$ 550,00<\/li>\n<li><strong>Intermedi\u00e1rio<\/strong>: R$ 750,00<\/li>\n<li><strong>Completo<\/strong>: R$ 900,00<\/li>\n<\/ul>\n<hr \/>\n<h2><span style=\"color: #f18d00;\"><b>Formas de pagamento:<\/b><\/span><\/h2>\n<p>Boleto, Transfer\u00eancia banc\u00e1ria ou Cart\u00e3o de Cr\u00e9dito (via Pag Seguro).<\/p>\n<hr \/>\n<h2><strong><span style=\"color: #f18d00;\">Precisa de ajuda?<\/span><\/strong><\/h2>\n<p>Envie-nos uma mensagem pelo Whatsapp: <span style=\"color: #f18d00;\">\u00a0(19) 9 9635-4524<\/span><\/p>\n<hr \/>\n<h2><strong><span style=\"color: #f18d00;\">Quer contratar a Alelu On-line?<\/span><\/strong><\/h2>\n<p style=\"text-align: left;\"><span style=\"color: #f18d00;\"><a style=\"color: #f18d00;\" href=\"https:\/\/docs.google.com\/forms\/d\/e\/1FAIpQLScGuU3c5TUGyn2y9frF0OzKLBfnpXwxN6Gu4y6mNL9G_mfYoQ\/viewform\" target=\"_blank\" rel=\"noopener noreferrer\">Clique aqui<\/a>\u00a0<\/span>e preench<span style=\"color: #000000;\">a o nosso formul\u00e1rio de entrevista inicial.<\/span><\/p>\n<hr \/>\n<h2><strong><span style=\"color: #f18d00;\">Sobre o Zoom:<\/span><\/strong><\/h2>\n<p><span style=\"color: #f18d00;\"><a style=\"color: #f18d00;\" href=\"http:\/\/www.alelu.com.br\/zoom\" target=\"_blank\" rel=\"noopener noreferrer\">Clique aqui<\/a> <\/span>para saber como instalar e utilizar este aplicativo<span style=\"color: #000000;\">.<\/span><\/p>","protected":false},"excerpt":{"rendered":"<p>Como funciona? Atrav\u00e9s de um grupo no Whatsapp, a equipe da Alelu Educa\u00e7\u00e3o Canina dar\u00e1 todo suporte necess\u00e1rio para voc\u00ea treinar, educar seu c\u00e3o, ou mesmo resolver problemas comportamentais, atrav\u00e9s de um atendimento personalizado e cont\u00ednuo! Planos para consultoria comportamental: Comportamentos aplic\u00e1veis: Xixi e coc\u00f4 em local inadequado Medo exagerado Ansiedade por separa\u00e7\u00e3o Reatividade e\/ou&hellip; <a href=\"https:\/\/www.alelu.com.br\/en\/alelu-online\/\" class=\"more-link\">Continue reading <span class=\"screen-reader-text\">Alelu On-line<\/span><\/a><\/p>","protected":false},"author":1,"featured_media":0,"parent":0,"menu_order":0,"comment_status":"closed","ping_status":"closed","template":"","meta":{"_eb_attr":"","footnotes":""},"tags":[],"class_list":["post-3750","page","type-page","status-publish","hentry","without-featured-image"],"jetpack_sharing_enabled":true,"jetpack_shortlink":"https:\/\/wp.me\/Pa0xBY-Yu","_links":{"self":[{"href":"https:\/\/www.alelu.com.br\/en\/wp-json\/wp\/v2\/pages\/3750","targetHints":{"allow":["GET"]}}],"collection":[{"href":"https:\/\/www.alelu.com.br\/en\/wp-json\/wp\/v2\/pages"}],"about":[{"href":"https:\/\/www.alelu.com.br\/en\/wp-json\/wp\/v2\/types\/page"}],"author":[{"embeddable":true,"href":"https:\/\/www.alelu.com.br\/en\/wp-json\/wp\/v2\/users\/1"}],"replies":[{"embeddable":true,"href":"https:\/\/www.alelu.com.br\/en\/wp-json\/wp\/v2\/comments?post=3750"}],"version-history":[{"count":32,"href":"https:\/\/www.alelu.com.br\/en\/wp-json\/wp\/v2\/pages\/3750\/revisions"}],"predecessor-version":[{"id":14066,"href":"https:\/\/www.alelu.com.br\/en\/wp-json\/wp\/v2\/pages\/3750\/revisions\/14066"}],"wp:attachment":[{"href":"https:\/\/www.alelu.com.br\/en\/wp-json\/wp\/v2\/media?parent=3750"}],"wp:term":[{"taxonomy":"post_tag","embeddable":true,"href":"https:\/\/www.alelu.com.br\/en\/wp-json\/wp\/v2\/tags?post=3750"}],"curies":[{"name":"wp","href":"https:\/\/api.w.org\/{rel}","templated":true}]}}