{"id":2659,"date":"2019-10-01T17:06:22","date_gmt":"2019-10-01T20:06:22","guid":{"rendered":"http:\/\/www.alelu.com.br\/?page_id=2659"},"modified":"2023-07-17T15:08:31","modified_gmt":"2023-07-17T18:08:31","slug":"ws-passeio","status":"publish","type":"page","link":"https:\/\/www.alelu.com.br\/en\/ws-passeio\/","title":{"rendered":"Curso On-line: Aprenda a passear com seu c\u00e3o"},"content":{"rendered":"<h2><span style=\"color: #f19700;\"><b>A quem se destina?<\/b><\/span><\/h2>\n<ul>\n<li>Donos de c\u00e3es<\/li>\n<li>Interessados na profiss\u00e3o de adestradores<\/li>\n<li>Dog walker (passeadores de c\u00e3es)<\/li>\n<li>Veterin\u00e1rios comportamentalistas<\/li>\n<li>T\u00e9cnicos em medicina veterin\u00e1ria<\/li>\n<li>Cuidadores e tratadores de c\u00e3es<\/li>\n<li>Equipes de abrigos e de resgate de c\u00e3es<\/li>\n<li>Donos e funcion\u00e1rios de canil<\/li>\n<li>Donos e funcion\u00e1rios de hotel ou creche para c\u00e3es<\/li>\n<li>Qualquer pessoa interessada no assunto<\/li>\n<\/ul>\n<hr \/>\n<h2><span style=\"color: #f19700;\"><b>Assuntos abordados:<\/b><\/span><\/h2>\n<ul>\n<li>Import\u00e2ncia dos passeios<\/li>\n<li>Aprendizado canino<\/li>\n<li>An\u00e1lise funcional do comportamento<\/li>\n<li>Equipamentos<\/li>\n<li>T\u00e9cnicas<\/li>\n<li>Exerc\u00edcios<\/li>\n<li>Construindo passeios estruturados<\/li>\n<\/ul>\n<h2 style=\"text-align: center;\">O aluno ter\u00e1 tamb\u00e9m 30 dias de acompanhamento pelo Whatsapp para colocar em pr\u00e1tica tudo o que aprendeu e tirar d\u00favidas com os nossos adestradores<\/h2>\n<hr \/>\n<h2><span style=\"color: #f19700;\"><b>Carga hor\u00e1ria:<\/b><\/span><\/h2>\n<ul>\n<li>4 horas de aula te\u00f3rica<\/li>\n<\/ul>\n<hr \/>\n<h2><span style=\"color: #f19700;\"><b>Valor:<\/b><\/span><\/h2>\n<ul>\n<li>R$ 249,90<\/li>\n<\/ul>\n<p>O valor pode ser parcelado no cart\u00e3o de cr\u00e9dito em at\u00e9 12x!<\/p>\n<hr \/>\n<h2><span style=\"color: #f19700;\"><b>Pr\u00f3xima turma:<\/b><\/span><\/h2>\n<ul>\n<li>Em breve<\/li>\n<\/ul>\n<p>Deixe seus dados para entrarmos em contato e organizar uma turma:<\/p>\n\n<div class=\"wpcf7 no-js\" id=\"wpcf7-f3827-o1\" lang=\"pt-BR\" dir=\"ltr\" data-wpcf7-id=\"3827\">\n<div class=\"screen-reader-response\"><p role=\"status\" aria-live=\"polite\" aria-atomic=\"true\"><\/p> <ul><\/ul><\/div>\n<form action=\"\/en\/wp-json\/wp\/v2\/pages\/2659#wpcf7-f3827-o1\" method=\"post\" class=\"wpcf7-form init\" aria-label=\"Formul\u00e1rios de contato\" novalidate=\"novalidate\" data-status=\"init\" data-trp-original-action=\"\/en\/wp-json\/wp\/v2\/pages\/2659#wpcf7-f3827-o1\">\n<fieldset class=\"hidden-fields-container\"><input type=\"hidden\" name=\"_wpcf7\" value=\"3827\" \/><input type=\"hidden\" name=\"_wpcf7_version\" value=\"6.1.5\" \/><input type=\"hidden\" name=\"_wpcf7_locale\" value=\"pt_BR\" \/><input type=\"hidden\" name=\"_wpcf7_unit_tag\" value=\"wpcf7-f3827-o1\" \/><input type=\"hidden\" name=\"_wpcf7_container_post\" value=\"0\" \/><input type=\"hidden\" name=\"_wpcf7_posted_data_hash\" value=\"\" \/>\n<\/fieldset>\n<p><label> Seu nome (obrigat\u00f3rio)<br \/>\n<span class=\"wpcf7-form-control-wrap\" data-name=\"your-name\"><input size=\"40\" maxlength=\"400\" class=\"wpcf7-form-control wpcf7-text wpcf7-validates-as-required\" aria-required=\"true\" aria-invalid=\"false\" value=\"\" type=\"text\" name=\"your-name\" \/><\/span> <\/label>\n<\/p>\n<p><label> Seu telefone(obrigat\u00f3rio)<br \/>\n<span class=\"wpcf7-form-control-wrap\" data-name=\"your-telefone\"><input size=\"40\" maxlength=\"400\" class=\"wpcf7-form-control wpcf7-text wpcf7-validates-as-required\" aria-required=\"true\" aria-invalid=\"false\" value=\"\" type=\"text\" name=\"your-telefone\" \/><\/span> <\/label>\n<\/p>\n<p><label> Seu e-mail (obrigat\u00f3rio)<br \/>\n<span class=\"wpcf7-form-control-wrap\" data-name=\"your-email\"><input size=\"40\" maxlength=\"400\" class=\"wpcf7-form-control wpcf7-email wpcf7-validates-as-required wpcf7-text wpcf7-validates-as-email\" aria-required=\"true\" aria-invalid=\"false\" value=\"\" type=\"email\" name=\"your-email\" \/><\/span> <\/label>\n<\/p>\n<p><label>Como ficou sabendo do curso? (obrigat\u00f3rio)<\/label><br \/>\n<span class=\"wpcf7-form-control-wrap\" data-name=\"comoconheceu\"><span class=\"wpcf7-form-control wpcf7-radio\"><span class=\"wpcf7-list-item first\"><label><span class=\"wpcf7-list-item-label\">Indica\u00e7\u00e3o de amigo<\/span><input type=\"radio\" name=\"comoconheceu\" value=\"Indica\u00e7\u00e3o de amigo\" \/><\/label><\/span><span class=\"wpcf7-list-item\"><label><span class=\"wpcf7-list-item-label\">Facebook<\/span><input type=\"radio\" name=\"comoconheceu\" value=\"Facebook\" \/><\/label><\/span><span class=\"wpcf7-list-item\"><label><span class=\"wpcf7-list-item-label\">Instagram<\/span><input type=\"radio\" name=\"comoconheceu\" value=\"Instagram\" \/><\/label><\/span><span class=\"wpcf7-list-item\"><label><span class=\"wpcf7-list-item-label\">Google<\/span><input type=\"radio\" name=\"comoconheceu\" value=\"Google\" \/><\/label><\/span><span class=\"wpcf7-list-item\"><label><span class=\"wpcf7-list-item-label\">Indica\u00e7\u00e3o Dogcare<\/span><input type=\"radio\" name=\"comoconheceu\" value=\"Indica\u00e7\u00e3o Dogcare\" \/><\/label><\/span><span class=\"wpcf7-list-item\"><label><span class=\"wpcf7-list-item-label\">Indica\u00e7\u00e3o GAAR<\/span><input type=\"radio\" name=\"comoconheceu\" value=\"Indica\u00e7\u00e3o GAAR\" \/><\/label><\/span><span class=\"wpcf7-list-item\"><label><span class=\"wpcf7-list-item-label\">Indica\u00e7\u00e3o do Veterin\u00e1rio<\/span><input type=\"radio\" name=\"comoconheceu\" value=\"Indica\u00e7\u00e3o do Veterin\u00e1rio\" \/><\/label><\/span><span class=\"wpcf7-list-item\"><label><span class=\"wpcf7-list-item-label\">J\u00e1 sou cliente da Alelu<\/span><input type=\"radio\" name=\"comoconheceu\" value=\"J\u00e1 sou cliente da Alelu\" \/><\/label><\/span><span class=\"wpcf7-list-item\"><label><span class=\"wpcf7-list-item-label\">Propaganda na TV<\/span><input type=\"radio\" name=\"comoconheceu\" value=\"Propaganda na TV\" \/><\/label><\/span><span class=\"wpcf7-list-item last\"><label><span class=\"wpcf7-list-item-label\">Outros<\/span><input type=\"radio\" name=\"comoconheceu\" value=\"Outros\" \/><\/label><\/span><\/span><\/span>\n<\/p>\n<p><input class=\"wpcf7-form-control wpcf7-submit has-spinner\" type=\"submit\" value=\"Enviar\" \/>\n<\/p><p style=\"display: none !important;\" class=\"akismet-fields-container\" data-prefix=\"_wpcf7_ak_\"><label>&#916;<textarea name=\"_wpcf7_ak_hp_textarea\" cols=\"45\" rows=\"8\" maxlength=\"100\"><\/textarea><\/label><input type=\"hidden\" id=\"ak_js_1\" name=\"_wpcf7_ak_js\" value=\"207\"\/><script>document.getElementById( \"ak_js_1\" ).setAttribute( \"value\", ( new Date() ).getTime() );<\/script><\/p><div class=\"wpcf7-response-output\" aria-hidden=\"true\"><\/div>\n<input type=\"hidden\" name=\"trp-form-language\" value=\"en\"\/><\/form>\n<\/div>\n\n<hr \/>\n<h2><span style=\"color: #f19700;\"><b>Informa\u00e7\u00f5es importantes:<\/b><\/span><\/h2>\n<ul>\n<li>O curso ser\u00e1 feito atrav\u00e9s do aplicativo Zoom;<\/li>\n<li>O link para participar do curso ser\u00e1 enviado por Whatsapp minutos antes do evento come\u00e7ar;<\/li>\n<li>Recomendamos que o curso seja assistido pelo computador e n\u00e3o pelo celular para facilitar a visualiza\u00e7\u00e3o do conte\u00fado a ser apresentado;<\/li>\n<li>O conte\u00fado program\u00e1tico est\u00e1 em elabora\u00e7\u00e3o e portanto alguns assuntos poder\u00e3o ser inclu\u00eddos ou alterados visando entregar o melhor conte\u00fado para os alunos;<\/li>\n<li>O aluno poder\u00e1 fazer o cancelamento at\u00e9 1 semana antes da data do evento. Nesse caso, o aluno ficar\u00e1 com um cr\u00e9dito integral do valor pago para ser utilizado em um curso futuro (at\u00e9 1 anos ap\u00f3s a data de realiza\u00e7\u00e3o deste);<\/li>\n<li>Caso o cancelamento seja feito com menos de 1 semana da data do evento, o aluno ter\u00e1 um cr\u00e9dito de 70% do valor pago para ser utilizado em um curso futuro (at\u00e9 1 anos ap\u00f3s a data de realiza\u00e7\u00e3o deste);<\/li>\n<li>As inscri\u00e7\u00f5es ser\u00e3o confirmadas mediante comprova\u00e7\u00e3o do pagamento;<\/li>\n<li>N\u00e3o ser\u00e1 fornecido apostila ou material similar.<\/li>\n<\/ul>\n<hr \/>\n<h2><span style=\"color: #f18d00;\">Precisa de ajuda?<\/span><\/h2>\n<p>Envie-nos uma mensagem pelo Whatsapp: <span style=\"color: #f18d00;\">(19) 9 9214-2887 ou (19) 9 9635-4524<\/span><\/p>\n<hr \/>\n<h2><span style=\"color: #f18d00;\">Sobre o Zoom:<\/span><\/h2>\n<p><span style=\"color: #f18d00;\"><a style=\"color: #f18d00;\" href=\"http:\/\/www.alelu.com.br\/zoom\" target=\"_blank\" rel=\"noopener noreferrer\">Clique aqui<\/a> <\/span>para saber como instalar e utilizar este aplicativo<span style=\"color: #000000;\">.<\/span><\/p>\n<hr \/>\n<h2><span style=\"color: #f18d00;\">Apoio:<\/span><\/h2>\n\n<table id=\"tablepress-10\" class=\"tablepress tablepress-id-10\">\n<tbody>\n<tr class=\"row-1\">\n\t<td class=\"column-1\"><a href=\"http:\/\/www.dogcarehotel.com.br\/\" target=\"_blank\"><img data-recalc-dims=\"1\" loading=\"lazy\" decoding=\"async\" class=\"wp-image-598 alignnone\" src=\"https:\/\/i0.wp.com\/www.alelu.com.br\/wp-content\/uploads\/2018\/08\/Dogcare.png?resize=120%2C136\" alt=\"\" width=\"120\" height=\"136\" \/><\/a><\/td><td class=\"column-2\"><a href=\"https:\/\/www.companyofanimals.co.uk\/\" target=\"_blank\"><img data-recalc-dims=\"1\" loading=\"lazy\" decoding=\"async\" class=\"alignnone wp-image-3016\" src=\"https:\/\/i0.wp.com\/www.alelu.com.br\/wp-content\/uploads\/2019\/11\/Company.png?resize=120%2C120\" alt=\"\" width=\"120\" height=\"120\" srcset=\"https:\/\/i0.wp.com\/www.alelu.com.br\/wp-content\/uploads\/2019\/11\/Company.png?resize=150%2C150&amp;ssl=1 150w, https:\/\/i0.wp.com\/www.alelu.com.br\/wp-content\/uploads\/2019\/11\/Company.png?resize=300%2C300&amp;ssl=1 300w, https:\/\/i0.wp.com\/www.alelu.com.br\/wp-content\/uploads\/2019\/11\/Company.png?resize=180%2C180&amp;ssl=1 180w, https:\/\/i0.wp.com\/www.alelu.com.br\/wp-content\/uploads\/2019\/11\/Company.png?resize=100%2C100&amp;ssl=1 100w, https:\/\/i0.wp.com\/www.alelu.com.br\/wp-content\/uploads\/2019\/11\/Company.png?w=334&amp;ssl=1 334w\" sizes=\"auto, (max-width: 120px) 100vw, 120px\" \/><\/a><\/td><td class=\"column-3\"><a href=\"http:\/\/www.lumareimport.com.br\/\" target=\"_blank\"><img data-recalc-dims=\"1\" loading=\"lazy\" decoding=\"async\" class=\"wp-image-2924 alignnone\" src=\"https:\/\/i0.wp.com\/www.alelu.com.br\/wp-content\/uploads\/2019\/10\/LumareImport.png?resize=120%2C78\" alt=\"\" width=\"120\" height=\"78\" \/><\/a><\/td><td class=\"column-4\"><a href=\"http:\/\/lumareimport.com\/produtos-kong\/\" target=\"_blank\"><img data-recalc-dims=\"1\" loading=\"lazy\" decoding=\"async\" class=\"wp-image-2925 alignnone\" src=\"https:\/\/i0.wp.com\/www.alelu.com.br\/wp-content\/uploads\/2019\/10\/Kong.png?resize=150%2C61\" alt=\"\" width=\"150\" height=\"61\" \/><\/a><\/td>\n<\/tr>\n<\/tbody>\n<\/table>\n<!-- #tablepress-10 from cache -->","protected":false},"excerpt":{"rendered":"<p>A quem se destina? Donos de c\u00e3es Interessados na profiss\u00e3o de adestradores Dog walker (passeadores de c\u00e3es) Veterin\u00e1rios comportamentalistas T\u00e9cnicos em medicina veterin\u00e1ria Cuidadores e tratadores de c\u00e3es Equipes de abrigos e de resgate de c\u00e3es Donos e funcion\u00e1rios de canil Donos e funcion\u00e1rios de hotel ou creche para c\u00e3es Qualquer pessoa interessada no assunto&hellip; <a href=\"https:\/\/www.alelu.com.br\/en\/ws-passeio\/\" class=\"more-link\">Continue reading <span class=\"screen-reader-text\">Curso On-line: Aprenda a passear com seu c\u00e3o<\/span><\/a><\/p>","protected":false},"author":1,"featured_media":0,"parent":0,"menu_order":0,"comment_status":"closed","ping_status":"closed","template":"","meta":{"_eb_attr":"","footnotes":""},"class_list":["post-2659","page","type-page","status-publish","hentry","without-featured-image"],"jetpack_sharing_enabled":true,"jetpack_shortlink":"https:\/\/wp.me\/Pa0xBY-GT","_links":{"self":[{"href":"https:\/\/www.alelu.com.br\/en\/wp-json\/wp\/v2\/pages\/2659","targetHints":{"allow":["GET"]}}],"collection":[{"href":"https:\/\/www.alelu.com.br\/en\/wp-json\/wp\/v2\/pages"}],"about":[{"href":"https:\/\/www.alelu.com.br\/en\/wp-json\/wp\/v2\/types\/page"}],"author":[{"embeddable":true,"href":"https:\/\/www.alelu.com.br\/en\/wp-json\/wp\/v2\/users\/1"}],"replies":[{"embeddable":true,"href":"https:\/\/www.alelu.com.br\/en\/wp-json\/wp\/v2\/comments?post=2659"}],"version-history":[{"count":48,"href":"https:\/\/www.alelu.com.br\/en\/wp-json\/wp\/v2\/pages\/2659\/revisions"}],"predecessor-version":[{"id":4091,"href":"https:\/\/www.alelu.com.br\/en\/wp-json\/wp\/v2\/pages\/2659\/revisions\/4091"}],"wp:attachment":[{"href":"https:\/\/www.alelu.com.br\/en\/wp-json\/wp\/v2\/media?parent=2659"}],"curies":[{"name":"wp","href":"https:\/\/api.w.org\/{rel}","templated":true}]}}