{"id":2578,"date":"2019-09-22T13:19:20","date_gmt":"2019-09-22T16:19:20","guid":{"rendered":"http:\/\/www.alelu.com.br\/?page_id=2578"},"modified":"2020-08-22T17:30:53","modified_gmt":"2020-08-22T20:30:53","slug":"reabilitacao","status":"publish","type":"page","link":"https:\/\/www.alelu.com.br\/en\/reabilitacao\/","title":{"rendered":"Reabilita\u00e7\u00e3o de c\u00e3es"},"content":{"rendered":"<p>A\u00a0<strong>Alelu Canine Education<\/strong> tamb\u00e9m trabalha na reabilita\u00e7\u00e3o de c\u00e3es cujo comportamento exija uma grande interven\u00e7\u00e3o, no qual \u00e9 necess\u00e1rio retirar o c\u00e3o do seu ambiente e trat\u00e1-lo de forma intensiva para que seja poss\u00edvel reverter o quadro apresentado.<\/p>\n<hr \/>\n<h2><span style=\"color: #f18d00;\"><b>Como funciona?<\/b><\/span><\/h2>\n<p>O c\u00e3o ficar\u00e1 internado com a equipe da\u00a0<strong>Alelu Canine Education<\/strong>, para que seja poss\u00edvel aplicar todos os procedimentos necess\u00e1rios para a sua reabilita\u00e7\u00e3o.<\/p>\n<hr \/>\n<h2><span style=\"color: #f18d00;\"><b>Aplica\u00e7\u00e3o:<\/b><\/span><\/h2>\n<p>Os casos mais comuns que demandam esse tipo de atua\u00e7\u00e3o s\u00e3o:<\/p>\n<ul>\n<li>medo<\/li>\n<li>agressividade<\/li>\n<\/ul>\n<hr \/>\n<h2><span style=\"color: #f18d00;\"><b>Valor:<\/b><\/span><\/h2>\n<p>O valor ser\u00e1 definido em fun\u00e7\u00e3o do trabalho a ser realizado.<\/p>\n<hr \/>\n<h2><span style=\"color: #f18d00;\"><b>Dura\u00e7\u00e3o:<\/b><\/span><\/h2>\n<p>Indeterminado.<\/p>\n<p>Cada c\u00e3o tem as suas\u00a0caracter\u00edsticas, sua\u00a0hist\u00f3ria, suas\u00a0limita\u00e7\u00f5es\u00a0e sua capacidade de\u00a0aprendizado.<\/p>\n<hr \/>\n<p>Se voc\u00ea tem um c\u00e3o que precisa ser reabilitado, entre em contato atrav\u00e9s do formul\u00e1rio abaixo:<\/p>\n\n<div class=\"wpcf7 no-js\" id=\"wpcf7-f2585-o1\" lang=\"pt-BR\" dir=\"ltr\" data-wpcf7-id=\"2585\">\n<div class=\"screen-reader-response\"><p role=\"status\" aria-live=\"polite\" aria-atomic=\"true\"><\/p> <ul><\/ul><\/div>\n<form action=\"\/en\/wp-json\/wp\/v2\/pages\/2578#wpcf7-f2585-o1\" method=\"post\" class=\"wpcf7-form init\" aria-label=\"Formul\u00e1rios de contato\" novalidate=\"novalidate\" data-status=\"init\" data-trp-original-action=\"\/en\/wp-json\/wp\/v2\/pages\/2578#wpcf7-f2585-o1\">\n<fieldset class=\"hidden-fields-container\"><input type=\"hidden\" name=\"_wpcf7\" value=\"2585\" \/><input type=\"hidden\" name=\"_wpcf7_version\" value=\"6.1.5\" \/><input type=\"hidden\" name=\"_wpcf7_locale\" value=\"pt_BR\" \/><input type=\"hidden\" name=\"_wpcf7_unit_tag\" value=\"wpcf7-f2585-o1\" \/><input type=\"hidden\" name=\"_wpcf7_container_post\" value=\"0\" \/><input type=\"hidden\" name=\"_wpcf7_posted_data_hash\" value=\"\" \/>\n<\/fieldset>\n<p><label> Seu nome (obrigat\u00f3rio)<br \/>\n<span class=\"wpcf7-form-control-wrap\" data-name=\"your-name\"><input size=\"40\" maxlength=\"400\" class=\"wpcf7-form-control wpcf7-text wpcf7-validates-as-required\" aria-required=\"true\" aria-invalid=\"false\" value=\"\" type=\"text\" name=\"your-name\" \/><\/span> <\/label>\n<\/p>\n<p><label> Seu telefone(obrigat\u00f3rio)<br \/>\n<span class=\"wpcf7-form-control-wrap\" data-name=\"your-telefone\"><input size=\"40\" maxlength=\"400\" class=\"wpcf7-form-control wpcf7-text wpcf7-validates-as-required\" aria-required=\"true\" aria-invalid=\"false\" value=\"\" type=\"text\" name=\"your-telefone\" \/><\/span> <\/label>\n<\/p>\n<p><label> Seu e-mail (obrigat\u00f3rio)<br \/>\n<span class=\"wpcf7-form-control-wrap\" data-name=\"your-email\"><input size=\"40\" maxlength=\"400\" class=\"wpcf7-form-control wpcf7-email wpcf7-validates-as-required wpcf7-text wpcf7-validates-as-email\" aria-required=\"true\" aria-invalid=\"false\" value=\"\" type=\"email\" name=\"your-email\" \/><\/span> <\/label>\n<\/p>\n<p><label> Descreva o caso (obrigat\u00f3rio)<br \/>\n<span class=\"wpcf7-form-control-wrap\" data-name=\"your-descritivo\"><textarea cols=\"40\" rows=\"10\" maxlength=\"2000\" class=\"wpcf7-form-control wpcf7-textarea wpcf7-validates-as-required\" aria-required=\"true\" aria-invalid=\"false\" name=\"your-descritivo\"><\/textarea><\/span><br \/>\n<\/label><label>Como ficou sabendo do curso? (obrigat\u00f3rio)<\/label><br \/>\n<span class=\"wpcf7-form-control-wrap\" data-name=\"comoconheceu\"><span class=\"wpcf7-form-control wpcf7-radio\"><span class=\"wpcf7-list-item first\"><label><span class=\"wpcf7-list-item-label\">Indica\u00e7\u00e3o de amigo<\/span><input type=\"radio\" name=\"comoconheceu\" value=\"Indica\u00e7\u00e3o de amigo\" \/><\/label><\/span><span class=\"wpcf7-list-item\"><label><span class=\"wpcf7-list-item-label\">Facebook<\/span><input type=\"radio\" name=\"comoconheceu\" value=\"Facebook\" \/><\/label><\/span><span class=\"wpcf7-list-item\"><label><span class=\"wpcf7-list-item-label\">Instagram<\/span><input type=\"radio\" name=\"comoconheceu\" value=\"Instagram\" \/><\/label><\/span><span class=\"wpcf7-list-item\"><label><span class=\"wpcf7-list-item-label\">Google<\/span><input type=\"radio\" name=\"comoconheceu\" value=\"Google\" \/><\/label><\/span><span class=\"wpcf7-list-item\"><label><span class=\"wpcf7-list-item-label\">Indica\u00e7\u00e3o Dogcare<\/span><input type=\"radio\" name=\"comoconheceu\" value=\"Indica\u00e7\u00e3o Dogcare\" \/><\/label><\/span><span class=\"wpcf7-list-item\"><label><span class=\"wpcf7-list-item-label\">Indica\u00e7\u00e3o GAAR<\/span><input type=\"radio\" name=\"comoconheceu\" value=\"Indica\u00e7\u00e3o GAAR\" \/><\/label><\/span><span class=\"wpcf7-list-item\"><label><span class=\"wpcf7-list-item-label\">Indica\u00e7\u00e3o do Veterin\u00e1rio<\/span><input type=\"radio\" name=\"comoconheceu\" value=\"Indica\u00e7\u00e3o do Veterin\u00e1rio\" \/><\/label><\/span><span class=\"wpcf7-list-item\"><label><span class=\"wpcf7-list-item-label\">J\u00e1 sou cliente da Alelu<\/span><input type=\"radio\" name=\"comoconheceu\" value=\"J\u00e1 sou cliente da Alelu\" \/><\/label><\/span><span class=\"wpcf7-list-item\"><label><span class=\"wpcf7-list-item-label\">Propaganda na TV<\/span><input type=\"radio\" name=\"comoconheceu\" value=\"Propaganda na TV\" \/><\/label><\/span><span class=\"wpcf7-list-item last\"><label><span class=\"wpcf7-list-item-label\">Outros<\/span><input type=\"radio\" name=\"comoconheceu\" value=\"Outros\" \/><\/label><\/span><\/span><\/span>\n<\/p>\n<p><input class=\"wpcf7-form-control wpcf7-submit has-spinner\" type=\"submit\" value=\"Enviar\" \/>\n<\/p><p style=\"display: none !important;\" class=\"akismet-fields-container\" data-prefix=\"_wpcf7_ak_\"><label>&#916;<textarea name=\"_wpcf7_ak_hp_textarea\" cols=\"45\" rows=\"8\" maxlength=\"100\"><\/textarea><\/label><input type=\"hidden\" id=\"ak_js_1\" name=\"_wpcf7_ak_js\" value=\"175\"\/><script>document.getElementById( \"ak_js_1\" ).setAttribute( \"value\", ( new Date() ).getTime() );<\/script><\/p><div class=\"wpcf7-response-output\" aria-hidden=\"true\"><\/div>\n<input type=\"hidden\" name=\"trp-form-language\" value=\"en\"\/><\/form>\n<\/div>\n\n<hr \/>\n<h2><span style=\"color: #f19700;\"><b>Casos de sucesso:<\/b><\/span><\/h2>\n<blockquote class=\"wp-embedded-content\" data-secret=\"f4lOIzMCNG\"><p><a href=\"http:\/\/www.alelu.com.br\/layla\/\">Conhe\u00e7a a hist\u00f3ria da Layla<\/a><\/p><\/blockquote>\n<p><iframe loading=\"lazy\" class=\"wp-embedded-content\" sandbox=\"allow-scripts\" security=\"restricted\" style=\"position: absolute; clip: rect(1px, 1px, 1px, 1px);\" title=\"&#8220;Conhe\u00e7a a hist\u00f3ria da Layla&#8221; &#8212; Alelu Educa\u00e7\u00e3o Canina\" src=\"http:\/\/www.alelu.com.br\/layla\/embed\/#?secret=f4lOIzMCNG\" data-secret=\"f4lOIzMCNG\" width=\"600\" height=\"338\" frameborder=\"0\" marginwidth=\"0\" marginheight=\"0\" scrolling=\"no\"><\/iframe><\/p>\n<blockquote class=\"wp-embedded-content\" data-secret=\"nNAIYAAS3O\"><p><a href=\"http:\/\/www.alelu.com.br\/magali\/\">Conhe\u00e7a a hist\u00f3ria da Magali<\/a><\/p><\/blockquote>\n<p><iframe loading=\"lazy\" class=\"wp-embedded-content\" sandbox=\"allow-scripts\" security=\"restricted\" style=\"position: absolute; clip: rect(1px, 1px, 1px, 1px);\" title=\"&#8220;Conhe\u00e7a a hist\u00f3ria da Magali&#8221; &#8212; Alelu Educa\u00e7\u00e3o Canina\" src=\"http:\/\/www.alelu.com.br\/magali\/embed\/#?secret=nNAIYAAS3O\" data-secret=\"nNAIYAAS3O\" width=\"600\" height=\"338\" frameborder=\"0\" marginwidth=\"0\" marginheight=\"0\" scrolling=\"no\"><\/iframe><\/p>\n<hr \/>\n<h2><strong><span style=\"color: #f18d00;\">Conhe\u00e7a a Alelu On-line:<\/span><\/strong><\/h2>\n<p><a href=\"https:\/\/www.alelu.com.br\/alelu-online\/\"><img data-recalc-dims=\"1\" loading=\"lazy\" decoding=\"async\" data-attachment-id=\"3753\" data-permalink=\"https:\/\/www.alelu.com.br\/en\/consultoria\/alelu-online\/\" data-orig-file=\"https:\/\/i0.wp.com\/www.alelu.com.br\/wp-content\/uploads\/2020\/07\/Alelu-Online.png?fit=413%2C413&amp;ssl=1\" data-orig-size=\"413,413\" data-comments-opened=\"0\" data-image-meta=\"{&quot;aperture&quot;:&quot;0&quot;,&quot;credit&quot;:&quot;&quot;,&quot;camera&quot;:&quot;&quot;,&quot;caption&quot;:&quot;&quot;,&quot;created_timestamp&quot;:&quot;0&quot;,&quot;copyright&quot;:&quot;&quot;,&quot;focal_length&quot;:&quot;0&quot;,&quot;iso&quot;:&quot;0&quot;,&quot;shutter_speed&quot;:&quot;0&quot;,&quot;title&quot;:&quot;&quot;,&quot;orientation&quot;:&quot;0&quot;}\" data-image-title=\"Alelu Online\" data-image-description=\"\" data-image-caption=\"\" data-medium-file=\"https:\/\/i0.wp.com\/www.alelu.com.br\/wp-content\/uploads\/2020\/07\/Alelu-Online.png?fit=300%2C300&amp;ssl=1\" data-large-file=\"https:\/\/i0.wp.com\/www.alelu.com.br\/wp-content\/uploads\/2020\/07\/Alelu-Online.png?fit=413%2C413&amp;ssl=1\" class=\"alignleft wp-image-3753 size-medium\" src=\"https:\/\/i0.wp.com\/www.alelu.com.br\/wp-content\/uploads\/2020\/07\/Alelu-Online.png?resize=300%2C300\" alt=\"\" width=\"300\" height=\"300\" srcset=\"https:\/\/i0.wp.com\/www.alelu.com.br\/wp-content\/uploads\/2020\/07\/Alelu-Online.png?resize=300%2C300&amp;ssl=1 300w, https:\/\/i0.wp.com\/www.alelu.com.br\/wp-content\/uploads\/2020\/07\/Alelu-Online.png?resize=150%2C150&amp;ssl=1 150w, https:\/\/i0.wp.com\/www.alelu.com.br\/wp-content\/uploads\/2020\/07\/Alelu-Online.png?resize=180%2C180&amp;ssl=1 180w, https:\/\/i0.wp.com\/www.alelu.com.br\/wp-content\/uploads\/2020\/07\/Alelu-Online.png?resize=100%2C100&amp;ssl=1 100w, https:\/\/i0.wp.com\/www.alelu.com.br\/wp-content\/uploads\/2020\/07\/Alelu-Online.png?w=413&amp;ssl=1 413w\" sizes=\"auto, (max-width: 300px) 100vw, 300px\" \/><\/a><\/p>","protected":false},"excerpt":{"rendered":"<p>A\u00a0Alelu Educa\u00e7\u00e3o Canina tamb\u00e9m trabalha na reabilita\u00e7\u00e3o de c\u00e3es cujo comportamento exija uma grande interven\u00e7\u00e3o, no qual \u00e9 necess\u00e1rio retirar o c\u00e3o do seu ambiente e trat\u00e1-lo de forma intensiva para que seja poss\u00edvel reverter o quadro apresentado. Como funciona? O c\u00e3o ficar\u00e1 internado com a equipe da\u00a0Alelu Educa\u00e7\u00e3o Canina, para que seja poss\u00edvel aplicar&hellip; <a href=\"https:\/\/www.alelu.com.br\/en\/reabilitacao\/\" class=\"more-link\">Continue reading <span class=\"screen-reader-text\">Reabilita\u00e7\u00e3o de c\u00e3es<\/span><\/a><\/p>","protected":false},"author":1,"featured_media":0,"parent":0,"menu_order":0,"comment_status":"closed","ping_status":"closed","template":"","meta":{"_eb_attr":"","footnotes":""},"class_list":["post-2578","page","type-page","status-publish","hentry","without-featured-image"],"jetpack_sharing_enabled":true,"jetpack_shortlink":"https:\/\/wp.me\/Pa0xBY-FA","_links":{"self":[{"href":"https:\/\/www.alelu.com.br\/en\/wp-json\/wp\/v2\/pages\/2578","targetHints":{"allow":["GET"]}}],"collection":[{"href":"https:\/\/www.alelu.com.br\/en\/wp-json\/wp\/v2\/pages"}],"about":[{"href":"https:\/\/www.alelu.com.br\/en\/wp-json\/wp\/v2\/types\/page"}],"author":[{"embeddable":true,"href":"https:\/\/www.alelu.com.br\/en\/wp-json\/wp\/v2\/users\/1"}],"replies":[{"embeddable":true,"href":"https:\/\/www.alelu.com.br\/en\/wp-json\/wp\/v2\/comments?post=2578"}],"version-history":[{"count":22,"href":"https:\/\/www.alelu.com.br\/en\/wp-json\/wp\/v2\/pages\/2578\/revisions"}],"predecessor-version":[{"id":3979,"href":"https:\/\/www.alelu.com.br\/en\/wp-json\/wp\/v2\/pages\/2578\/revisions\/3979"}],"wp:attachment":[{"href":"https:\/\/www.alelu.com.br\/en\/wp-json\/wp\/v2\/media?parent=2578"}],"curies":[{"name":"wp","href":"https:\/\/api.w.org\/{rel}","templated":true}]}}