{"id":225,"date":"2018-05-25T12:59:44","date_gmt":"2018-05-25T15:59:44","guid":{"rendered":"https:\/\/adestramentolucianodoretto.wordpress.com\/?page_id=225"},"modified":"2026-03-19T14:42:36","modified_gmt":"2026-03-19T17:42:36","slug":"preventiva","status":"publish","type":"page","link":"https:\/\/www.alelu.com.br\/en\/preventiva\/","title":{"rendered":"Preventive Consulting"},"content":{"rendered":"<h2><span style=\"color: #f18d00;\"><strong>Voc\u00ea est\u00e1 preparado para ter um c\u00e3o em casa?<\/strong><\/span><\/h2>\n<p>Quando o\u00a0c\u00e3o chegar:<\/p>\n<ul>\n<li>Voc\u00ea sabe como preparar o ambiente para receb\u00ea-lo?<\/li>\n<li>Voc\u00ea sabe ensin\u00e1-lo a fazer o xixi e coc\u00f4 no lugar desejado?<\/li>\n<li>Voc\u00ea sabe como aliment\u00e1-lo corretamente?<\/li>\n<li>Voc\u00ea sabe o que fazer caso ele comece a apresentar alguns comportamentos indesejados, como morder objetos da casa ou pular nas pessoas?<\/li>\n<li>Voc\u00ea sabe quando e como socializ\u00e1-lo?<\/li>\n<li>Voc\u00ea sabe o que \u00e9 enriquecimento ambiental?<\/li>\n<\/ul>\n<p>Se voc\u00ea\u00a0n\u00e3o cuidar adequadamente\u00a0do c\u00e3o, principalmente nas\u00a0primeiras semanas, a situa\u00e7\u00e3o poder\u00e1\u00a0sair do seu controle\u00a0e voc\u00ea poder\u00e1 se\u00a0frustar\u00a0por n\u00e3o ter um\u00a0conv\u00edvio harmonioso\u00a0com seu\u00a0pet.<\/p>\n<p>Lembre-se: \u00e9\u00a0mais f\u00e1cil\u00a0prevenir\u00a0do que\u00a0corrigir\u00a0futuramente!<\/p>\n<p>No caso de filhotes, \u00e9 importante entender que existe um per\u00edodo chamado de socializa\u00e7\u00e3o prim\u00e1ria, que vai aproximadamente at\u00e9 os 4 meses nos c\u00e3es. Nessa fase, o c\u00e9rebro do animal est\u00e1 mais curioso e predisposto a absorver novas informa\u00e7\u00f5es. Ou seja, os est\u00edmulos que forem apresentados de forma positiva t\u00eam grandes chances de serem aceitos tranquilamente depois.<\/p>\n<p>Por outro lado, uma m\u00e1 socializa\u00e7\u00e3o pode causar problemas comportamentais no futuro, principalmente medo e agressividade. Por isso, \u00e9 essencial que a socializa\u00e7\u00e3o seja uma prioridade dos tutores assim que o filhote chegar \u00e0 casa. Para ajudar, separamos a seguir algumas apresenta\u00e7\u00f5es importantes, confira:<\/p>\n<p>\u27a1 Barulhos: secador de cabelo, aspirador de p\u00f3, liquidificador, fogos e trov\u00f5es (com sons da internet), etc.<br \/>\n\u27a1 Animais: da mesma esp\u00e9cie e de outras; filhotes, adultos e idosos.<br \/>\n\u27a1 Pessoas: beb\u00ea, crian\u00e7a, adulto e idoso; diferentes etnias, com defici\u00eancia, etc.<br \/>\n\u27a1 Manipula\u00e7\u00f5es: corte de unhas, escova\u00e7\u00e3o de pelos e dentes, limpeza de orelhas, aplica\u00e7\u00e3o de vacina, etc.<br \/>\n\u27a1 Objetos: guarda-chuva, vassoura e rodo, mangueira, bicicleta, patins e skate..<br \/>\n\u27a1 Ambientes: shopping center, praia, elevador, escada, restaurante&#8230;<\/p>\n<p>Contudo, para que n\u00e3o gerem traumas no pet, esses est\u00edmulos precisam ser apresentados de forma gradual e tamb\u00e9m associados a coisas positivas.<\/p>\n<hr \/>\n<h2><span style=\"color: #f18d00;\"><b>O que \u00e9 consultoria preventiva?<\/b><\/span><\/h2>\n<p>Servi\u00e7o de orienta\u00e7\u00e3o e treinamento oferecido aos tutores que tenham c\u00e3es rec\u00e9m-chegados em casa (adultos ou filhotes).<\/p>\n<p>O objetivo \u00e9 instruir o tutor com rela\u00e7\u00e3o aos primeiros contatos com o animal, visto que ele estar\u00e1 aprendendo e reagindo a todos os est\u00edmulos que for submetido desde o primeiro dia em casa.<\/p>\n<p>Com isso, iremos tornar o\u00a0conv\u00edvio\u00a0mais\u00a0gostoso\u00a0e\u00a0equilibrado, evitando problemas\u00a0futuros.<\/p>\n<hr \/>\n<h2><span style=\"color: #f18d00;\"><b>Como funciona?<\/b><\/span><\/h2>\n<p>A consultoria \u00e9 de aproximadamente 120 minutos, abordando os principais temas que s\u00e3o importantes para lidar com um c\u00e3o rec\u00e9m-chegado em casa, como por exemplo:<\/p>\n<ul>\n<li>Xixi e coc\u00f4 no local desejado<\/li>\n<li>Como reagir \u00e0s mordidinhas<\/li>\n<li>Como evitar que pulem nas pessoas<\/li>\n<li>Como agir em caso de latidos excessivos<\/li>\n<li>Socializa\u00e7\u00e3o do c\u00e3o<\/li>\n<li>Como e quando iniciar os passeios na rua<\/li>\n<li>Dicas de alimenta\u00e7\u00e3o<\/li>\n<li>Principais vacinas<\/li>\n<li>Brinquedos indicados<\/li>\n<li>Enriquecimento ambiental<\/li>\n<\/ul>\n<hr \/>\n<h2><span style=\"color: #f18d00;\"><b>Valor:<\/b><\/span><\/h2>\n<ul>\n<li>R$ 350,00\/consultoria on-line.<\/li>\n<li>R$ 500,00\/consultoria presencial.<\/li>\n<\/ul>\n<hr \/>\n<h2><strong><span style=\"color: #f18d00;\">Para um plano de educa\u00e7\u00e3o mais completo, conhe\u00e7a a Alelu On-line:<\/span><\/strong><\/h2>\n<p><a href=\"https:\/\/www.alelu.com.br\/alelu-online\/\"><img data-recalc-dims=\"1\" loading=\"lazy\" decoding=\"async\" data-attachment-id=\"3753\" data-permalink=\"https:\/\/www.alelu.com.br\/en\/consultoria\/alelu-online\/\" data-orig-file=\"https:\/\/i0.wp.com\/www.alelu.com.br\/wp-content\/uploads\/2020\/07\/Alelu-Online.png?fit=413%2C413&amp;ssl=1\" data-orig-size=\"413,413\" data-comments-opened=\"0\" data-image-meta=\"{&quot;aperture&quot;:&quot;0&quot;,&quot;credit&quot;:&quot;&quot;,&quot;camera&quot;:&quot;&quot;,&quot;caption&quot;:&quot;&quot;,&quot;created_timestamp&quot;:&quot;0&quot;,&quot;copyright&quot;:&quot;&quot;,&quot;focal_length&quot;:&quot;0&quot;,&quot;iso&quot;:&quot;0&quot;,&quot;shutter_speed&quot;:&quot;0&quot;,&quot;title&quot;:&quot;&quot;,&quot;orientation&quot;:&quot;0&quot;}\" data-image-title=\"Alelu Online\" data-image-description=\"\" data-image-caption=\"\" data-medium-file=\"https:\/\/i0.wp.com\/www.alelu.com.br\/wp-content\/uploads\/2020\/07\/Alelu-Online.png?fit=300%2C300&amp;ssl=1\" data-large-file=\"https:\/\/i0.wp.com\/www.alelu.com.br\/wp-content\/uploads\/2020\/07\/Alelu-Online.png?fit=413%2C413&amp;ssl=1\" class=\"wp-image-3753 size-medium alignnone\" src=\"https:\/\/i0.wp.com\/www.alelu.com.br\/wp-content\/uploads\/2020\/07\/Alelu-Online.png?resize=300%2C300\" alt=\"\" width=\"300\" height=\"300\" srcset=\"https:\/\/i0.wp.com\/www.alelu.com.br\/wp-content\/uploads\/2020\/07\/Alelu-Online.png?resize=300%2C300&amp;ssl=1 300w, https:\/\/i0.wp.com\/www.alelu.com.br\/wp-content\/uploads\/2020\/07\/Alelu-Online.png?resize=150%2C150&amp;ssl=1 150w, https:\/\/i0.wp.com\/www.alelu.com.br\/wp-content\/uploads\/2020\/07\/Alelu-Online.png?resize=180%2C180&amp;ssl=1 180w, https:\/\/i0.wp.com\/www.alelu.com.br\/wp-content\/uploads\/2020\/07\/Alelu-Online.png?resize=100%2C100&amp;ssl=1 100w, https:\/\/i0.wp.com\/www.alelu.com.br\/wp-content\/uploads\/2020\/07\/Alelu-Online.png?w=413&amp;ssl=1 413w\" sizes=\"auto, (max-width: 300px) 100vw, 300px\" \/><\/a><\/p>\n<hr \/>\n<h2><span style=\"color: #f18d00;\"><b>Forma de pagamento:<\/b><\/span><\/h2>\n<p>Boleto, Transfer\u00eancia banc\u00e1ria ou Cart\u00e3o de Cr\u00e9dito (via Pag Seguro).<\/p>\n<hr \/>\n<h2><strong><span style=\"color: #f18d00;\">Precisa de ajuda?<\/span><\/strong><\/h2>\n<p>Envie-nos uma mensagem pelo Whatsapp: <span style=\"color: #f18d00;\">(19) 9 9635-4524<\/span><\/p>\n<hr \/>\n<h2><strong><span style=\"color: #f18d00;\">Quer agendar uma consultoria?<\/span><\/strong><\/h2>\n<p style=\"text-align: left;\"><span style=\"color: #f18d00;\"><a style=\"color: #f18d00;\" href=\"https:\/\/docs.google.com\/forms\/d\/e\/1FAIpQLScGuU3c5TUGyn2y9frF0OzKLBfnpXwxN6Gu4y6mNL9G_mfYoQ\/viewform\" target=\"_blank\" rel=\"noopener noreferrer\">Clique aqui<\/a>\u00a0<\/span>e preencha o nosso formul\u00e1rio de entrevista inicial.<\/p>\n<hr \/>\n<h2><strong><span style=\"color: #f18d00;\">Sobre o Zoom:<\/span><\/strong><\/h2>\n<p><span style=\"color: #f18d00;\"><a style=\"color: #f18d00;\" href=\"http:\/\/www.alelu.com.br\/zoom\" target=\"_blank\" rel=\"noopener noreferrer\">Clique aqui<\/a> <\/span>para saber como instalar e utilizar este aplicativo<span style=\"color: #000000;\">.<\/span><\/p>","protected":false},"excerpt":{"rendered":"<p>Voc\u00ea est\u00e1 preparado para ter um c\u00e3o em casa? Quando o\u00a0c\u00e3o chegar: Voc\u00ea sabe como preparar o ambiente para receb\u00ea-lo? Voc\u00ea sabe ensin\u00e1-lo a fazer o xixi e coc\u00f4 no lugar desejado? Voc\u00ea sabe como aliment\u00e1-lo corretamente? Voc\u00ea sabe o que fazer caso ele comece a apresentar alguns comportamentos indesejados, como morder objetos da casa&hellip; <a href=\"https:\/\/www.alelu.com.br\/en\/preventiva\/\" class=\"more-link\">Continue reading <span class=\"screen-reader-text\">Preventive Consulting<\/span><\/a><\/p>","protected":false},"author":1,"featured_media":0,"parent":0,"menu_order":3,"comment_status":"closed","ping_status":"closed","template":"templates\/full-width-page.php","meta":{"_eb_attr":"","footnotes":""},"tags":[],"class_list":["post-225","page","type-page","status-publish","hentry","without-featured-image"],"jetpack_sharing_enabled":true,"jetpack_shortlink":"https:\/\/wp.me\/Pa0xBY-3D","_links":{"self":[{"href":"https:\/\/www.alelu.com.br\/en\/wp-json\/wp\/v2\/pages\/225","targetHints":{"allow":["GET"]}}],"collection":[{"href":"https:\/\/www.alelu.com.br\/en\/wp-json\/wp\/v2\/pages"}],"about":[{"href":"https:\/\/www.alelu.com.br\/en\/wp-json\/wp\/v2\/types\/page"}],"author":[{"embeddable":true,"href":"https:\/\/www.alelu.com.br\/en\/wp-json\/wp\/v2\/users\/1"}],"replies":[{"embeddable":true,"href":"https:\/\/www.alelu.com.br\/en\/wp-json\/wp\/v2\/comments?post=225"}],"version-history":[{"count":57,"href":"https:\/\/www.alelu.com.br\/en\/wp-json\/wp\/v2\/pages\/225\/revisions"}],"predecessor-version":[{"id":14069,"href":"https:\/\/www.alelu.com.br\/en\/wp-json\/wp\/v2\/pages\/225\/revisions\/14069"}],"wp:attachment":[{"href":"https:\/\/www.alelu.com.br\/en\/wp-json\/wp\/v2\/media?parent=225"}],"wp:term":[{"taxonomy":"post_tag","embeddable":true,"href":"https:\/\/www.alelu.com.br\/en\/wp-json\/wp\/v2\/tags?post=225"}],"curies":[{"name":"wp","href":"https:\/\/api.w.org\/{rel}","templated":true}]}}