{"id":2160,"date":"2019-08-20T09:16:19","date_gmt":"2019-08-20T12:16:19","guid":{"rendered":"http:\/\/www.alelu.com.br\/?page_id=2160"},"modified":"2020-08-06T13:34:16","modified_gmt":"2020-08-06T16:34:16","slug":"quem-somos","status":"publish","type":"page","link":"https:\/\/www.alelu.com.br\/en\/quem-somos\/","title":{"rendered":"About us"},"content":{"rendered":"<div class=\"jetpack-video-wrapper\"><span class=\"embed-youtube\" style=\"text-align:center; display: block;\"><iframe loading=\"lazy\" class=\"youtube-player\" width=\"825\" height=\"465\" src=\"https:\/\/www.youtube.com\/embed\/2_fpkOjmnu4?version=3&#038;rel=1&#038;showsearch=0&#038;showinfo=1&#038;iv_load_policy=1&#038;fs=1&#038;hl=en-US&#038;autohide=2&#038;wmode=transparent\" allowfullscreen=\"true\" style=\"border:0;\" sandbox=\"allow-scripts allow-same-origin allow-popups allow-presentation allow-popups-to-escape-sandbox\"><\/iframe><\/span><\/div>\n<hr \/>\n<h1 style=\"text-align: center;\"><span style=\"color: #f18d00;\"><strong>Alelu Canine Education<\/strong><\/span><\/h1>\n<p class=\" translation-block\">Alelu Canine Education is a company from Campinas \/ SP (Brazil) formed by people who are passionate about dogs and who have decided to offer athe best regarding dog training and canine behavior.<\/p>\n<p>Our services include <span style=\"color: #f18d00;\">dog training, socialization<\/span> and <span style=\"color: #f18d00;\">education<\/span> and it is guided according to the <span style=\"color: #f18d00;\">best practices<\/span>, specially the <span style=\"color: #f18d00;\">adestramento positivo<\/span>. Temos como principal objetivo de <span style=\"color: #f18d00;\">promover<\/span> o <span style=\"color: #f18d00;\">bem estar do animal<\/span> e o <span style=\"color: #f18d00;\">conv\u00edvio harmonioso<\/span> com todos os familiares.<\/p>\n<p>We value not only <span style=\"color: #f18d00;\">the excellence<\/span> in the <span style=\"color: #f18d00;\">service<\/span> provided to the <span style=\"color: #f18d00;\">dog<\/span> but also the <span style=\"color: #f18d00;\">reliability<\/span> and <span style=\"color: #f18d00;\">respect<\/span> with its <span style=\"color: #f18d00;\">tutors. <\/span><\/h2>\n<h2><span style=\"color: #f19700;\">Mission:<\/span><\/h2>\n<ul>\n<li>Improve the <span style=\"color: #f18d00;\">quality<\/span> training <span style=\"color: #f18d00;\">life<\/span> the <span style=\"color: #f18d00;\">dogs<\/span> and provide a <span style=\"color: #f18d00;\">better relationship<\/span> with their <span style=\"color: #f18d00;\">families.<\/span><\/li>\n<\/ul>\n<h2><span style=\"color: #f19700;\">Vision:<\/span><\/h2>\n<ul>\n<li>To be a <span style=\"color: #f18d00;\">reference<\/span> in the Brazilian market as a company focused on <span style=\"color: #f18d00;\">dog<\/span>,<span style=\"color: #f18d00;\"> education<\/span> and <span style=\"color: #f18d00;\">and<\/span> training <span style=\"color: #f18d00;\">.<\/span><\/li>\n<\/ul>\n<h2><span style=\"color: #f19700;\">Values:<\/span><\/h2>\n<ul>\n<li><span style=\"color: #f18d00;\">Love<\/span> and <span style=\"color: #f18d00;\">respect<\/span> to the animals;<\/li>\n<li><span style=\"color: #f18d00;\">Transparency;<\/span><\/li>\n<li><span style=\"color: #f18d00;\">Honesty;<\/span><\/li>\n<li><span style=\"color: #f18d00;\">Professionalism;<\/span><\/li>\n<li><span style=\"color: #f18d00;\">Pontualidade;<\/span><\/li>\n<li><span style=\"color: #f18d00;\">Ethic.<\/span><\/li>\n<\/ul>","protected":false},"excerpt":{"rendered":"<p>Alelu Educa\u00e7\u00e3o Canina A Alelu Educa\u00e7\u00e3o Canina \u00e9 uma empresa de Campinas\/SP formada por pessoas apaixonadas por c\u00e3es e que decidiram oferecer o que h\u00e1 de mais atual em adestramento e comportamento canino. Nosso trabalho envolve adestramento, socializa\u00e7\u00e3o e reabilita\u00e7\u00e3o de c\u00e3es, e \u00e9 conduzido de acordo com as melhores pr\u00e1ticas, principalmente no que se&hellip; <a href=\"https:\/\/www.alelu.com.br\/en\/quem-somos\/\" class=\"more-link\">Continue reading <span class=\"screen-reader-text\">About us<\/span><\/a><\/p>","protected":false},"author":1,"featured_media":0,"parent":0,"menu_order":0,"comment_status":"closed","ping_status":"closed","template":"","meta":{"_eb_attr":"","footnotes":""},"tags":[],"class_list":["post-2160","page","type-page","status-publish","hentry","without-featured-image"],"jetpack_sharing_enabled":true,"jetpack_shortlink":"https:\/\/wp.me\/Pa0xBY-yQ","_links":{"self":[{"href":"https:\/\/www.alelu.com.br\/en\/wp-json\/wp\/v2\/pages\/2160","targetHints":{"allow":["GET"]}}],"collection":[{"href":"https:\/\/www.alelu.com.br\/en\/wp-json\/wp\/v2\/pages"}],"about":[{"href":"https:\/\/www.alelu.com.br\/en\/wp-json\/wp\/v2\/types\/page"}],"author":[{"embeddable":true,"href":"https:\/\/www.alelu.com.br\/en\/wp-json\/wp\/v2\/users\/1"}],"replies":[{"embeddable":true,"href":"https:\/\/www.alelu.com.br\/en\/wp-json\/wp\/v2\/comments?post=2160"}],"version-history":[{"count":13,"href":"https:\/\/www.alelu.com.br\/en\/wp-json\/wp\/v2\/pages\/2160\/revisions"}],"predecessor-version":[{"id":3897,"href":"https:\/\/www.alelu.com.br\/en\/wp-json\/wp\/v2\/pages\/2160\/revisions\/3897"}],"wp:attachment":[{"href":"https:\/\/www.alelu.com.br\/en\/wp-json\/wp\/v2\/media?parent=2160"}],"wp:term":[{"taxonomy":"post_tag","embeddable":true,"href":"https:\/\/www.alelu.com.br\/en\/wp-json\/wp\/v2\/tags?post=2160"}],"curies":[{"name":"wp","href":"https:\/\/api.w.org\/{rel}","templated":true}]}}