{"id":2101,"date":"2019-07-16T12:51:34","date_gmt":"2019-07-16T15:51:34","guid":{"rendered":"http:\/\/www.alelu.com.br\/?page_id=2101"},"modified":"2019-09-22T13:14:31","modified_gmt":"2019-09-22T16:14:31","slug":"layla","status":"publish","type":"page","link":"https:\/\/www.alelu.com.br\/en\/layla\/","title":{"rendered":"Conhe\u00e7a a hist\u00f3ria da Layla"},"content":{"rendered":"<p>A <span style=\"color: #f18d00;\">Layla<\/span> \u00e9 um c\u00e3o que estava na ONG <span style=\"color: #f18d00;\">GAAR<\/span> de Campinas\/SP, e apresentava um quadro de <span style=\"color: #f18d00;\">fobia social<\/span> (medo de pessoas), de <span style=\"color: #f18d00;\">n\u00edvel alto<\/span>, o que inviabilizava coloc\u00e1-la para <span style=\"color: #f18d00;\">ado\u00e7\u00e3o<\/span>.<\/p>\n<p>Atrav\u00e9s de um <span style=\"color: #f18d00;\">tratamento intensivo<\/span> com a equipe da <strong><span style=\"color: #f18d00;\">Alelu Canine Education<\/span><\/strong>, ela pouco a pouco passou a aceitar n\u00e3o s\u00f3 a proximidade mas tamb\u00e9m o contato f\u00edsico, al\u00e9m de aprender alguns comandos b\u00e1sicos de adestramento.<\/p>\n<p>Depois de quase <span style=\"color: #f18d00;\">1 ano de tratamento<\/span>, finalmente foi poss\u00edvel divulgar o caso dela, e pouco tempo depois ela conseguiu um novo lar para viver!<\/p>\n<div class=\"jetpack-video-wrapper\"><span class=\"embed-youtube\" style=\"text-align:center; display: block;\"><iframe loading=\"lazy\" class=\"youtube-player\" width=\"825\" height=\"465\" src=\"https:\/\/www.youtube.com\/embed\/_i_yg2A-0eM?version=3&#038;rel=1&#038;showsearch=0&#038;showinfo=1&#038;iv_load_policy=1&#038;fs=1&#038;hl=en-US&#038;autohide=2&#038;start=1&#038;wmode=transparent\" allowfullscreen=\"true\" style=\"border:0;\" sandbox=\"allow-scripts allow-same-origin allow-popups allow-presentation allow-popups-to-escape-sandbox\"><\/iframe><\/span><\/div>\n<hr \/>\n<div style=\"width: 640px;\" class=\"wp-video\"><video class=\"wp-video-shortcode\" id=\"video-2101-1\" width=\"640\" height=\"352\" preload=\"metadata\" controls=\"controls\"><source type=\"video\/mp4\" src=\"http:\/\/www.alelu.com.br\/wp-content\/uploads\/2019\/07\/Layla.mp4?_=1\" \/><a href=\"http:\/\/www.alelu.com.br\/wp-content\/uploads\/2019\/07\/Layla.mp4\">http:\/\/www.alelu.com.br\/wp-content\/uploads\/2019\/07\/Layla.mp4<\/a><\/video><\/div>\n<hr \/>\n<p><a href=\"https:\/\/i0.wp.com\/www.alelu.com.br\/wp-content\/uploads\/2019\/07\/Depoimento-Layla.png\"><img data-recalc-dims=\"1\" loading=\"lazy\" decoding=\"async\" data-attachment-id=\"2097\" data-permalink=\"https:\/\/www.alelu.com.br\/en\/depoimentos\/depoimento-layla\/\" data-orig-file=\"https:\/\/i0.wp.com\/www.alelu.com.br\/wp-content\/uploads\/2019\/07\/Depoimento-Layla.png?fit=553%2C687&amp;ssl=1\" data-orig-size=\"553,687\" data-comments-opened=\"0\" data-image-meta=\"{&quot;aperture&quot;:&quot;0&quot;,&quot;credit&quot;:&quot;&quot;,&quot;camera&quot;:&quot;&quot;,&quot;caption&quot;:&quot;&quot;,&quot;created_timestamp&quot;:&quot;0&quot;,&quot;copyright&quot;:&quot;&quot;,&quot;focal_length&quot;:&quot;0&quot;,&quot;iso&quot;:&quot;0&quot;,&quot;shutter_speed&quot;:&quot;0&quot;,&quot;title&quot;:&quot;&quot;,&quot;orientation&quot;:&quot;0&quot;}\" data-image-title=\"Depoimento Layla\" data-image-description=\"\" data-image-caption=\"\" data-medium-file=\"https:\/\/i0.wp.com\/www.alelu.com.br\/wp-content\/uploads\/2019\/07\/Depoimento-Layla.png?fit=241%2C300&amp;ssl=1\" data-large-file=\"https:\/\/i0.wp.com\/www.alelu.com.br\/wp-content\/uploads\/2019\/07\/Depoimento-Layla.png?fit=553%2C687&amp;ssl=1\" class=\"alignnone size-full wp-image-2097\" src=\"https:\/\/i0.wp.com\/www.alelu.com.br\/wp-content\/uploads\/2019\/07\/Depoimento-Layla.png?resize=553%2C687\" alt=\"\" width=\"553\" height=\"687\" srcset=\"https:\/\/i0.wp.com\/www.alelu.com.br\/wp-content\/uploads\/2019\/07\/Depoimento-Layla.png?w=553&amp;ssl=1 553w, https:\/\/i0.wp.com\/www.alelu.com.br\/wp-content\/uploads\/2019\/07\/Depoimento-Layla.png?resize=241%2C300&amp;ssl=1 241w\" sizes=\"auto, (max-width: 553px) 100vw, 553px\" \/><\/a><\/p>\n<p>&nbsp;<\/p>","protected":false},"excerpt":{"rendered":"<p>A Layla \u00e9 um c\u00e3o que estava na ONG GAAR de Campinas\/SP, e apresentava um quadro de fobia social (medo de pessoas), de n\u00edvel alto, o que inviabilizava coloc\u00e1-la para ado\u00e7\u00e3o. Atrav\u00e9s de um tratamento intensivo com a equipe da Alelu Educa\u00e7\u00e3o Canina, ela pouco a pouco passou a aceitar n\u00e3o s\u00f3 a proximidade mas&hellip; <a href=\"https:\/\/www.alelu.com.br\/en\/layla\/\" class=\"more-link\">Continue reading <span class=\"screen-reader-text\">Conhe\u00e7a a hist\u00f3ria da Layla<\/span><\/a><\/p>","protected":false},"author":1,"featured_media":0,"parent":0,"menu_order":0,"comment_status":"closed","ping_status":"closed","template":"","meta":{"_eb_attr":"","footnotes":""},"tags":[],"class_list":["post-2101","page","type-page","status-publish","hentry","without-featured-image"],"jetpack_sharing_enabled":true,"jetpack_shortlink":"https:\/\/wp.me\/Pa0xBY-xT","_links":{"self":[{"href":"https:\/\/www.alelu.com.br\/en\/wp-json\/wp\/v2\/pages\/2101","targetHints":{"allow":["GET"]}}],"collection":[{"href":"https:\/\/www.alelu.com.br\/en\/wp-json\/wp\/v2\/pages"}],"about":[{"href":"https:\/\/www.alelu.com.br\/en\/wp-json\/wp\/v2\/types\/page"}],"author":[{"embeddable":true,"href":"https:\/\/www.alelu.com.br\/en\/wp-json\/wp\/v2\/users\/1"}],"replies":[{"embeddable":true,"href":"https:\/\/www.alelu.com.br\/en\/wp-json\/wp\/v2\/comments?post=2101"}],"version-history":[{"count":5,"href":"https:\/\/www.alelu.com.br\/en\/wp-json\/wp\/v2\/pages\/2101\/revisions"}],"predecessor-version":[{"id":2579,"href":"https:\/\/www.alelu.com.br\/en\/wp-json\/wp\/v2\/pages\/2101\/revisions\/2579"}],"wp:attachment":[{"href":"https:\/\/www.alelu.com.br\/en\/wp-json\/wp\/v2\/media?parent=2101"}],"wp:term":[{"taxonomy":"post_tag","embeddable":true,"href":"https:\/\/www.alelu.com.br\/en\/wp-json\/wp\/v2\/tags?post=2101"}],"curies":[{"name":"wp","href":"https:\/\/api.w.org\/{rel}","templated":true}]}}