{"id":1829,"date":"2019-05-06T09:22:58","date_gmt":"2019-05-06T12:22:58","guid":{"rendered":"http:\/\/www.alelu.com.br\/?page_id=1829"},"modified":"2019-09-09T12:56:19","modified_gmt":"2019-09-09T15:56:19","slug":"encontro","status":"publish","type":"page","link":"https:\/\/www.alelu.com.br\/en\/encontro\/","title":{"rendered":"Customer Meeting"},"content":{"rendered":"<p>A <span style=\"color: #f18d00;\"><strong>Alelu Canine Education<\/strong><\/span> promove <span style=\"color: #f18d00;\">encontros<\/span> with their <span style=\"color: #f18d00;\">clientes<\/span>, com o intuito de <span style=\"color: #f18d00;\">estreitar<\/span> o <span style=\"color: #f18d00;\">relacionamento<\/span>, <span style=\"color: #f18d00;\">socializar<\/span> e praticar <span style=\"color: #f18d00;\">exerc\u00edcios<\/span> with their <span style=\"color: #f18d00;\">dogs<\/span>, al\u00e9m de <span style=\"color: #f18d00;\">trocar experi\u00eancias<\/span> com os tutores.<\/p>\n<p><strong>Ponto de encontro:<\/strong><a href=\"https:\/\/i0.wp.com\/www.alelu.com.br\/wp-content\/uploads\/2019\/05\/PontodeEncontro.jpeg\"><img data-recalc-dims=\"1\" loading=\"lazy\" decoding=\"async\" data-attachment-id=\"1895\" data-permalink=\"https:\/\/www.alelu.com.br\/en\/encontro\/pontodeencontro\/\" data-orig-file=\"https:\/\/i0.wp.com\/www.alelu.com.br\/wp-content\/uploads\/2019\/05\/PontodeEncontro.jpeg?fit=1252%2C547&amp;ssl=1\" data-orig-size=\"1252,547\" data-comments-opened=\"0\" data-image-meta=\"{&quot;aperture&quot;:&quot;0&quot;,&quot;credit&quot;:&quot;&quot;,&quot;camera&quot;:&quot;&quot;,&quot;caption&quot;:&quot;&quot;,&quot;created_timestamp&quot;:&quot;0&quot;,&quot;copyright&quot;:&quot;&quot;,&quot;focal_length&quot;:&quot;0&quot;,&quot;iso&quot;:&quot;0&quot;,&quot;shutter_speed&quot;:&quot;0&quot;,&quot;title&quot;:&quot;&quot;,&quot;orientation&quot;:&quot;0&quot;}\" data-image-title=\"PontodeEncontro\" data-image-description=\"\" data-image-caption=\"\" data-medium-file=\"https:\/\/i0.wp.com\/www.alelu.com.br\/wp-content\/uploads\/2019\/05\/PontodeEncontro.jpeg?fit=300%2C131&amp;ssl=1\" data-large-file=\"https:\/\/i0.wp.com\/www.alelu.com.br\/wp-content\/uploads\/2019\/05\/PontodeEncontro.jpeg?fit=825%2C360&amp;ssl=1\" class=\"aligncenter wp-image-1895 size-large\" src=\"https:\/\/i0.wp.com\/www.alelu.com.br\/wp-content\/uploads\/2019\/05\/PontodeEncontro.jpeg?resize=825%2C360\" alt=\"\" width=\"825\" height=\"360\" srcset=\"https:\/\/i0.wp.com\/www.alelu.com.br\/wp-content\/uploads\/2019\/05\/PontodeEncontro.jpeg?resize=1024%2C447&amp;ssl=1 1024w, https:\/\/i0.wp.com\/www.alelu.com.br\/wp-content\/uploads\/2019\/05\/PontodeEncontro.jpeg?resize=300%2C131&amp;ssl=1 300w, https:\/\/i0.wp.com\/www.alelu.com.br\/wp-content\/uploads\/2019\/05\/PontodeEncontro.jpeg?resize=768%2C336&amp;ssl=1 768w, https:\/\/i0.wp.com\/www.alelu.com.br\/wp-content\/uploads\/2019\/05\/PontodeEncontro.jpeg?resize=624%2C273&amp;ssl=1 624w, https:\/\/i0.wp.com\/www.alelu.com.br\/wp-content\/uploads\/2019\/05\/PontodeEncontro.jpeg?w=1252&amp;ssl=1 1252w\" sizes=\"auto, (max-width: 825px) 100vw, 825px\" \/><\/a><\/p>\n<hr \/>\n<h1><span style=\"color: #f18d00;\">Veja algumas fotos e v\u00eddeos dos nossos encontros:<\/span><\/h1>\n\n<table id=\"tablepress-1\" class=\"tablepress tablepress-id-1\">\n<thead>\n<tr class=\"row-1\">\n\t<th class=\"column-1\">Data<\/th><th class=\"column-2\">Link<\/th>\n<\/tr>\n<\/thead>\n<tbody class=\"row-striping\">\n<tr class=\"row-2\">\n\t<td class=\"column-1\">08\/09\/2019<\/td><td class=\"column-2\"><a href=\"https:\/\/www.alelu.com.br\/encontro-de-clientes-08-09-2019\/\"><img data-recalc-dims=\"1\" loading=\"lazy\" decoding=\"async\" src=\"https:\/\/i0.wp.com\/www.alelu.com.br\/wp-content\/uploads\/2019\/08\/clique-aqui.png?resize=105%2C30\" alt=\"\" width=\"105\" height=\"30\" class=\"alignnone size-medium wp-image-2223\" srcset=\"https:\/\/i0.wp.com\/www.alelu.com.br\/wp-content\/uploads\/2019\/08\/clique-aqui.png?resize=300%2C86&amp;ssl=1 300w, https:\/\/i0.wp.com\/www.alelu.com.br\/wp-content\/uploads\/2019\/08\/clique-aqui.png?w=420&amp;ssl=1 420w\" sizes=\"auto, (max-width: 105px) 100vw, 105px\" \/><\/a><\/td>\n<\/tr>\n<tr class=\"row-3\">\n\t<td class=\"column-1\">18\/08\/2019<\/td><td class=\"column-2\"><a href=\"https:\/\/www.alelu.com.br\/encontro-de-clientes-18-08-2019\/\"><img data-recalc-dims=\"1\" loading=\"lazy\" decoding=\"async\" src=\"https:\/\/i0.wp.com\/www.alelu.com.br\/wp-content\/uploads\/2019\/08\/clique-aqui.png?resize=105%2C30\" alt=\"\" width=\"105\" height=\"30\" class=\"alignnone size-medium wp-image-2223\" srcset=\"https:\/\/i0.wp.com\/www.alelu.com.br\/wp-content\/uploads\/2019\/08\/clique-aqui.png?resize=300%2C86&amp;ssl=1 300w, https:\/\/i0.wp.com\/www.alelu.com.br\/wp-content\/uploads\/2019\/08\/clique-aqui.png?w=420&amp;ssl=1 420w\" sizes=\"auto, (max-width: 105px) 100vw, 105px\" \/><\/a><\/td>\n<\/tr>\n<tr class=\"row-4\">\n\t<td class=\"column-1\">07\/07\/2019<\/td><td class=\"column-2\"><a href=\"https:\/\/www.alelu.com.br\/encontro-de-clientes-07-07-2019\/\"><img data-recalc-dims=\"1\" loading=\"lazy\" decoding=\"async\" src=\"https:\/\/i0.wp.com\/www.alelu.com.br\/wp-content\/uploads\/2019\/08\/clique-aqui.png?resize=105%2C30\" alt=\"\" width=\"105\" height=\"30\" class=\"alignnone size-medium wp-image-2223\" srcset=\"https:\/\/i0.wp.com\/www.alelu.com.br\/wp-content\/uploads\/2019\/08\/clique-aqui.png?resize=300%2C86&amp;ssl=1 300w, https:\/\/i0.wp.com\/www.alelu.com.br\/wp-content\/uploads\/2019\/08\/clique-aqui.png?w=420&amp;ssl=1 420w\" sizes=\"auto, (max-width: 105px) 100vw, 105px\" \/><\/a><\/td>\n<\/tr>\n<tr class=\"row-5\">\n\t<td class=\"column-1\">26\/05\/2019<\/td><td class=\"column-2\"><a href=\"https:\/\/www.alelu.com.br\/encontro-de-clientes-26-05-2019\/\"><img data-recalc-dims=\"1\" loading=\"lazy\" decoding=\"async\" src=\"https:\/\/i0.wp.com\/www.alelu.com.br\/wp-content\/uploads\/2019\/08\/clique-aqui.png?resize=105%2C30\" alt=\"\" width=\"105\" height=\"30\" class=\"alignnone size-medium wp-image-2223\" srcset=\"https:\/\/i0.wp.com\/www.alelu.com.br\/wp-content\/uploads\/2019\/08\/clique-aqui.png?resize=300%2C86&amp;ssl=1 300w, https:\/\/i0.wp.com\/www.alelu.com.br\/wp-content\/uploads\/2019\/08\/clique-aqui.png?w=420&amp;ssl=1 420w\" sizes=\"auto, (max-width: 105px) 100vw, 105px\" \/><\/a><\/td>\n<\/tr>\n<tr class=\"row-6\">\n\t<td class=\"column-1\">05\/05\/2019<\/td><td class=\"column-2\"><a href=\"https:\/\/www.alelu.com.br\/encontro-de-clientes-05-05-2019\/\"><img data-recalc-dims=\"1\" loading=\"lazy\" decoding=\"async\" src=\"https:\/\/i0.wp.com\/www.alelu.com.br\/wp-content\/uploads\/2019\/08\/clique-aqui.png?resize=105%2C30\" alt=\"\" width=\"105\" height=\"30\" class=\"alignnone size-medium wp-image-2223\" srcset=\"https:\/\/i0.wp.com\/www.alelu.com.br\/wp-content\/uploads\/2019\/08\/clique-aqui.png?resize=300%2C86&amp;ssl=1 300w, https:\/\/i0.wp.com\/www.alelu.com.br\/wp-content\/uploads\/2019\/08\/clique-aqui.png?w=420&amp;ssl=1 420w\" sizes=\"auto, (max-width: 105px) 100vw, 105px\" \/><\/a><\/td>\n<\/tr>\n<tr class=\"row-7\">\n\t<td class=\"column-1\">01\/03\/2020<\/td><td class=\"column-2\"><a href=\"https:\/\/www.alelu.com.br\/encontro-de-clientes-01-03-2020\/\"><img data-recalc-dims=\"1\" loading=\"lazy\" decoding=\"async\" src=\"https:\/\/i0.wp.com\/www.alelu.com.br\/wp-content\/uploads\/2019\/08\/clique-aqui.png?resize=105%2C30\" alt=\"\" width=\"105\" height=\"30\" class=\"alignnone size-medium wp-image-2223\" srcset=\"https:\/\/i0.wp.com\/www.alelu.com.br\/wp-content\/uploads\/2019\/08\/clique-aqui.png?resize=300%2C86&amp;ssl=1 300w, https:\/\/i0.wp.com\/www.alelu.com.br\/wp-content\/uploads\/2019\/08\/clique-aqui.png?w=420&amp;ssl=1 420w\" sizes=\"auto, (max-width: 105px) 100vw, 105px\" \/><\/a><\/td>\n<\/tr>\n<\/tbody>\n<\/table>\n<!-- #tablepress-1 from cache -->\n<h4><\/h4>","protected":false},"excerpt":{"rendered":"<p>A Alelu Educa\u00e7\u00e3o Canina promove encontros com seus clientes, com o intuito de estreitar o relacionamento, socializar e praticar exerc\u00edcios com seus c\u00e3es, al\u00e9m de trocar experi\u00eancias com os tutores. Ponto de encontro: Veja algumas fotos e v\u00eddeos dos nossos encontros:<\/p>","protected":false},"author":1,"featured_media":0,"parent":0,"menu_order":0,"comment_status":"closed","ping_status":"closed","template":"","meta":{"_eb_attr":"","footnotes":""},"tags":[],"class_list":["post-1829","page","type-page","status-publish","hentry","without-featured-image"],"jetpack_sharing_enabled":true,"jetpack_shortlink":"https:\/\/wp.me\/Pa0xBY-tv","_links":{"self":[{"href":"https:\/\/www.alelu.com.br\/en\/wp-json\/wp\/v2\/pages\/1829","targetHints":{"allow":["GET"]}}],"collection":[{"href":"https:\/\/www.alelu.com.br\/en\/wp-json\/wp\/v2\/pages"}],"about":[{"href":"https:\/\/www.alelu.com.br\/en\/wp-json\/wp\/v2\/types\/page"}],"author":[{"embeddable":true,"href":"https:\/\/www.alelu.com.br\/en\/wp-json\/wp\/v2\/users\/1"}],"replies":[{"embeddable":true,"href":"https:\/\/www.alelu.com.br\/en\/wp-json\/wp\/v2\/comments?post=1829"}],"version-history":[{"count":37,"href":"https:\/\/www.alelu.com.br\/en\/wp-json\/wp\/v2\/pages\/1829\/revisions"}],"predecessor-version":[{"id":2506,"href":"https:\/\/www.alelu.com.br\/en\/wp-json\/wp\/v2\/pages\/1829\/revisions\/2506"}],"wp:attachment":[{"href":"https:\/\/www.alelu.com.br\/en\/wp-json\/wp\/v2\/media?parent=1829"}],"wp:term":[{"taxonomy":"post_tag","embeddable":true,"href":"https:\/\/www.alelu.com.br\/en\/wp-json\/wp\/v2\/tags?post=1829"}],"curies":[{"name":"wp","href":"https:\/\/api.w.org\/{rel}","templated":true}]}}