{"id":171,"date":"2018-05-22T09:05:21","date_gmt":"2018-05-22T12:05:21","guid":{"rendered":"https:\/\/adestramentolucianodoretto.wordpress.com\/?page_id=171"},"modified":"2026-03-19T14:36:12","modified_gmt":"2026-03-19T17:36:12","slug":"equipe","status":"publish","type":"page","link":"https:\/\/www.alelu.com.br\/en\/equipe\/","title":{"rendered":"Alelu Team"},"content":{"rendered":"<p><a href=\"https:\/\/i0.wp.com\/www.alelu.com.br\/wp-content\/uploads\/2019\/09\/EquipeAleluNome.png\"><img data-recalc-dims=\"1\" loading=\"lazy\" decoding=\"async\" data-attachment-id=\"2611\" data-permalink=\"https:\/\/www.alelu.com.br\/en\/equipe\/equipealelunome\/\" data-orig-file=\"https:\/\/i0.wp.com\/www.alelu.com.br\/wp-content\/uploads\/2019\/09\/EquipeAleluNome.png?fit=893%2C381&amp;ssl=1\" data-orig-size=\"893,381\" data-comments-opened=\"0\" data-image-meta=\"{&quot;aperture&quot;:&quot;0&quot;,&quot;credit&quot;:&quot;&quot;,&quot;camera&quot;:&quot;&quot;,&quot;caption&quot;:&quot;&quot;,&quot;created_timestamp&quot;:&quot;0&quot;,&quot;copyright&quot;:&quot;&quot;,&quot;focal_length&quot;:&quot;0&quot;,&quot;iso&quot;:&quot;0&quot;,&quot;shutter_speed&quot;:&quot;0&quot;,&quot;title&quot;:&quot;&quot;,&quot;orientation&quot;:&quot;0&quot;}\" data-image-title=\"EquipeAleluNome\" data-image-description=\"\" data-image-caption=\"\" data-medium-file=\"https:\/\/i0.wp.com\/www.alelu.com.br\/wp-content\/uploads\/2019\/09\/EquipeAleluNome.png?fit=300%2C128&amp;ssl=1\" data-large-file=\"https:\/\/i0.wp.com\/www.alelu.com.br\/wp-content\/uploads\/2019\/09\/EquipeAleluNome.png?fit=825%2C352&amp;ssl=1\" class=\"aligncenter wp-image-2611 size-full\" src=\"https:\/\/i0.wp.com\/www.alelu.com.br\/wp-content\/uploads\/2019\/09\/EquipeAleluNome.png?resize=825%2C352\" alt=\"\" width=\"825\" height=\"352\" srcset=\"https:\/\/i0.wp.com\/www.alelu.com.br\/wp-content\/uploads\/2019\/09\/EquipeAleluNome.png?w=893&amp;ssl=1 893w, https:\/\/i0.wp.com\/www.alelu.com.br\/wp-content\/uploads\/2019\/09\/EquipeAleluNome.png?resize=300%2C128&amp;ssl=1 300w, https:\/\/i0.wp.com\/www.alelu.com.br\/wp-content\/uploads\/2019\/09\/EquipeAleluNome.png?resize=768%2C328&amp;ssl=1 768w, https:\/\/i0.wp.com\/www.alelu.com.br\/wp-content\/uploads\/2019\/09\/EquipeAleluNome.png?resize=624%2C266&amp;ssl=1 624w\" sizes=\"auto, (max-width: 825px) 100vw, 825px\" \/><\/a><\/p>\n<h2><span style=\"color: #f19700;\">Training of the team:<\/span><\/h2>\n\n<table id=\"tablepress-7\" class=\"tablepress tablepress-id-7\">\n<thead>\n<tr class=\"row-1\">\n\t<th class=\"column-1\">Curso\/Semin\u00e1rio<\/th><th class=\"column-2\">Entidade\/Instrutor<\/th>\n<\/tr>\n<\/thead>\n<tbody class=\"row-striping row-hover\">\n<tr class=\"row-2\">\n\t<td class=\"column-1\">P\u00f3s Gradua\u00e7\u00e3o em Comportamento Animal<\/td><td class=\"column-2\">INSPA - Instituto de Sa\u00fade e Psicologia Animal<\/td>\n<\/tr>\n<tr class=\"row-3\">\n\t<td class=\"column-1\">Gradua\u00e7\u00e3o em Biologia <\/td><td class=\"column-2\">Unicesumar<\/td>\n<\/tr>\n<tr class=\"row-4\">\n\t<td class=\"column-1\">Adestramento Treino Positivo 2.0<\/td><td class=\"column-2\">Papo C\u00e3o<\/td>\n<\/tr>\n<tr class=\"row-5\">\n\t<td class=\"column-1\">Advanced Dog Training<\/td><td class=\"column-2\">C\u00e3o Cidad\u00e3o<\/td>\n<\/tr>\n<tr class=\"row-6\">\n\t<td class=\"column-1\">Canine Learning<\/td><td class=\"column-2\">Max Macedo<\/td>\n<\/tr>\n<tr class=\"row-7\">\n\t<td class=\"column-1\">Essencial de Reatividade <\/td><td class=\"column-2\">Dante Camacho<\/td>\n<\/tr>\n<tr class=\"row-8\">\n\t<td class=\"column-1\">Professional Dog Training<\/td><td class=\"column-2\">Tom\u00e1z Szpigel<\/td>\n<\/tr>\n<tr class=\"row-9\">\n\t<td class=\"column-1\">Semin\u00e1rio Internacional de Adestramento com Michele Pouliot<\/td><td class=\"column-2\">Tudo de C\u00e3o<\/td>\n<\/tr>\n<tr class=\"row-10\">\n\t<td class=\"column-1\">Semin\u00e1rio Bem Estar Animal na Real e os Pilares da Terapia Comportamental<\/td><td class=\"column-2\">DogSolution<\/td>\n<\/tr>\n<tr class=\"row-11\">\n\t<td class=\"column-1\">Dog Day (2019 e 2020)<\/td><td class=\"column-2\">Psicovet<\/td>\n<\/tr>\n<tr class=\"row-12\">\n\t<td class=\"column-1\">Comportamento Canino (Linguagem e Sinaliza\u00e7\u00f5es)<\/td><td class=\"column-2\">C\u00e3o Ativo<\/td>\n<\/tr>\n<tr class=\"row-13\">\n\t<td class=\"column-1\">Dog Behaviour<\/td><td class=\"column-2\">Arizona University<\/td>\n<\/tr>\n<tr class=\"row-14\">\n\t<td class=\"column-1\">Solu\u00e7\u00f5es Simples para Problemas Comuns de Comportamento e Treinamento<\/td><td class=\"column-2\">Ian Dunbar<\/td>\n<\/tr>\n<tr class=\"row-15\">\n\t<td class=\"column-1\">Recreacionista de C\u00e3es e Comportamento de Grupo<\/td><td class=\"column-2\">Dog Vila Lobos<\/td>\n<\/tr>\n<tr class=\"row-16\">\n\t<td class=\"column-1\">Tratamento e Preven\u00e7\u00e3o da Agress\u00e3o por C\u00e3es<\/td><td class=\"column-2\">Ian Dunbar<\/td>\n<\/tr>\n<tr class=\"row-17\">\n\t<td class=\"column-1\">Veterinary Assistant<\/td><td class=\"column-2\">Tocca Pet Escola<\/td>\n<\/tr>\n<tr class=\"row-18\">\n\t<td class=\"column-1\">Idade e desempenho cognitivo em diferentes idades e ra\u00e7as<\/td><td class=\"column-2\">Centro Universit\u00e1rio de Bras\u00edlia (Uniceub)<\/td>\n<\/tr>\n<tr class=\"row-19\">\n\t<td class=\"column-1\">Primeiros Socorros em C\u00e3es<\/td><td class=\"column-2\">Dra. Vanessa Cubas<\/td>\n<\/tr>\n<\/tbody>\n<\/table>\n<!-- #tablepress-7 from cache -->\n<hr \/>\n<h2 style=\"text-align: center;\"><span style=\"color: #f18d00;\">Whatsapp: <\/span>\u00a0(19) 9 9635-4524<span style=\"color: #f18d00;\">\u00a0 \u00a0|\u00a0 \u00a0e-Mail: <\/span>contato@alelu.com.br<\/h2>","protected":false},"excerpt":{"rendered":"<p>Capacita\u00e7\u00e3o da Equipe: Whatsapp: \u00a0(19) 9 9635-4524\u00a0 \u00a0|\u00a0 \u00a0e-Mail: contato@alelu.com.br<\/p>","protected":false},"author":1,"featured_media":0,"parent":0,"menu_order":6,"comment_status":"closed","ping_status":"closed","template":"templates\/full-width-page.php","meta":{"_eb_attr":"","footnotes":""},"tags":[],"class_list":["post-171","page","type-page","status-publish","hentry","without-featured-image"],"jetpack_sharing_enabled":true,"jetpack_shortlink":"https:\/\/wp.me\/Pa0xBY-2L","_links":{"self":[{"href":"https:\/\/www.alelu.com.br\/en\/wp-json\/wp\/v2\/pages\/171","targetHints":{"allow":["GET"]}}],"collection":[{"href":"https:\/\/www.alelu.com.br\/en\/wp-json\/wp\/v2\/pages"}],"about":[{"href":"https:\/\/www.alelu.com.br\/en\/wp-json\/wp\/v2\/types\/page"}],"author":[{"embeddable":true,"href":"https:\/\/www.alelu.com.br\/en\/wp-json\/wp\/v2\/users\/1"}],"replies":[{"embeddable":true,"href":"https:\/\/www.alelu.com.br\/en\/wp-json\/wp\/v2\/comments?post=171"}],"version-history":[{"count":35,"href":"https:\/\/www.alelu.com.br\/en\/wp-json\/wp\/v2\/pages\/171\/revisions"}],"predecessor-version":[{"id":14064,"href":"https:\/\/www.alelu.com.br\/en\/wp-json\/wp\/v2\/pages\/171\/revisions\/14064"}],"wp:attachment":[{"href":"https:\/\/www.alelu.com.br\/en\/wp-json\/wp\/v2\/media?parent=171"}],"wp:term":[{"taxonomy":"post_tag","embeddable":true,"href":"https:\/\/www.alelu.com.br\/en\/wp-json\/wp\/v2\/tags?post=171"}],"curies":[{"name":"wp","href":"https:\/\/api.w.org\/{rel}","templated":true}]}}