{"id":167,"date":"2018-05-22T09:03:19","date_gmt":"2018-05-22T12:03:19","guid":{"rendered":"https:\/\/adestramentolucianodoretto.wordpress.com\/?page_id=167"},"modified":"2019-09-09T13:14:41","modified_gmt":"2019-09-09T16:14:41","slug":"regiao","status":"publish","type":"page","link":"https:\/\/www.alelu.com.br\/en\/regiao\/","title":{"rendered":"Region"},"content":{"rendered":"<p>Atendimento <span style=\"color: #f18d00;\">presencial<\/span> nas cidades abaixo:<\/p>\n<ul>\n<li>Campinas<\/li>\n<li>Paul\u00ednia<\/li>\n<li>Valinhos<\/li>\n<li>Vinhedo<\/li>\n<li>Hortol\u00e2ndia<\/li>\n<li>Sumar\u00e9<\/li>\n<\/ul>\n<h1 style=\"text-align: center;\"><span style=\"color: #f18d00;\"><b>Consultoria<\/b><b> \u00e0 <\/b><b>dist\u00e2ncia<\/b><b> for <\/b><b>todo<\/b><b> o Brasil<\/b><\/span><\/h1>","protected":false},"excerpt":{"rendered":"<p>Atendimento presencial nas cidades abaixo: Campinas Paul\u00ednia Valinhos Vinhedo Hortol\u00e2ndia Sumar\u00e9 Consultoria \u00e0 dist\u00e2ncia para todo o Brasil<\/p>","protected":false},"author":1,"featured_media":0,"parent":0,"menu_order":7,"comment_status":"closed","ping_status":"closed","template":"templates\/full-width-page.php","meta":{"_eb_attr":"","footnotes":""},"tags":[],"class_list":["post-167","page","type-page","status-publish","hentry","without-featured-image"],"jetpack_sharing_enabled":true,"jetpack_shortlink":"https:\/\/wp.me\/Pa0xBY-2H","_links":{"self":[{"href":"https:\/\/www.alelu.com.br\/en\/wp-json\/wp\/v2\/pages\/167","targetHints":{"allow":["GET"]}}],"collection":[{"href":"https:\/\/www.alelu.com.br\/en\/wp-json\/wp\/v2\/pages"}],"about":[{"href":"https:\/\/www.alelu.com.br\/en\/wp-json\/wp\/v2\/types\/page"}],"author":[{"embeddable":true,"href":"https:\/\/www.alelu.com.br\/en\/wp-json\/wp\/v2\/users\/1"}],"replies":[{"embeddable":true,"href":"https:\/\/www.alelu.com.br\/en\/wp-json\/wp\/v2\/comments?post=167"}],"version-history":[{"count":11,"href":"https:\/\/www.alelu.com.br\/en\/wp-json\/wp\/v2\/pages\/167\/revisions"}],"predecessor-version":[{"id":2509,"href":"https:\/\/www.alelu.com.br\/en\/wp-json\/wp\/v2\/pages\/167\/revisions\/2509"}],"wp:attachment":[{"href":"https:\/\/www.alelu.com.br\/en\/wp-json\/wp\/v2\/media?parent=167"}],"wp:term":[{"taxonomy":"post_tag","embeddable":true,"href":"https:\/\/www.alelu.com.br\/en\/wp-json\/wp\/v2\/tags?post=167"}],"curies":[{"name":"wp","href":"https:\/\/api.w.org\/{rel}","templated":true}]}}