{"id":164,"date":"2018-05-22T09:01:27","date_gmt":"2018-05-22T12:01:27","guid":{"rendered":"https:\/\/adestramentolucianodoretto.wordpress.com\/?page_id=164"},"modified":"2026-03-19T14:41:53","modified_gmt":"2026-03-19T17:41:53","slug":"consultoria","status":"publish","type":"page","link":"https:\/\/www.alelu.com.br\/en\/consultoria\/","title":{"rendered":"Consultoria Comportamental"},"content":{"rendered":"<h2><strong><span style=\"color: #f18d00;\">Finalidade:<\/span><\/strong><\/h2>\n<p>A consultoria \u00e9 indicada para casos pontuais e tutores que precisam de orienta\u00e7\u00e3o e\/ou um plano de treino para que possam colocar em pr\u00e1tica sozinhos. Por exemplo:<\/p>\n<ul>\n<li>Educa\u00e7\u00e3o sanit\u00e1ria (necessidades no local adequado)<\/li>\n<li>Como apresentar um novo c\u00e3o na casa?<\/li>\n<li>Como preparar o ambiente do c\u00e3o (canil, alimenta\u00e7\u00e3o, brinquedos, etc.)?<\/li>\n<li>Como preparar o c\u00e3o para a chegada de um beb\u00ea?<\/li>\n<li>Como fazer passeios estruturados?<\/li>\n<li>Como prover enriquecimento ambiental para o meu c\u00e3o?<\/li>\n<li>O que fazer para meu c\u00e3o se acostumar com a caixa de transporte?<\/li>\n<li>O que fazer para meu c\u00e3o se acostumar com a focinheira?<\/li>\n<\/ul>\n<p>A consultoria tamb\u00e9m \u00e9 indicada para quem precisa de orienta\u00e7\u00e3o para resolver alguns problemas comportamentais, como pulos, medos, latidos, agressividade, reatividade, ansiedade de separa\u00e7\u00e3o, etc.<\/p>\n<p>Agende uma\u00a0consultoria\u00a0para que nossos adestradores possam lhe passar\u00a0todas as informa\u00e7\u00f5es necess\u00e1rias!<\/p>\n<hr \/>\n<h2><strong><span style=\"color: #f18d00;\">Como funciona?<\/span><\/strong><\/h2>\n<p>A consultoria \u00e9 de aproximadamente 120 minutos, onde iremos coletar as informa\u00e7\u00f5es necess\u00e1rias para entender o caso e passar as orienta\u00e7\u00f5es do tratamento para os tutores.<\/p>\n<hr \/>\n<h2><span style=\"color: #f18d00;\"><b>Valor<\/b><b>:<\/b><\/span><\/h2>\n<ul>\n<li>R$ 350,00\/consultoria avulsa on-line.<\/li>\n<li>R$ 500,00\/consultoria avulsa presencial.<\/li>\n<\/ul>\n<hr \/>\n<h2><strong><span style=\"color: #f18d00;\">Para um acompanhamento mais completo, conhe\u00e7a a Alelu On-line:<\/span><\/strong><\/h2>\n<p><a href=\"https:\/\/www.alelu.com.br\/alelu-online\/\"><img data-recalc-dims=\"1\" loading=\"lazy\" decoding=\"async\" data-attachment-id=\"3753\" data-permalink=\"https:\/\/www.alelu.com.br\/en\/consultoria\/alelu-online\/\" data-orig-file=\"https:\/\/i0.wp.com\/www.alelu.com.br\/wp-content\/uploads\/2020\/07\/Alelu-Online.png?fit=413%2C413&amp;ssl=1\" data-orig-size=\"413,413\" data-comments-opened=\"0\" data-image-meta=\"{&quot;aperture&quot;:&quot;0&quot;,&quot;credit&quot;:&quot;&quot;,&quot;camera&quot;:&quot;&quot;,&quot;caption&quot;:&quot;&quot;,&quot;created_timestamp&quot;:&quot;0&quot;,&quot;copyright&quot;:&quot;&quot;,&quot;focal_length&quot;:&quot;0&quot;,&quot;iso&quot;:&quot;0&quot;,&quot;shutter_speed&quot;:&quot;0&quot;,&quot;title&quot;:&quot;&quot;,&quot;orientation&quot;:&quot;0&quot;}\" data-image-title=\"Alelu Online\" data-image-description=\"\" data-image-caption=\"\" data-medium-file=\"https:\/\/i0.wp.com\/www.alelu.com.br\/wp-content\/uploads\/2020\/07\/Alelu-Online.png?fit=300%2C300&amp;ssl=1\" data-large-file=\"https:\/\/i0.wp.com\/www.alelu.com.br\/wp-content\/uploads\/2020\/07\/Alelu-Online.png?fit=413%2C413&amp;ssl=1\" class=\"wp-image-3753 size-medium alignnone\" src=\"https:\/\/i0.wp.com\/www.alelu.com.br\/wp-content\/uploads\/2020\/07\/Alelu-Online.png?resize=300%2C300\" alt=\"\" width=\"300\" height=\"300\" srcset=\"https:\/\/i0.wp.com\/www.alelu.com.br\/wp-content\/uploads\/2020\/07\/Alelu-Online.png?resize=300%2C300&amp;ssl=1 300w, https:\/\/i0.wp.com\/www.alelu.com.br\/wp-content\/uploads\/2020\/07\/Alelu-Online.png?resize=150%2C150&amp;ssl=1 150w, https:\/\/i0.wp.com\/www.alelu.com.br\/wp-content\/uploads\/2020\/07\/Alelu-Online.png?resize=180%2C180&amp;ssl=1 180w, https:\/\/i0.wp.com\/www.alelu.com.br\/wp-content\/uploads\/2020\/07\/Alelu-Online.png?resize=100%2C100&amp;ssl=1 100w, https:\/\/i0.wp.com\/www.alelu.com.br\/wp-content\/uploads\/2020\/07\/Alelu-Online.png?w=413&amp;ssl=1 413w\" sizes=\"auto, (max-width: 300px) 100vw, 300px\" \/><\/a><\/p>\n<hr \/>\n<h2><span style=\"color: #f18d00;\"><b>Formas de pagamento:<\/b><\/span><\/h2>\n<p>Boleto, Transfer\u00eancia banc\u00e1ria ou Cart\u00e3o de Cr\u00e9dito (via Pag Seguro).<\/p>\n<p>A consultoria ser\u00e1 confirmada ap\u00f3s a comprova\u00e7\u00e3o do pagamento.<\/p>\n<hr \/>\n<h2><strong><span style=\"color: #f18d00;\">Precisa de ajuda?<\/span><\/strong><\/h2>\n<p>Envie-nos uma mensagem pelo Whatsapp: <span style=\"color: #f18d00;\">(19) 9 9635-4524<\/span><\/p>\n<hr \/>\n<h2><strong><span style=\"color: #f18d00;\">Quer agendar uma consultoria comportamental avulsa?<\/span><\/strong><\/h2>\n<p style=\"text-align: left;\"><span style=\"color: #f18d00;\"><a style=\"color: #f18d00;\" href=\"https:\/\/docs.google.com\/forms\/d\/e\/1FAIpQLScGuU3c5TUGyn2y9frF0OzKLBfnpXwxN6Gu4y6mNL9G_mfYoQ\/viewform\" target=\"_blank\" rel=\"noopener noreferrer\">Clique aqui<\/a>\u00a0<\/span>e preench<span style=\"color: #000000;\">a o nosso formul\u00e1rio de entrevista inicial.<\/span><\/p>\n<hr \/>\n<h2><strong><span style=\"color: #f18d00;\">Sobre o Zoom:<\/span><\/strong><\/h2>\n<p><span style=\"color: #f18d00;\"><a style=\"color: #f18d00;\" href=\"http:\/\/www.alelu.com.br\/zoom\" target=\"_blank\" rel=\"noopener noreferrer\">Clique aqui<\/a> <\/span>para saber como instalar e utilizar este aplicativo<span style=\"color: #000000;\">.<\/span><\/p>","protected":false},"excerpt":{"rendered":"<p>Finalidade: A consultoria \u00e9 indicada para casos pontuais e tutores que precisam de orienta\u00e7\u00e3o e\/ou um plano de treino para que possam colocar em pr\u00e1tica sozinhos. Por exemplo: Educa\u00e7\u00e3o sanit\u00e1ria (necessidades no local adequado) Como apresentar um novo c\u00e3o na casa? Como preparar o ambiente do c\u00e3o (canil, alimenta\u00e7\u00e3o, brinquedos, etc.)? Como preparar o c\u00e3o&hellip; <a href=\"https:\/\/www.alelu.com.br\/en\/consultoria\/\" class=\"more-link\">Continue reading <span class=\"screen-reader-text\">Consultoria Comportamental<\/span><\/a><\/p>","protected":false},"author":1,"featured_media":0,"parent":0,"menu_order":2,"comment_status":"closed","ping_status":"closed","template":"templates\/full-width-page.php","meta":{"_eb_attr":"","footnotes":""},"tags":[],"class_list":["post-164","page","type-page","status-publish","hentry","without-featured-image"],"jetpack_sharing_enabled":true,"jetpack_shortlink":"https:\/\/wp.me\/Pa0xBY-2E","_links":{"self":[{"href":"https:\/\/www.alelu.com.br\/en\/wp-json\/wp\/v2\/pages\/164","targetHints":{"allow":["GET"]}}],"collection":[{"href":"https:\/\/www.alelu.com.br\/en\/wp-json\/wp\/v2\/pages"}],"about":[{"href":"https:\/\/www.alelu.com.br\/en\/wp-json\/wp\/v2\/types\/page"}],"author":[{"embeddable":true,"href":"https:\/\/www.alelu.com.br\/en\/wp-json\/wp\/v2\/users\/1"}],"replies":[{"embeddable":true,"href":"https:\/\/www.alelu.com.br\/en\/wp-json\/wp\/v2\/comments?post=164"}],"version-history":[{"count":73,"href":"https:\/\/www.alelu.com.br\/en\/wp-json\/wp\/v2\/pages\/164\/revisions"}],"predecessor-version":[{"id":14068,"href":"https:\/\/www.alelu.com.br\/en\/wp-json\/wp\/v2\/pages\/164\/revisions\/14068"}],"wp:attachment":[{"href":"https:\/\/www.alelu.com.br\/en\/wp-json\/wp\/v2\/media?parent=164"}],"wp:term":[{"taxonomy":"post_tag","embeddable":true,"href":"https:\/\/www.alelu.com.br\/en\/wp-json\/wp\/v2\/tags?post=164"}],"curies":[{"name":"wp","href":"https:\/\/api.w.org\/{rel}","templated":true}]}}