{"id":162,"date":"2018-05-22T08:59:32","date_gmt":"2018-05-22T11:59:32","guid":{"rendered":"https:\/\/adestramentolucianodoretto.wordpress.com\/?page_id=162"},"modified":"2026-03-19T14:41:13","modified_gmt":"2026-03-19T17:41:13","slug":"adestramento","status":"publish","type":"page","link":"https:\/\/www.alelu.com.br\/en\/adestramento\/","title":{"rendered":"Adestramento e Terapia Comportamental"},"content":{"rendered":"<h2><span style=\"color: #f18d00;\"><b><img data-recalc-dims=\"1\" loading=\"lazy\" decoding=\"async\" data-attachment-id=\"3997\" data-permalink=\"https:\/\/www.alelu.com.br\/en\/principal\/aleluadestr\/\" data-orig-file=\"https:\/\/i0.wp.com\/www.alelu.com.br\/wp-content\/uploads\/2020\/09\/AleluAdestr.png?fit=542%2C542&amp;ssl=1\" data-orig-size=\"542,542\" data-comments-opened=\"0\" data-image-meta=\"{&quot;aperture&quot;:&quot;0&quot;,&quot;credit&quot;:&quot;&quot;,&quot;camera&quot;:&quot;&quot;,&quot;caption&quot;:&quot;&quot;,&quot;created_timestamp&quot;:&quot;0&quot;,&quot;copyright&quot;:&quot;&quot;,&quot;focal_length&quot;:&quot;0&quot;,&quot;iso&quot;:&quot;0&quot;,&quot;shutter_speed&quot;:&quot;0&quot;,&quot;title&quot;:&quot;&quot;,&quot;orientation&quot;:&quot;0&quot;}\" data-image-title=\"AleluAdestr\" data-image-description=\"\" data-image-caption=\"\" data-medium-file=\"https:\/\/i0.wp.com\/www.alelu.com.br\/wp-content\/uploads\/2020\/09\/AleluAdestr.png?fit=300%2C300&amp;ssl=1\" data-large-file=\"https:\/\/i0.wp.com\/www.alelu.com.br\/wp-content\/uploads\/2020\/09\/AleluAdestr.png?fit=542%2C542&amp;ssl=1\" class=\"wp-image-3997 size-medium alignnone\" src=\"https:\/\/i0.wp.com\/www.alelu.com.br\/wp-content\/uploads\/2020\/09\/AleluAdestr.png?resize=300%2C300\" alt=\"\" width=\"300\" height=\"300\" srcset=\"https:\/\/i0.wp.com\/www.alelu.com.br\/wp-content\/uploads\/2020\/09\/AleluAdestr.png?resize=300%2C300&amp;ssl=1 300w, https:\/\/i0.wp.com\/www.alelu.com.br\/wp-content\/uploads\/2020\/09\/AleluAdestr.png?resize=150%2C150&amp;ssl=1 150w, https:\/\/i0.wp.com\/www.alelu.com.br\/wp-content\/uploads\/2020\/09\/AleluAdestr.png?resize=180%2C180&amp;ssl=1 180w, https:\/\/i0.wp.com\/www.alelu.com.br\/wp-content\/uploads\/2020\/09\/AleluAdestr.png?resize=100%2C100&amp;ssl=1 100w, https:\/\/i0.wp.com\/www.alelu.com.br\/wp-content\/uploads\/2020\/09\/AleluAdestr.png?w=542&amp;ssl=1 542w\" sizes=\"auto, (max-width: 300px) 100vw, 300px\" \/><\/b><\/span><\/h2>\n<h2><span style=\"color: #f18d00;\"><b>Por que adestrar um c\u00e3o?<\/b><\/span><\/h2>\n<p>Voc\u00ea j\u00e1 p<span style=\"color: #000000;\">arou para pensar o que o c\u00e3o sabe fazer quando nasce (comportamentos naturais)? Certamente as respostas mais comuns ser\u00e3o latir, chorar, morder e pular.<\/span><\/p>\n<p><span style=\"color: #000000;\">No entanto, esses comportamentos costumam ser indesejados pelas pessoas. Ou seja: nada do que o c\u00e3o sabe fazer costuma ser agrad\u00e1vel no conv\u00edvio social. Como resolver essa quest\u00e3o?<\/span><\/p>\n<p><span style=\"color: #000000;\">O\u00a0adestramento\u00a0faz com que o c\u00e3o\u00a0aprenda novos comportamentos\u00a0e entenda\u00a0como agir no dia-a-dia.<\/span><\/p>\n<p><span style=\"color: #000000;\">Por\u00a0exemplo: um c\u00e3o que costuma\u00a0pular\u00a0nas pessoas faz isso porque ele\u00a0acredita\u00a0(e\u00a0aprendeu) que \u00e9 dessa forma que\u00a0ele consegue aten\u00e7\u00e3o e carinho. Podemos ent\u00e3o\u00a0trein\u00e1-lo\u00a0para que, nessas situa\u00e7\u00f5es, ele se\u00a0sente e espere\u00a0pelo contato.<\/span><\/p>\n<p>O mesmo acontece com um c\u00e3o reativo\/agressivo. Normalmente ele aprendeu a ser assim e passou a agir dessa forma. Como isso aconteceu? Simples. Imagine o c\u00e3o sendo um pouco inseguro. Ao avistar outro c\u00e3o ele fica desconfort\u00e1vel e ,como est\u00e1 na guia, n\u00e3o tem como &#8216;fugir&#8217; da situa\u00e7\u00e3o. Quais alternativas que restam? Provavelmente ele ir\u00e1 reagir de forma agressiva com o intuito de &#8216;afastar&#8217; o oponente. Normalmente isso funciona, pois ou o tutor puxa o c\u00e3o e leva ele pra longe, ou o outro c\u00e3o se afasta (ambos os casos eliminam o conflito). Na cabe\u00e7a do c\u00e3o, ele \u00e9 poderoso essa atitude \u00e9 a forma mais eficaz de resolver a situa\u00e7\u00e3o.<\/p>\n<p>O treinamento ir\u00e1 ent\u00e3o trabalhar de forma a prevenir ou modificar tais comportamentos, contribuindo para o bom relacionamento em fam\u00edlia, uma vez que o dono ir\u00e1 aprender como expressar melhor para o c\u00e3o os comportamentos desejados e o c\u00e3o, por sua vez, compreender\u00e1 o que pode ou n\u00e3o fazer.<\/p>\n<p>O\u00a0conv\u00edvio\u00a0com um c\u00e3o adestrado \u00e9\u00a0mais prazeroso,\u00a0fazendo com que o animal e seu dono se sintam muito mais\u00a0felizes.<\/p>\n<hr \/>\n<h2><strong><span style=\"color: #f18d00;\">Quando iniciar o adestramento?<\/span><\/strong><\/h2>\n<p>O adestramento pode (e deve) ser feito a partir do momento da\u00a0chegada\u00a0do\u00a0c\u00e3o em casa,\u00a0e\u00a0n\u00e3o\u00a0possui\u00a0idade limite.<\/p>\n<hr \/>\n<h2><span style=\"color: #f18d00;\"><b>Benef\u00edcios do adestramento:<\/b><\/span><\/h2>\n<ul>\n<li>Melhorar a comunica\u00e7\u00e3o entre o c\u00e3o e os familiares;<\/li>\n<li>Trazer equil\u00edbrio e harmonia no relacionamento dom\u00e9stico;<\/li>\n<li>Melhora a qualidade de vida e o bem estar do animal;<\/li>\n<li>Permite que o dono conhe\u00e7a melhor seu c\u00e3o (sinais, limites e personalidade).<\/li>\n<\/ul>\n<hr \/>\n<h2><span style=\"color: #f18d00;\"><b>Metodologia: Adestramento Objetivo<\/b><\/span><\/h2>\n<p>Adestramento Objetivo \u00e9 o conceito criado pela Alelu Educa\u00e7\u00e3o Canina, que visa utilizar as diversas t\u00e9cnicas de adestramento com base o refor\u00e7o positivo, unidas com conhecimento de comportamento e linguagem canina, para moldar o ambiente e adequar o comportamento do c\u00e3o \u00e0s necessidades da fam\u00edlia.<\/p>\n<p>A Alelu Educa\u00e7\u00e3o Canina parte do princ\u00edpio que um c\u00e3o treinado\/adestrado n\u00e3o necessariamente significa um c\u00e3o educado. A educa\u00e7\u00e3o depende tamb\u00e9m dos limites e regras estabelecidas por cada fam\u00edlia em cada lar.<\/p>\n<p>Nossa metodologia \u00e9 um dos nossos principais diferenciais, pois n\u00e3o existe uma f\u00f3rmula pronta de treino a ser aplicada a todos os c\u00e3es. O treino \u00e9 personalizado e aplicado com a finalidade de integrar o c\u00e3o \u00e0 fam\u00edlia e melhorar a sua conviv\u00eancia dom\u00e9stica, al\u00e9m de promover sua sa\u00fade f\u00edsica e mental.<\/p>\n<p>Atrav\u00e9s de um m\u00e9todo baseado no refor\u00e7o positivo que valoriza as a\u00e7\u00f5es corretas do animal e desvaloriza as incorretas. \u00c9 uma forma de educar o c\u00e3o por meio de recompensas.<\/p>\n<p>Quando o animal\u00a0obedece\u00a0a uma ordem ou tem uma atitude correta, ele\u00a0ganha\u00a0um petisco, um biscoito ou um brinquedo em troca. Isso faz com que ele\u00a0assimile\u00a0a informa\u00e7\u00e3o\u00a0mais r\u00e1pido\u00a0e tenha\u00a0vontade\u00a0de\u00a0aprender.<\/p>\n<p>Cada c\u00e3o apresenta\u00a0aptid\u00f5es\u00a0e\u00a0dificuldades;\u00a0\u00e9\u00a0natural\u00a0que um tenha mais\u00a0facilidade\u00a0que outro em\u00a0determinadas atividades.<\/p>\n<p>Pontos considerados na\u00a0educa\u00e7\u00e3o\u00a0do\u00a0c\u00e3o:<\/p>\n<ul>\n<li>Necessidades individuais (f\u00edsicas e mentais)<\/li>\n<li>Rotina di\u00e1ria<\/li>\n<li>Necessidades da fam\u00edlia<\/li>\n<li>Ambiente onde est\u00e1 inserido<\/li>\n<li>Recursos dispon\u00edveis<\/li>\n<\/ul>\n<hr \/>\n<h2><span style=\"color: #f18d00;\"><b>Values:<\/b><\/span><\/h2>\n<h3><span style=\"color: #f18d00;\">Op\u00e7\u00e3o 1:<\/span><\/h3>\n<ul>\n<li>Periodicidade: 2 x por semana<\/li>\n<li>R$ 900,00 por m\u00eas (total de 8 aulas por m\u00eas);<\/li>\n<\/ul>\n<h3><span style=\"color: #f18d00;\">Op\u00e7\u00e3o\u00a02:<\/span><\/h3>\n<ul>\n<li>Periodicidade: 3 x por semana<\/li>\n<li>R$ 1100,00 por m\u00eas (total de 12 aulas por m\u00eas);<\/li>\n<\/ul>\n<h2><span style=\"color: #f18d00;\"><b>Pacotes:<\/b><\/span><\/h2>\n<ul>\n<li>Na contrata\u00e7\u00e3o de 2 meses de treino, haver\u00e1 desconto de 3%, e o valor pode ser parcelado em 2 vezes no cart\u00e3o de cr\u00e9dito;<\/li>\n<li>Na contrata\u00e7\u00e3o de 3 meses de treino, haver\u00e1 desconto de 5%, e o valor pode ser parcelado em 3 vezes no cart\u00e3o de cr\u00e9dito.<\/li>\n<\/ul>\n<p>Obs: pagamento deve ser feito sempre no in\u00edcio do per\u00edodo contratado.\u00a0<\/p>\n<hr \/>\n<h2><span style=\"color: #f18d00;\"><b>Dura\u00e7\u00e3o do treinamento:<\/b><\/span><\/h2>\n<p>O adestramento passa pelas tr\u00eas etapas abaixo, sendo as duas primeiras (aprendizado e fixa\u00e7\u00e3o) com a participa\u00e7\u00e3o do adestrador.<\/p>\n<p>A etapa de manuten\u00e7\u00e3o ficar\u00e1 a cargo dos tutores, refor\u00e7ando todo o treinamento com o c\u00e3o para que ele mantenha o aprendizado.<\/p>\n<p>O temperamento, a idade e a ra\u00e7a do c\u00e3o, assim como o comprometimento dos tutores com o treino, podem interferir no tempo total de treinamento.<\/p>\n<p><img data-recalc-dims=\"1\" loading=\"lazy\" decoding=\"async\" data-attachment-id=\"883\" data-permalink=\"https:\/\/www.alelu.com.br\/en\/adestramento\/fases\/\" data-orig-file=\"https:\/\/i0.wp.com\/www.alelu.com.br\/wp-content\/uploads\/2018\/10\/Fases.png?fit=744%2C504&amp;ssl=1\" data-orig-size=\"744,504\" data-comments-opened=\"1\" data-image-meta=\"{&quot;aperture&quot;:&quot;0&quot;,&quot;credit&quot;:&quot;&quot;,&quot;camera&quot;:&quot;&quot;,&quot;caption&quot;:&quot;&quot;,&quot;created_timestamp&quot;:&quot;0&quot;,&quot;copyright&quot;:&quot;&quot;,&quot;focal_length&quot;:&quot;0&quot;,&quot;iso&quot;:&quot;0&quot;,&quot;shutter_speed&quot;:&quot;0&quot;,&quot;title&quot;:&quot;&quot;,&quot;orientation&quot;:&quot;0&quot;}\" data-image-title=\"\" data-image-description=\"\" data-image-caption=\"\" data-medium-file=\"https:\/\/i0.wp.com\/www.alelu.com.br\/wp-content\/uploads\/2018\/10\/Fases.png?fit=300%2C203&amp;ssl=1\" data-large-file=\"https:\/\/i0.wp.com\/www.alelu.com.br\/wp-content\/uploads\/2018\/10\/Fases.png?fit=744%2C504&amp;ssl=1\" class=\"aligncenter wp-image-883\" title=\"Positive Dog training\" src=\"https:\/\/i0.wp.com\/www.alelu.com.br\/wp-content\/uploads\/2018\/10\/Fases.png?resize=400%2C271\" alt=\"Adestramento\" width=\"400\" height=\"271\" srcset=\"https:\/\/i0.wp.com\/www.alelu.com.br\/wp-content\/uploads\/2018\/10\/Fases.png?w=744&amp;ssl=1 744w, https:\/\/i0.wp.com\/www.alelu.com.br\/wp-content\/uploads\/2018\/10\/Fases.png?resize=300%2C203&amp;ssl=1 300w\" sizes=\"auto, (max-width: 400px) 100vw, 400px\" \/><\/p>\n<hr \/>\n<h2><span style=\"color: #f18d00;\"><b>Prepara\u00e7\u00e3o para o treinamento:<\/b><\/span><\/h2>\n<p>\u00c9 muito comum que os donos deixem a\u00a0comida dispon\u00edvel\u00a0o tempo todo para o c\u00e3o (e muitas vezes em\u00a0excesso).<\/p>\n<p>Nesse caso, o animal dificilmente ter\u00e1\u00a0interesse no treino, visto que a\u00a0recompensa\u00a0(ra\u00e7\u00e3o)\u00a0n\u00e3o ser\u00e1 valiosa\u00a0para ele.<\/p>\n<p>Para que o c\u00e3o tenha\u00a0interesse\u00a0e\u00a0foco\u00a0no\u00a0treino, \u00e9 necess\u00e1rio que haja um\u00a0controle alimentar;\u00a0<\/p>\n<p>Outro ponto importante \u00e9 que o\u00a0c\u00e3o\u00a0precisa estar descansado\u00a0e\u00a0motivado\u00a0para o treino: se o c\u00e3o tiver muita atividade f\u00edsica\/mental no dia da aula (passeio, brincadeiras, etc.), o\u00a0rendimento\u00a0durante o treino\u00a0ser\u00e1 comprometido.<\/p>\n<hr \/>\n<h2><span style=\"color: #f18d00;\"><b>Responsabilidades:<\/b><\/span><\/h2>\n<p><span style=\"color: #f18d00;\"><strong>Adestrador:<\/strong><\/span><\/p>\n<ul>\n<li>Oferecer treinamento b\u00e1sico (comandos\/educa\u00e7\u00e3o), respeitando as condi\u00e7\u00f5es do animal (ra\u00e7a, idade, ambiente, etc.);<\/li>\n<li>Instruir o tutor de forma pr\u00e1tica;<\/li>\n<li>Manter o tutor atualizado quanto \u00e0 evolu\u00e7\u00e3o do treinamento;<\/li>\n<li>Respeitar os dias e hor\u00e1rios combinados;<\/li>\n<li>Avisar com anteced\u00eancia eventuais faltas\/atrasos.<\/li>\n<\/ul>\n<p><span style=\"color: #f18d00;\"><strong>Tutor:<\/strong><\/span><\/p>\n<ul>\n<li>Manter os cuidados necess\u00e1rios em rela\u00e7\u00e3o \u00e0 sa\u00fade e bem estar do c\u00e3o;<\/li>\n<li>Seguir as orienta\u00e7\u00f5es do adestrador quanto ao controle alimentar do c\u00e3o;<\/li>\n<li>Seguir as orienta\u00e7\u00f5es do adestrador quanto \u00e0 conduta e exerc\u00edcios a serem realizados com o c\u00e3o;<\/li>\n<li>Participar ativamente das aulas;<\/li>\n<li>Avisar com anteced\u00eancia quando a aula n\u00e3o puder ser realizada.<\/li>\n<\/ul>\n<hr \/>\n<h2><span style=\"color: #f18d00;\"><b>Visita inicial:<\/b><\/span><\/h2>\n<p>Caso o cliente queria uma visita pr\u00e9via para conhecer o adestrador, ou mesmo conversar sobre os trabalhos a\u00a0 serem realizados, ser\u00e1 cobrado uma <span style=\"color: #f18d00;\">taxa de R$ 100,00<\/span> (dura\u00e7\u00e3o m\u00e1xima = <span style=\"color: #f18d00;\">1 hora<\/span>).<\/p>\n<p>Formas de Pagto: PIX, Dinheiro, Transfer\u00eancia banc\u00e1ria ou Cart\u00e3o (D\u00e9bito ou Cr\u00e9dito);<\/p>\n<p>Dependendo da localiza\u00e7\u00e3o do cliente, haver\u00e1 cobran\u00e7a de taxa adicional em fun\u00e7\u00e3o do deslocamento (quilometragem+ped\u00e1gio);<\/p>\n<hr \/>\n<h2><strong><span style=\"color: #f18d00;\">Precisa de ajuda?<\/span><\/strong><\/h2>\n<p>Envie-nos uma mensagem pelo Whatsapp: <span style=\"color: #f18d00;\">\u00a0(19) 9 9635-4524<\/span><\/p>\n<hr \/>\n<h2><strong><span style=\"color: #f18d00;\">Quer agendar a visita de um dos nossos adestradores?<\/span><\/strong><\/h2>\n<p style=\"text-align: left;\"><span style=\"color: #f18d00;\"><a style=\"color: #f18d00;\" href=\"https:\/\/docs.google.com\/forms\/d\/e\/1FAIpQLScGuU3c5TUGyn2y9frF0OzKLBfnpXwxN6Gu4y6mNL9G_mfYoQ\/viewform\" target=\"_blank\" rel=\"noopener noreferrer\">Clique aqui<\/a>\u00a0<\/span>e preencha o nosso formul\u00e1rio de entrevista inicial.<\/p>\n\n\n<p><\/p>","protected":false},"excerpt":{"rendered":"<p>A palavra adestramento refere-se \u00e0 a\u00e7\u00e3o e ao efeito de adestrar. Este verbo, por sua vez, faz alus\u00e3o ao ato de endireitar, instruir, ensinar, disciplinar, tornar capaz de fazer algo, fazer obedecer;<br \/>\nTodas as palavras t\u00eam algo em comum: ensinar atrav\u00e9s da disciplina e do treino;<br \/>\nO adestramento \u00e9 um meio, uma forma de treinamento, na qual o propriet\u00e1rio prepara seu companheiro para atender determinadas ordens (comandos) com um objetivo final, que pode ser a simples obedi\u00eancia, o trabalho de guarda, truques e a conviv\u00eancia em sociedade.<\/p>","protected":false},"author":1,"featured_media":0,"parent":0,"menu_order":2,"comment_status":"closed","ping_status":"closed","template":"templates\/full-width-page.php","meta":{"_eb_attr":"","footnotes":""},"tags":[2],"class_list":["post-162","page","type-page","status-publish","hentry","tag-adestramento-campinas-caes-educacaocanina-pisicologiacanina-treinopositivo-treino-lovedogs-cinofilia","without-featured-image"],"jetpack_sharing_enabled":true,"jetpack_shortlink":"https:\/\/wp.me\/Pa0xBY-2C","_links":{"self":[{"href":"https:\/\/www.alelu.com.br\/en\/wp-json\/wp\/v2\/pages\/162","targetHints":{"allow":["GET"]}}],"collection":[{"href":"https:\/\/www.alelu.com.br\/en\/wp-json\/wp\/v2\/pages"}],"about":[{"href":"https:\/\/www.alelu.com.br\/en\/wp-json\/wp\/v2\/types\/page"}],"author":[{"embeddable":true,"href":"https:\/\/www.alelu.com.br\/en\/wp-json\/wp\/v2\/users\/1"}],"replies":[{"embeddable":true,"href":"https:\/\/www.alelu.com.br\/en\/wp-json\/wp\/v2\/comments?post=162"}],"version-history":[{"count":134,"href":"https:\/\/www.alelu.com.br\/en\/wp-json\/wp\/v2\/pages\/162\/revisions"}],"predecessor-version":[{"id":14067,"href":"https:\/\/www.alelu.com.br\/en\/wp-json\/wp\/v2\/pages\/162\/revisions\/14067"}],"wp:attachment":[{"href":"https:\/\/www.alelu.com.br\/en\/wp-json\/wp\/v2\/media?parent=162"}],"wp:term":[{"taxonomy":"post_tag","embeddable":true,"href":"https:\/\/www.alelu.com.br\/en\/wp-json\/wp\/v2\/tags?post=162"}],"curies":[{"name":"wp","href":"https:\/\/api.w.org\/{rel}","templated":true}]}}